{"id":157171,"date":"2026-04-06T23:07:36","date_gmt":"2026-04-07T05:07:36","guid":{"rendered":"https:\/\/compuviper.mx\/tienda\/producto\/startech-com-privscnlt15-filtro-de-privacidad-para-laptop-de-15-6-protector-filtro-de-seguridad-para-pantalla-de-laptop-reduce-luz-azul-169-mod\/"},"modified":"2026-04-06T23:07:36","modified_gmt":"2026-04-07T05:07:36","slug":"startech-com-privscnlt15-filtro-de-privacidad-para-laptop-de-15-6-protector-filtro-de-seguridad-para-pantalla-de-laptop-reduce-luz-azul-169-mod","status":"publish","type":"product","link":"https:\/\/compuviper.mx\/tienda\/producto\/startech-com-privscnlt15-filtro-de-privacidad-para-laptop-de-15-6-protector-filtro-de-seguridad-para-pantalla-de-laptop-reduce-luz-azul-169-mod\/","title":{"rendered":"Startech.com Privscnlt15 Filtro De Privacidad Para Laptop De 15.6 &#8211; Protector Filtro De Seguridad Para Pantalla De Laptop &#8211; Reduce Luz Azul 169 &#8211;  Mod."},"content":{"rendered":"<table class=\"descripcion\">\n<tr>\n<td>Opciones de montaje: front of monitor<\/td>\n<\/tr>\n<tr>\n<td>Altura del producto: 213.000 mm<\/td>\n<\/tr>\n<tr>\n<td>Peso del producto: 52.000 g<\/td>\n<\/tr>\n<tr>\n<td>Ancho del producto: 2.000 mm<\/td>\n<\/tr>\n<tr>\n<td>Longitud del producto: 355.000 mm<\/td>\n<\/tr>\n<tr>\n<td>Color: transparente<\/td>\n<\/tr>\n<tr>\n<td>Tipo de gabinete: plastico<\/td>\n<\/tr>\n<\/table>\n","protected":false},"excerpt":{"rendered":"<p>El filtro de privacidad de la laptop se puede instalar y desinstalar facilmente. Solo tiene que colocar las tiras magneticas adhesivas al marco de su pantalla y luego alinear el filtro con las tiras. Este filtro oscuro de privacidad tambien es reversible. La cara mate elimina los reflejos y la cara brillante aumenta la claridad. El filtro de privacidad para laptop se puede instalar y desinstalar facilmente. Solo tiene que colocar las tiras magneticas adhesivas al marco de su pantalla y luego alinear el filtro de privacidad con las tiras. Este filtro oscuro de privacidad tambien es reversible. La cara mate elimina los reflejos y la cara brillante aumenta la claridad. Para que su laptop cambie a modo de suspension, es necesario quitar el filtro de privacidad. Se incluye una funda protectora para evitar danos en el filtro cuando no se utilice. El filtro de privacidad se puede limpiar muy facilmente al retirarlo de la pantalla de la laptop.<\/p>\n","protected":false},"featured_media":164025,"comment_status":"open","ping_status":"open","template":"","meta":[],"product_cat":[1485,2026],"product_tag":[1590],"acf":[],"yoast_head":"<!-- This site is optimized with the Yoast SEO plugin v21.7 - https:\/\/yoast.com\/wordpress\/plugins\/seo\/ -->\n<title>[ Startech.com ] &#129351; Privscnlt15 Filtro De Privacidad Para Laptop De 15.6 - Protector Filtro De Seguridad Para Pantalla De Laptop - Reduce Luz Azul 169 - Mod.<\/title>\n<meta name=\"description\" content=\"Compra Privscnlt15 Filtro De Privacidad Para Laptop De 15.6 - Protector Filtro De Seguridad Para Pantalla De Laptop - Reduce Luz Azul 169 - Mod. + Env\u00edo a domicilio + Pago seguro + Garant\u00eda\" \/>\n<meta name=\"robots\" content=\"index, follow, max-snippet:-1, max-image-preview:large, max-video-preview:-1\" \/>\n<link rel=\"canonical\" href=\"https:\/\/compuviper.mx\/tienda\/producto\/startech-com-privscnlt15-filtro-de-privacidad-para-laptop-de-15-6-protector-filtro-de-seguridad-para-pantalla-de-laptop-reduce-luz-azul-169-mod\/\" \/>\n<meta property=\"og:locale\" content=\"es_MX\" \/>\n<meta property=\"og:type\" content=\"article\" \/>\n<meta property=\"og:title\" content=\"[ Startech.com ] &#129351; Privscnlt15 Filtro De Privacidad Para Laptop De 15.6 - Protector Filtro De Seguridad Para Pantalla De Laptop - Reduce Luz Azul 169 - Mod.\" \/>\n<meta property=\"og:description\" content=\"Compra Privscnlt15 Filtro De Privacidad Para Laptop De 15.6 - Protector Filtro De Seguridad Para Pantalla De Laptop - Reduce Luz Azul 169 - Mod. + Env\u00edo a domicilio + Pago seguro + Garant\u00eda\" \/>\n<meta property=\"og:url\" content=\"https:\/\/compuviper.mx\/tienda\/producto\/startech-com-privscnlt15-filtro-de-privacidad-para-laptop-de-15-6-protector-filtro-de-seguridad-para-pantalla-de-laptop-reduce-luz-azul-169-mod\/\" \/>\n<meta property=\"og:site_name\" content=\"Compuviper\" \/>\n<meta property=\"article:publisher\" content=\"https:\/\/www.facebook.com\/compuviper\" \/>\n<meta property=\"og:image\" content=\"https:\/\/compuviper.mx\/tienda\/wp-content\/uploads\/2023\/02\/Filtro-de-privacidad-para-laptop-de-15.6-protector-filtro-de-seguridad-para-pantalla-de-laptop-reduce-luz-azul-169-startech.com-mod.-privscnlt15.jpg\" \/>\n\t<meta property=\"og:image:width\" content=\"200\" \/>\n\t<meta property=\"og:image:height\" content=\"200\" \/>\n\t<meta property=\"og:image:type\" content=\"image\/jpeg\" \/>\n<meta name=\"twitter:card\" content=\"summary_large_image\" \/>\n<meta name=\"twitter:label1\" content=\"Precio\" \/>\n\t<meta name=\"twitter:data1\" content=\"&#36;922 con IVA\" \/>\n\t<meta name=\"twitter:label2\" content=\"Availability\" \/>\n\t<meta name=\"twitter:data2\" content=\"In stock\" \/>\n<script type=\"application\/ld+json\" class=\"yoast-schema-graph\">{\"@context\":\"https:\/\/schema.org\",\"@graph\":[{\"@type\":\"WebPage\",\"@id\":\"https:\/\/compuviper.mx\/tienda\/producto\/startech-com-privscnlt15-filtro-de-privacidad-para-laptop-de-15-6-protector-filtro-de-seguridad-para-pantalla-de-laptop-reduce-luz-azul-169-mod\/\",\"url\":\"https:\/\/compuviper.mx\/tienda\/producto\/startech-com-privscnlt15-filtro-de-privacidad-para-laptop-de-15-6-protector-filtro-de-seguridad-para-pantalla-de-laptop-reduce-luz-azul-169-mod\/\",\"name\":\"[ Startech.com ] &#129351; Privscnlt15 Filtro De Privacidad Para Laptop De 15.6 - Protector Filtro De Seguridad Para Pantalla De Laptop - Reduce Luz Azul 169 - Mod.\",\"isPartOf\":{\"@id\":\"https:\/\/compuviper.mx\/tienda\/#website\"},\"datePublished\":\"2026-04-07T05:07:36+00:00\",\"dateModified\":\"2026-04-07T05:07:36+00:00\",\"description\":\"Compra Privscnlt15 Filtro De Privacidad Para Laptop De 15.6 - Protector Filtro De Seguridad Para Pantalla De Laptop - Reduce Luz Azul 169 - Mod. + Env\u00edo a domicilio + Pago seguro + Garant\u00eda\",\"breadcrumb\":{\"@id\":\"https:\/\/compuviper.mx\/tienda\/producto\/startech-com-privscnlt15-filtro-de-privacidad-para-laptop-de-15-6-protector-filtro-de-seguridad-para-pantalla-de-laptop-reduce-luz-azul-169-mod\/#breadcrumb\"},\"inLanguage\":\"es-MX\",\"potentialAction\":[{\"@type\":\"ReadAction\",\"target\":[\"https:\/\/compuviper.mx\/tienda\/producto\/startech-com-privscnlt15-filtro-de-privacidad-para-laptop-de-15-6-protector-filtro-de-seguridad-para-pantalla-de-laptop-reduce-luz-azul-169-mod\/\"]}]},{\"@type\":\"BreadcrumbList\",\"@id\":\"https:\/\/compuviper.mx\/tienda\/producto\/startech-com-privscnlt15-filtro-de-privacidad-para-laptop-de-15-6-protector-filtro-de-seguridad-para-pantalla-de-laptop-reduce-luz-azul-169-mod\/#breadcrumb\",\"itemListElement\":[{\"@type\":\"ListItem\",\"position\":1,\"name\":\"Inicio\",\"item\":\"https:\/\/compuviper.mx\/tienda\/\"},{\"@type\":\"ListItem\",\"position\":2,\"name\":\"Productos\",\"item\":\"https:\/\/compuviper.mx\/tienda\/productos\/\"},{\"@type\":\"ListItem\",\"position\":3,\"name\":\"Accesorios\",\"item\":\"https:\/\/compuviper.mx\/tienda\/categoria-producto\/accesorios\/\"},{\"@type\":\"ListItem\",\"position\":4,\"name\":\"Filtros\",\"item\":\"https:\/\/compuviper.mx\/tienda\/categoria-producto\/accesorios\/filtros\/\"},{\"@type\":\"ListItem\",\"position\":5,\"name\":\"Startech.com Privscnlt15 Filtro De Privacidad Para Laptop De 15.6 &#8211; Protector Filtro De Seguridad Para Pantalla De Laptop &#8211; Reduce Luz Azul 169 &#8211; Mod.\"}]},{\"@type\":\"WebSite\",\"@id\":\"https:\/\/compuviper.mx\/tienda\/#website\",\"url\":\"https:\/\/compuviper.mx\/tienda\/\",\"name\":\"Compuviper\",\"description\":\"Proveedor de Computadoras, Laptops, Servidores, Monitores, Puntos de Venta, Teclados,   Impresoras, T\u00f3ner, C\u00e1maras de Seguridad y m\u00e1s en tu tienda en l\u00ednea\",\"publisher\":{\"@id\":\"https:\/\/compuviper.mx\/tienda\/#organization\"},\"potentialAction\":[{\"@type\":\"SearchAction\",\"target\":{\"@type\":\"EntryPoint\",\"urlTemplate\":\"https:\/\/compuviper.mx\/tienda\/?s={search_term_string}\"},\"query-input\":\"required name=search_term_string\"}],\"inLanguage\":\"es-MX\"},{\"@type\":\"Organization\",\"@id\":\"https:\/\/compuviper.mx\/tienda\/#organization\",\"name\":\"Compuviper\",\"url\":\"https:\/\/compuviper.mx\/tienda\/\",\"logo\":{\"@type\":\"ImageObject\",\"inLanguage\":\"es-MX\",\"@id\":\"https:\/\/compuviper.mx\/tienda\/#\/schema\/logo\/image\/\",\"url\":\"https:\/\/compuviper.mx\/tienda\/wp-content\/uploads\/2021\/08\/Logo-Compuviper-10.png\",\"contentUrl\":\"https:\/\/compuviper.mx\/tienda\/wp-content\/uploads\/2021\/08\/Logo-Compuviper-10.png\",\"width\":1000,\"height\":500,\"caption\":\"Compuviper\"},\"image\":{\"@id\":\"https:\/\/compuviper.mx\/tienda\/#\/schema\/logo\/image\/\"},\"sameAs\":[\"https:\/\/www.facebook.com\/compuviper\",\"https:\/\/www.youtube.com\/channel\/UCf73dERp9Y3cfOq7q8BhLjA?view_as=subscriber\"]}]}<\/script>\n<meta property=\"product:brand\" content=\"STARTECH.COM\" \/>\n<meta property=\"product:price:amount\" content=\"922\" \/>\n<meta property=\"product:price:currency\" content=\"MXN\" \/>\n<meta property=\"og:availability\" content=\"instock\" \/>\n<meta property=\"product:availability\" content=\"instock\" \/>\n<meta property=\"product:retailer_item_id\" content=\"PRIVSCNLT15\" \/>\n<meta property=\"product:condition\" content=\"new\" \/>\n<!-- \/ Yoast SEO plugin. -->","yoast_head_json":{"title":"[ Startech.com ] &#129351; Privscnlt15 Filtro De Privacidad Para Laptop De 15.6 - Protector Filtro De Seguridad Para Pantalla De Laptop - Reduce Luz Azul 169 - Mod.","description":"Compra Privscnlt15 Filtro De Privacidad Para Laptop De 15.6 - Protector Filtro De Seguridad Para Pantalla De Laptop - Reduce Luz Azul 169 - Mod. + Env\u00edo a domicilio + Pago seguro + Garant\u00eda","robots":{"index":"index","follow":"follow","max-snippet":"max-snippet:-1","max-image-preview":"max-image-preview:large","max-video-preview":"max-video-preview:-1"},"canonical":"https:\/\/compuviper.mx\/tienda\/producto\/startech-com-privscnlt15-filtro-de-privacidad-para-laptop-de-15-6-protector-filtro-de-seguridad-para-pantalla-de-laptop-reduce-luz-azul-169-mod\/","og_locale":"es_MX","og_type":"article","og_title":"[ Startech.com ] &#129351; Privscnlt15 Filtro De Privacidad Para Laptop De 15.6 - Protector Filtro De Seguridad Para Pantalla De Laptop - Reduce Luz Azul 169 - Mod.","og_description":"Compra Privscnlt15 Filtro De Privacidad Para Laptop De 15.6 - Protector Filtro De Seguridad Para Pantalla De Laptop - Reduce Luz Azul 169 - Mod. + Env\u00edo a domicilio + Pago seguro + Garant\u00eda","og_url":"https:\/\/compuviper.mx\/tienda\/producto\/startech-com-privscnlt15-filtro-de-privacidad-para-laptop-de-15-6-protector-filtro-de-seguridad-para-pantalla-de-laptop-reduce-luz-azul-169-mod\/","og_site_name":"Compuviper","article_publisher":"https:\/\/www.facebook.com\/compuviper","og_image":[{"width":200,"height":200,"url":"https:\/\/compuviper.mx\/tienda\/wp-content\/uploads\/2023\/02\/Filtro-de-privacidad-para-laptop-de-15.6-protector-filtro-de-seguridad-para-pantalla-de-laptop-reduce-luz-azul-169-startech.com-mod.-privscnlt15.jpg","type":"image\/jpeg"}],"twitter_card":"summary_large_image","twitter_misc":{"Precio":"&#36;922 con IVA","Availability":"In stock"},"schema":{"@context":"https:\/\/schema.org","@graph":[{"@type":"WebPage","@id":"https:\/\/compuviper.mx\/tienda\/producto\/startech-com-privscnlt15-filtro-de-privacidad-para-laptop-de-15-6-protector-filtro-de-seguridad-para-pantalla-de-laptop-reduce-luz-azul-169-mod\/","url":"https:\/\/compuviper.mx\/tienda\/producto\/startech-com-privscnlt15-filtro-de-privacidad-para-laptop-de-15-6-protector-filtro-de-seguridad-para-pantalla-de-laptop-reduce-luz-azul-169-mod\/","name":"[ Startech.com ] &#129351; Privscnlt15 Filtro De Privacidad Para Laptop De 15.6 - Protector Filtro De Seguridad Para Pantalla De Laptop - Reduce Luz Azul 169 - Mod.","isPartOf":{"@id":"https:\/\/compuviper.mx\/tienda\/#website"},"datePublished":"2026-04-07T05:07:36+00:00","dateModified":"2026-04-07T05:07:36+00:00","description":"Compra Privscnlt15 Filtro De Privacidad Para Laptop De 15.6 - Protector Filtro De Seguridad Para Pantalla De Laptop - Reduce Luz Azul 169 - Mod. + Env\u00edo a domicilio + Pago seguro + Garant\u00eda","breadcrumb":{"@id":"https:\/\/compuviper.mx\/tienda\/producto\/startech-com-privscnlt15-filtro-de-privacidad-para-laptop-de-15-6-protector-filtro-de-seguridad-para-pantalla-de-laptop-reduce-luz-azul-169-mod\/#breadcrumb"},"inLanguage":"es-MX","potentialAction":[{"@type":"ReadAction","target":["https:\/\/compuviper.mx\/tienda\/producto\/startech-com-privscnlt15-filtro-de-privacidad-para-laptop-de-15-6-protector-filtro-de-seguridad-para-pantalla-de-laptop-reduce-luz-azul-169-mod\/"]}]},{"@type":"BreadcrumbList","@id":"https:\/\/compuviper.mx\/tienda\/producto\/startech-com-privscnlt15-filtro-de-privacidad-para-laptop-de-15-6-protector-filtro-de-seguridad-para-pantalla-de-laptop-reduce-luz-azul-169-mod\/#breadcrumb","itemListElement":[{"@type":"ListItem","position":1,"name":"Inicio","item":"https:\/\/compuviper.mx\/tienda\/"},{"@type":"ListItem","position":2,"name":"Productos","item":"https:\/\/compuviper.mx\/tienda\/productos\/"},{"@type":"ListItem","position":3,"name":"Accesorios","item":"https:\/\/compuviper.mx\/tienda\/categoria-producto\/accesorios\/"},{"@type":"ListItem","position":4,"name":"Filtros","item":"https:\/\/compuviper.mx\/tienda\/categoria-producto\/accesorios\/filtros\/"},{"@type":"ListItem","position":5,"name":"Startech.com Privscnlt15 Filtro De Privacidad Para Laptop De 15.6 &#8211; Protector Filtro De Seguridad Para Pantalla De Laptop &#8211; Reduce Luz Azul 169 &#8211; Mod."}]},{"@type":"WebSite","@id":"https:\/\/compuviper.mx\/tienda\/#website","url":"https:\/\/compuviper.mx\/tienda\/","name":"Compuviper","description":"Proveedor de Computadoras, Laptops, Servidores, Monitores, Puntos de Venta, Teclados,   Impresoras, T\u00f3ner, C\u00e1maras de Seguridad y m\u00e1s en tu tienda en l\u00ednea","publisher":{"@id":"https:\/\/compuviper.mx\/tienda\/#organization"},"potentialAction":[{"@type":"SearchAction","target":{"@type":"EntryPoint","urlTemplate":"https:\/\/compuviper.mx\/tienda\/?s={search_term_string}"},"query-input":"required name=search_term_string"}],"inLanguage":"es-MX"},{"@type":"Organization","@id":"https:\/\/compuviper.mx\/tienda\/#organization","name":"Compuviper","url":"https:\/\/compuviper.mx\/tienda\/","logo":{"@type":"ImageObject","inLanguage":"es-MX","@id":"https:\/\/compuviper.mx\/tienda\/#\/schema\/logo\/image\/","url":"https:\/\/compuviper.mx\/tienda\/wp-content\/uploads\/2021\/08\/Logo-Compuviper-10.png","contentUrl":"https:\/\/compuviper.mx\/tienda\/wp-content\/uploads\/2021\/08\/Logo-Compuviper-10.png","width":1000,"height":500,"caption":"Compuviper"},"image":{"@id":"https:\/\/compuviper.mx\/tienda\/#\/schema\/logo\/image\/"},"sameAs":["https:\/\/www.facebook.com\/compuviper","https:\/\/www.youtube.com\/channel\/UCf73dERp9Y3cfOq7q8BhLjA?view_as=subscriber"]}]},"product_brand":"STARTECH.COM","product_price_amount":"922","product_price_currency":"MXN","og_availability":"instock","product_availability":"instock","product_retailer_item_id":"PRIVSCNLT15","product_condition":"new"},"_links":{"self":[{"href":"https:\/\/compuviper.mx\/tienda\/wp-json\/wp\/v2\/product\/157171"}],"collection":[{"href":"https:\/\/compuviper.mx\/tienda\/wp-json\/wp\/v2\/product"}],"about":[{"href":"https:\/\/compuviper.mx\/tienda\/wp-json\/wp\/v2\/types\/product"}],"replies":[{"embeddable":true,"href":"https:\/\/compuviper.mx\/tienda\/wp-json\/wp\/v2\/comments?post=157171"}],"wp:featuredmedia":[{"embeddable":true,"href":"https:\/\/compuviper.mx\/tienda\/wp-json\/wp\/v2\/media\/164025"}],"wp:attachment":[{"href":"https:\/\/compuviper.mx\/tienda\/wp-json\/wp\/v2\/media?parent=157171"}],"wp:term":[{"taxonomy":"product_cat","embeddable":true,"href":"https:\/\/compuviper.mx\/tienda\/wp-json\/wp\/v2\/product_cat?post=157171"},{"taxonomy":"product_tag","embeddable":true,"href":"https:\/\/compuviper.mx\/tienda\/wp-json\/wp\/v2\/product_tag?post=157171"}],"curies":[{"name":"wp","href":"https:\/\/api.w.org\/{rel}","templated":true}]}}