{"id":157169,"date":"2026-04-28T23:07:46","date_gmt":"2026-04-29T05:07:46","guid":{"rendered":"https:\/\/compuviper.mx\/tienda\/producto\/startech-com-sfp10gsrsst-sfp-compatible-cisco-sfp-10g-sr-s-10gbase-sr-fibra-multimodo-10gb-lc-300m-850nm-cisco-firepower-asr9000-c9300-ddm-mod\/"},"modified":"2026-04-28T23:07:46","modified_gmt":"2026-04-29T05:07:46","slug":"startech-com-sfp10gsrsst-modulo-transceptor-sfp-compatible-cisco-sfp-10g-sr-s-10gbase-sr-fibra-multimodo-10gb-lc-300m-850nm-cisco-firepower-asr9000-c9300-ddm-mod","status":"publish","type":"product","link":"https:\/\/compuviper.mx\/tienda\/producto\/startech-com-sfp10gsrsst-modulo-transceptor-sfp-compatible-cisco-sfp-10g-sr-s-10gbase-sr-fibra-multimodo-10gb-lc-300m-850nm-cisco-firepower-asr9000-c9300-ddm-mod\/","title":{"rendered":"Startech.com Sfp10gsrsst Modulo Transceptor Sfp Compatible Cisco Sfp-10g-sr-s &#8211; 10gbase-sr &#8211; Fibra Multimodo 10gb &#8211; Lc 300m 850nm &#8211; Cisco Firepower, Asr9000, C9300 Ddm &#8211;  Mod."},"content":{"rendered":"<table class=\"descripcion\">\n<tr>\n<td>Wdm: no<\/td>\n<\/tr>\n<tr>\n<td>Consumo de energia:   1.3 w watts<\/td>\n<\/tr>\n<tr>\n<td>Estandares industriales: ieee 802.3ae  10gbase-sr<\/td>\n<\/tr>\n<tr>\n<td>Distancia maxima de transferencia: 300 m (984 ft)<\/td>\n<\/tr>\n<tr>\n<td>Compatible brand: cisco<\/td>\n<\/tr>\n<tr>\n<td>Ddm: si<\/td>\n<\/tr>\n<tr>\n<td>Tipo de fibra: multimodo<\/td>\n<\/tr>\n<tr>\n<td>Nota: para uso con equipos de red de 10 gigabit por fibra optica y conversores de medios<\/td>\n<\/tr>\n<tr>\n<td>Conectores de la unidad local: 1 duplex de fibra optica lc<\/td>\n<\/tr>\n<tr>\n<td>Color: plata<\/td>\n<\/tr>\n<tr>\n<td>Ancho del producto: 13.900 mm<\/td>\n<\/tr>\n<tr>\n<td>Peso del producto: 19.000 g<\/td>\n<\/tr>\n<tr>\n<td>Tasa de transferencia de datos maxima: 10 gbps<\/td>\n<\/tr>\n<tr>\n<td>Longitud de onda: 850nm<\/td>\n<\/tr>\n<tr>\n<td>Longitud del producto: 58.400 mm<\/td>\n<\/tr>\n<tr>\n<td>Modo de operacion de fibra: full-duplex<\/td>\n<\/tr>\n<tr>\n<td>Altura del producto: 12.600 mm<\/td>\n<\/tr>\n<tr>\n<td>Redes compatibles: 10 gbps<\/td>\n<\/tr>\n<tr>\n<td>Mtbf: 1.967.709 horas h<\/td>\n<\/tr>\n<\/table>\n","protected":false},"excerpt":{"rendered":"<p>Este modulo sfp+ de 10 gigabits por fibra optica de startech.Com ha sido disenado para proporcionar conexiones en red fiables. Creado segun especificaciones precisas y sometido en su totalidad a pruebas para garantizar el maximo rendimiento, este modulo de transceptor por fibra optica de alta calidad se puede instalar en conmutadores y enrutadores cisco\u00ae compatibles con el modulo transceptor sfp+ sfp-10g-sr-s de cisco, asi como de otras marcas principales de fabricantes de equipos de redes.\u00a0 este modulo\u00a0sfp+ 10gbase-sr ofrece\u00a0conectividad de 10 gigabits\u00a0a traves de cable de fibra optica\u00a0multimodo, en un rango de hasta 300m.\u00a0es una forma economica y fiable de agregar, reemplazar o actualizar los puertos de su equipo de red. Disenado para un rendimiento confiable en red este transceptor sfp+ de 10gbe ha sido fabricado para cumplir o sobrepasar las especificaciones de los fabricantes de equipos originales (oem) y las normas industriales msa.<\/p>\n","protected":false},"featured_media":164024,"comment_status":"open","ping_status":"open","template":"","meta":[],"product_cat":[1485,1523],"product_tag":[1590],"acf":[],"yoast_head":"<!-- This site is optimized with the Yoast SEO plugin v21.7 - https:\/\/yoast.com\/wordpress\/plugins\/seo\/ -->\n<title>[ Startech.com ] &#129351; Sfp10gsrsst Modulo Transceptor Sfp Compatible Cisco Sfp-10g-sr-s - 10gbase-sr - Fibra Multimodo 10gb - Lc 300m 850nm - Cisco Firepower, Asr9000, C9300 Ddm - Mod.<\/title>\n<meta name=\"description\" content=\"Compra Sfp10gsrsst Modulo Transceptor Sfp Compatible Cisco Sfp-10g-sr-s - 10gbase-sr - Fibra Multimodo 10gb - Lc 300m 850nm - Cisco Firepower, Asr9000, C9300 Ddm - Mod. + Env\u00edo a domicilio + Pago seguro + Garant\u00eda\" \/>\n<meta name=\"robots\" content=\"index, follow, max-snippet:-1, max-image-preview:large, max-video-preview:-1\" \/>\n<link rel=\"canonical\" href=\"https:\/\/compuviper.mx\/tienda\/producto\/startech-com-sfp10gsrsst-modulo-transceptor-sfp-compatible-cisco-sfp-10g-sr-s-10gbase-sr-fibra-multimodo-10gb-lc-300m-850nm-cisco-firepower-asr9000-c9300-ddm-mod\/\" \/>\n<meta property=\"og:locale\" content=\"es_MX\" \/>\n<meta property=\"og:type\" content=\"article\" \/>\n<meta property=\"og:title\" content=\"[ Startech.com ] &#129351; Sfp10gsrsst Modulo Transceptor Sfp Compatible Cisco Sfp-10g-sr-s - 10gbase-sr - Fibra Multimodo 10gb - Lc 300m 850nm - Cisco Firepower, Asr9000, C9300 Ddm - Mod.\" \/>\n<meta property=\"og:description\" content=\"Compra Sfp10gsrsst Modulo Transceptor Sfp Compatible Cisco Sfp-10g-sr-s - 10gbase-sr - Fibra Multimodo 10gb - Lc 300m 850nm - Cisco Firepower, Asr9000, C9300 Ddm - Mod. + Env\u00edo a domicilio + Pago seguro + Garant\u00eda\" \/>\n<meta property=\"og:url\" content=\"https:\/\/compuviper.mx\/tienda\/producto\/startech-com-sfp10gsrsst-modulo-transceptor-sfp-compatible-cisco-sfp-10g-sr-s-10gbase-sr-fibra-multimodo-10gb-lc-300m-850nm-cisco-firepower-asr9000-c9300-ddm-mod\/\" \/>\n<meta property=\"og:site_name\" content=\"Compuviper\" \/>\n<meta property=\"article:publisher\" content=\"https:\/\/www.facebook.com\/compuviper\" \/>\n<meta property=\"og:image\" content=\"https:\/\/compuviper.mx\/tienda\/wp-content\/uploads\/2023\/02\/Sfp-compatible-cisco-sfp-10g-sr-s-10gbase-sr-fibra-multimodo-10gb-lc-300m-850nm-cisco-firepower-asr9000-c9300-ddm-startech.com-mod.-sfp10gsrsst.jpg\" \/>\n\t<meta property=\"og:image:width\" content=\"200\" \/>\n\t<meta property=\"og:image:height\" content=\"200\" \/>\n\t<meta property=\"og:image:type\" content=\"image\/jpeg\" \/>\n<meta name=\"twitter:card\" content=\"summary_large_image\" \/>\n<meta name=\"twitter:label1\" content=\"Precio\" \/>\n\t<meta name=\"twitter:data1\" content=\"&#36;961 con IVA\" \/>\n\t<meta name=\"twitter:label2\" content=\"Availability\" \/>\n\t<meta name=\"twitter:data2\" content=\"Out of stock\" \/>\n<script type=\"application\/ld+json\" class=\"yoast-schema-graph\">{\"@context\":\"https:\/\/schema.org\",\"@graph\":[{\"@type\":\"WebPage\",\"@id\":\"https:\/\/compuviper.mx\/tienda\/producto\/startech-com-sfp10gsrsst-modulo-transceptor-sfp-compatible-cisco-sfp-10g-sr-s-10gbase-sr-fibra-multimodo-10gb-lc-300m-850nm-cisco-firepower-asr9000-c9300-ddm-mod\/\",\"url\":\"https:\/\/compuviper.mx\/tienda\/producto\/startech-com-sfp10gsrsst-modulo-transceptor-sfp-compatible-cisco-sfp-10g-sr-s-10gbase-sr-fibra-multimodo-10gb-lc-300m-850nm-cisco-firepower-asr9000-c9300-ddm-mod\/\",\"name\":\"[ Startech.com ] &#129351; Sfp10gsrsst Modulo Transceptor Sfp Compatible Cisco Sfp-10g-sr-s - 10gbase-sr - Fibra Multimodo 10gb - Lc 300m 850nm - Cisco Firepower, Asr9000, C9300 Ddm - Mod.\",\"isPartOf\":{\"@id\":\"https:\/\/compuviper.mx\/tienda\/#website\"},\"datePublished\":\"2026-04-29T05:07:46+00:00\",\"dateModified\":\"2026-04-29T05:07:46+00:00\",\"description\":\"Compra Sfp10gsrsst Modulo Transceptor Sfp Compatible Cisco Sfp-10g-sr-s - 10gbase-sr - Fibra Multimodo 10gb - Lc 300m 850nm - Cisco Firepower, Asr9000, C9300 Ddm - Mod. + Env\u00edo a domicilio + Pago seguro + Garant\u00eda\",\"breadcrumb\":{\"@id\":\"https:\/\/compuviper.mx\/tienda\/producto\/startech-com-sfp10gsrsst-modulo-transceptor-sfp-compatible-cisco-sfp-10g-sr-s-10gbase-sr-fibra-multimodo-10gb-lc-300m-850nm-cisco-firepower-asr9000-c9300-ddm-mod\/#breadcrumb\"},\"inLanguage\":\"es-MX\",\"potentialAction\":[{\"@type\":\"ReadAction\",\"target\":[\"https:\/\/compuviper.mx\/tienda\/producto\/startech-com-sfp10gsrsst-modulo-transceptor-sfp-compatible-cisco-sfp-10g-sr-s-10gbase-sr-fibra-multimodo-10gb-lc-300m-850nm-cisco-firepower-asr9000-c9300-ddm-mod\/\"]}]},{\"@type\":\"BreadcrumbList\",\"@id\":\"https:\/\/compuviper.mx\/tienda\/producto\/startech-com-sfp10gsrsst-modulo-transceptor-sfp-compatible-cisco-sfp-10g-sr-s-10gbase-sr-fibra-multimodo-10gb-lc-300m-850nm-cisco-firepower-asr9000-c9300-ddm-mod\/#breadcrumb\",\"itemListElement\":[{\"@type\":\"ListItem\",\"position\":1,\"name\":\"Inicio\",\"item\":\"https:\/\/compuviper.mx\/tienda\/\"},{\"@type\":\"ListItem\",\"position\":2,\"name\":\"Productos\",\"item\":\"https:\/\/compuviper.mx\/tienda\/productos\/\"},{\"@type\":\"ListItem\",\"position\":3,\"name\":\"Accesorios\",\"item\":\"https:\/\/compuviper.mx\/tienda\/categoria-producto\/accesorios\/\"},{\"@type\":\"ListItem\",\"position\":4,\"name\":\"Transceiver\",\"item\":\"https:\/\/compuviper.mx\/tienda\/categoria-producto\/accesorios\/transceiver\/\"},{\"@type\":\"ListItem\",\"position\":5,\"name\":\"Startech.com Sfp10gsrsst Modulo Transceptor Sfp Compatible Cisco Sfp-10g-sr-s &#8211; 10gbase-sr &#8211; Fibra Multimodo 10gb &#8211; Lc 300m 850nm &#8211; Cisco Firepower, Asr9000, C9300 Ddm &#8211; Mod.\"}]},{\"@type\":\"WebSite\",\"@id\":\"https:\/\/compuviper.mx\/tienda\/#website\",\"url\":\"https:\/\/compuviper.mx\/tienda\/\",\"name\":\"Compuviper\",\"description\":\"Proveedor de Computadoras, Laptops, Servidores, Monitores, Puntos de Venta, Teclados,   Impresoras, T\u00f3ner, C\u00e1maras de Seguridad y m\u00e1s en tu tienda en l\u00ednea\",\"publisher\":{\"@id\":\"https:\/\/compuviper.mx\/tienda\/#organization\"},\"potentialAction\":[{\"@type\":\"SearchAction\",\"target\":{\"@type\":\"EntryPoint\",\"urlTemplate\":\"https:\/\/compuviper.mx\/tienda\/?s={search_term_string}\"},\"query-input\":\"required name=search_term_string\"}],\"inLanguage\":\"es-MX\"},{\"@type\":\"Organization\",\"@id\":\"https:\/\/compuviper.mx\/tienda\/#organization\",\"name\":\"Compuviper\",\"url\":\"https:\/\/compuviper.mx\/tienda\/\",\"logo\":{\"@type\":\"ImageObject\",\"inLanguage\":\"es-MX\",\"@id\":\"https:\/\/compuviper.mx\/tienda\/#\/schema\/logo\/image\/\",\"url\":\"https:\/\/compuviper.mx\/tienda\/wp-content\/uploads\/2021\/08\/Logo-Compuviper-10.png\",\"contentUrl\":\"https:\/\/compuviper.mx\/tienda\/wp-content\/uploads\/2021\/08\/Logo-Compuviper-10.png\",\"width\":1000,\"height\":500,\"caption\":\"Compuviper\"},\"image\":{\"@id\":\"https:\/\/compuviper.mx\/tienda\/#\/schema\/logo\/image\/\"},\"sameAs\":[\"https:\/\/www.facebook.com\/compuviper\",\"https:\/\/www.youtube.com\/channel\/UCf73dERp9Y3cfOq7q8BhLjA?view_as=subscriber\"]}]}<\/script>\n<meta property=\"product:brand\" content=\"STARTECH.COM\" \/>\n<meta property=\"product:price:amount\" content=\"961\" \/>\n<meta property=\"product:price:currency\" content=\"MXN\" \/>\n<meta property=\"og:availability\" content=\"out of stock\" \/>\n<meta property=\"product:availability\" content=\"out of stock\" \/>\n<meta property=\"product:retailer_item_id\" content=\"SFP10GSRSST\" \/>\n<meta property=\"product:condition\" content=\"new\" \/>\n<!-- \/ Yoast SEO plugin. -->","yoast_head_json":{"title":"[ Startech.com ] &#129351; Sfp10gsrsst Modulo Transceptor Sfp Compatible Cisco Sfp-10g-sr-s - 10gbase-sr - Fibra Multimodo 10gb - Lc 300m 850nm - Cisco Firepower, Asr9000, C9300 Ddm - Mod.","description":"Compra Sfp10gsrsst Modulo Transceptor Sfp Compatible Cisco Sfp-10g-sr-s - 10gbase-sr - Fibra Multimodo 10gb - Lc 300m 850nm - Cisco Firepower, Asr9000, C9300 Ddm - Mod. + Env\u00edo a domicilio + Pago seguro + Garant\u00eda","robots":{"index":"index","follow":"follow","max-snippet":"max-snippet:-1","max-image-preview":"max-image-preview:large","max-video-preview":"max-video-preview:-1"},"canonical":"https:\/\/compuviper.mx\/tienda\/producto\/startech-com-sfp10gsrsst-modulo-transceptor-sfp-compatible-cisco-sfp-10g-sr-s-10gbase-sr-fibra-multimodo-10gb-lc-300m-850nm-cisco-firepower-asr9000-c9300-ddm-mod\/","og_locale":"es_MX","og_type":"article","og_title":"[ Startech.com ] &#129351; Sfp10gsrsst Modulo Transceptor Sfp Compatible Cisco Sfp-10g-sr-s - 10gbase-sr - Fibra Multimodo 10gb - Lc 300m 850nm - Cisco Firepower, Asr9000, C9300 Ddm - Mod.","og_description":"Compra Sfp10gsrsst Modulo Transceptor Sfp Compatible Cisco Sfp-10g-sr-s - 10gbase-sr - Fibra Multimodo 10gb - Lc 300m 850nm - Cisco Firepower, Asr9000, C9300 Ddm - Mod. + Env\u00edo a domicilio + Pago seguro + Garant\u00eda","og_url":"https:\/\/compuviper.mx\/tienda\/producto\/startech-com-sfp10gsrsst-modulo-transceptor-sfp-compatible-cisco-sfp-10g-sr-s-10gbase-sr-fibra-multimodo-10gb-lc-300m-850nm-cisco-firepower-asr9000-c9300-ddm-mod\/","og_site_name":"Compuviper","article_publisher":"https:\/\/www.facebook.com\/compuviper","og_image":[{"width":200,"height":200,"url":"https:\/\/compuviper.mx\/tienda\/wp-content\/uploads\/2023\/02\/Sfp-compatible-cisco-sfp-10g-sr-s-10gbase-sr-fibra-multimodo-10gb-lc-300m-850nm-cisco-firepower-asr9000-c9300-ddm-startech.com-mod.-sfp10gsrsst.jpg","type":"image\/jpeg"}],"twitter_card":"summary_large_image","twitter_misc":{"Precio":"&#36;961 con IVA","Availability":"Out of stock"},"schema":{"@context":"https:\/\/schema.org","@graph":[{"@type":"WebPage","@id":"https:\/\/compuviper.mx\/tienda\/producto\/startech-com-sfp10gsrsst-modulo-transceptor-sfp-compatible-cisco-sfp-10g-sr-s-10gbase-sr-fibra-multimodo-10gb-lc-300m-850nm-cisco-firepower-asr9000-c9300-ddm-mod\/","url":"https:\/\/compuviper.mx\/tienda\/producto\/startech-com-sfp10gsrsst-modulo-transceptor-sfp-compatible-cisco-sfp-10g-sr-s-10gbase-sr-fibra-multimodo-10gb-lc-300m-850nm-cisco-firepower-asr9000-c9300-ddm-mod\/","name":"[ Startech.com ] &#129351; Sfp10gsrsst Modulo Transceptor Sfp Compatible Cisco Sfp-10g-sr-s - 10gbase-sr - Fibra Multimodo 10gb - Lc 300m 850nm - Cisco Firepower, Asr9000, C9300 Ddm - Mod.","isPartOf":{"@id":"https:\/\/compuviper.mx\/tienda\/#website"},"datePublished":"2026-04-29T05:07:46+00:00","dateModified":"2026-04-29T05:07:46+00:00","description":"Compra Sfp10gsrsst Modulo Transceptor Sfp Compatible Cisco Sfp-10g-sr-s - 10gbase-sr - Fibra Multimodo 10gb - Lc 300m 850nm - Cisco Firepower, Asr9000, C9300 Ddm - Mod. + Env\u00edo a domicilio + Pago seguro + Garant\u00eda","breadcrumb":{"@id":"https:\/\/compuviper.mx\/tienda\/producto\/startech-com-sfp10gsrsst-modulo-transceptor-sfp-compatible-cisco-sfp-10g-sr-s-10gbase-sr-fibra-multimodo-10gb-lc-300m-850nm-cisco-firepower-asr9000-c9300-ddm-mod\/#breadcrumb"},"inLanguage":"es-MX","potentialAction":[{"@type":"ReadAction","target":["https:\/\/compuviper.mx\/tienda\/producto\/startech-com-sfp10gsrsst-modulo-transceptor-sfp-compatible-cisco-sfp-10g-sr-s-10gbase-sr-fibra-multimodo-10gb-lc-300m-850nm-cisco-firepower-asr9000-c9300-ddm-mod\/"]}]},{"@type":"BreadcrumbList","@id":"https:\/\/compuviper.mx\/tienda\/producto\/startech-com-sfp10gsrsst-modulo-transceptor-sfp-compatible-cisco-sfp-10g-sr-s-10gbase-sr-fibra-multimodo-10gb-lc-300m-850nm-cisco-firepower-asr9000-c9300-ddm-mod\/#breadcrumb","itemListElement":[{"@type":"ListItem","position":1,"name":"Inicio","item":"https:\/\/compuviper.mx\/tienda\/"},{"@type":"ListItem","position":2,"name":"Productos","item":"https:\/\/compuviper.mx\/tienda\/productos\/"},{"@type":"ListItem","position":3,"name":"Accesorios","item":"https:\/\/compuviper.mx\/tienda\/categoria-producto\/accesorios\/"},{"@type":"ListItem","position":4,"name":"Transceiver","item":"https:\/\/compuviper.mx\/tienda\/categoria-producto\/accesorios\/transceiver\/"},{"@type":"ListItem","position":5,"name":"Startech.com Sfp10gsrsst Modulo Transceptor Sfp Compatible Cisco Sfp-10g-sr-s &#8211; 10gbase-sr &#8211; Fibra Multimodo 10gb &#8211; Lc 300m 850nm &#8211; Cisco Firepower, Asr9000, C9300 Ddm &#8211; Mod."}]},{"@type":"WebSite","@id":"https:\/\/compuviper.mx\/tienda\/#website","url":"https:\/\/compuviper.mx\/tienda\/","name":"Compuviper","description":"Proveedor de Computadoras, Laptops, Servidores, Monitores, Puntos de Venta, Teclados,   Impresoras, T\u00f3ner, C\u00e1maras de Seguridad y m\u00e1s en tu tienda en l\u00ednea","publisher":{"@id":"https:\/\/compuviper.mx\/tienda\/#organization"},"potentialAction":[{"@type":"SearchAction","target":{"@type":"EntryPoint","urlTemplate":"https:\/\/compuviper.mx\/tienda\/?s={search_term_string}"},"query-input":"required name=search_term_string"}],"inLanguage":"es-MX"},{"@type":"Organization","@id":"https:\/\/compuviper.mx\/tienda\/#organization","name":"Compuviper","url":"https:\/\/compuviper.mx\/tienda\/","logo":{"@type":"ImageObject","inLanguage":"es-MX","@id":"https:\/\/compuviper.mx\/tienda\/#\/schema\/logo\/image\/","url":"https:\/\/compuviper.mx\/tienda\/wp-content\/uploads\/2021\/08\/Logo-Compuviper-10.png","contentUrl":"https:\/\/compuviper.mx\/tienda\/wp-content\/uploads\/2021\/08\/Logo-Compuviper-10.png","width":1000,"height":500,"caption":"Compuviper"},"image":{"@id":"https:\/\/compuviper.mx\/tienda\/#\/schema\/logo\/image\/"},"sameAs":["https:\/\/www.facebook.com\/compuviper","https:\/\/www.youtube.com\/channel\/UCf73dERp9Y3cfOq7q8BhLjA?view_as=subscriber"]}]},"product_brand":"STARTECH.COM","product_price_amount":"961","product_price_currency":"MXN","og_availability":"out of stock","product_availability":"out of stock","product_retailer_item_id":"SFP10GSRSST","product_condition":"new"},"_links":{"self":[{"href":"https:\/\/compuviper.mx\/tienda\/wp-json\/wp\/v2\/product\/157169"}],"collection":[{"href":"https:\/\/compuviper.mx\/tienda\/wp-json\/wp\/v2\/product"}],"about":[{"href":"https:\/\/compuviper.mx\/tienda\/wp-json\/wp\/v2\/types\/product"}],"replies":[{"embeddable":true,"href":"https:\/\/compuviper.mx\/tienda\/wp-json\/wp\/v2\/comments?post=157169"}],"wp:featuredmedia":[{"embeddable":true,"href":"https:\/\/compuviper.mx\/tienda\/wp-json\/wp\/v2\/media\/164024"}],"wp:attachment":[{"href":"https:\/\/compuviper.mx\/tienda\/wp-json\/wp\/v2\/media?parent=157169"}],"wp:term":[{"taxonomy":"product_cat","embeddable":true,"href":"https:\/\/compuviper.mx\/tienda\/wp-json\/wp\/v2\/product_cat?post=157169"},{"taxonomy":"product_tag","embeddable":true,"href":"https:\/\/compuviper.mx\/tienda\/wp-json\/wp\/v2\/product_tag?post=157169"}],"curies":[{"name":"wp","href":"https:\/\/api.w.org\/{rel}","templated":true}]}}