{"id":157167,"date":"2026-04-09T23:07:01","date_gmt":"2026-04-10T05:07:01","guid":{"rendered":"https:\/\/compuviper.mx\/tienda\/producto\/startech-com-icusb2328i-adaptador-hub-concentrador-usb-8-puertos-serial-rs232-industrial-montaje-en-pared-riel-din-mod\/"},"modified":"2026-04-09T23:07:01","modified_gmt":"2026-04-10T05:07:01","slug":"startech-com-icusb2328i-adaptador-hub-concentrador-usb-8-puertos-serial-rs232-industrial-montaje-en-pared-riel-din-mod","status":"publish","type":"product","link":"https:\/\/compuviper.mx\/tienda\/producto\/startech-com-icusb2328i-adaptador-hub-concentrador-usb-8-puertos-serial-rs232-industrial-montaje-en-pared-riel-din-mod\/","title":{"rendered":"Startech.com Icusb2328i Adaptador Hub Concentrador Usb 8 Puertos Serial Rs232 Industrial Montaje En Pared Riel Din &#8211;  Mod."},"content":{"rendered":"<table class=\"descripcion\">\n<tr>\n<td>Id del conjunto de chips: ftdi &#8211; ft232rl<\/td>\n<\/tr>\n<tr>\n<td>Tipo de enchufe: m<\/td>\n<\/tr>\n<tr>\n<td>Color: negro<\/td>\n<\/tr>\n<tr>\n<td>Ancho del producto: 100 mm<\/td>\n<\/tr>\n<tr>\n<td>Corriente de entrada: 250 ma a<\/td>\n<\/tr>\n<tr>\n<td>Altura del producto: 43.2 mm<\/td>\n<\/tr>\n<tr>\n<td>Mtbf: 146.300 horas h<\/td>\n<\/tr>\n<tr>\n<td>Longitud del producto: 180 mm<\/td>\n<\/tr>\n<tr>\n<td>Puertos externos: 8 db-9 (9 pines, d-sub)<\/td>\n<\/tr>\n<tr>\n<td>Tipo de bus: usb 2.0<\/td>\n<\/tr>\n<tr>\n<td>Cantidad de puertos: 8<\/td>\n<\/tr>\n<tr>\n<td>Tasa de transferencia de datos maxima: 921,6 kbps<\/td>\n<\/tr>\n<tr>\n<td>Estilo de puerto: concentrador externo<\/td>\n<\/tr>\n<tr>\n<td>Protocolo serie: rs-232<\/td>\n<\/tr>\n<tr>\n<td>Bits de datos: 7, 8<\/td>\n<\/tr>\n<tr>\n<td>Peso del producto: 553 g<\/td>\n<\/tr>\n<tr>\n<td>Paridad: odd, even, mark, space, none<\/td>\n<\/tr>\n<tr>\n<td> led: 1 alimentacion<\/td>\n<\/tr>\n<tr>\n<td>Puertos externos: 1 usb b (4 pines)<\/td>\n<\/tr>\n<tr>\n<td>Bits de detencion: 1, 2<\/td>\n<\/tr>\n<tr>\n<td>Adaptador de corriente incluido: alimentado por usb<\/td>\n<\/tr>\n<tr>\n<td>Tipo de gabinete: acero<\/td>\n<\/tr>\n<tr>\n<td>Fifo: 4096 byte transmit and receive<\/td>\n<\/tr>\n<tr>\n<td>Tasa maxima de baudios: 921,6 kbps<\/td>\n<\/tr>\n<tr>\n<td>Interfaz: serial<\/td>\n<\/tr>\n<tr>\n<td>Tension de entrada: 5 dc<\/td>\n<\/tr>\n<\/table>\n","protected":false},"excerpt":{"rendered":"<p>El concentrador industrial usb a serie de 8 puertos con clips para riel din, icusb2328i permite convertir un puerto usb en ocho puertos seriales rs232 para conectar, monitorear y controlar dispositivos seriales. Con una solida construccion de metal, resistentes soportes de montaje en pared y clips para riel din (incluidos), este concentrador usb a serie rs232 de 8 puertos ofrece opciones de montaje versatiles, asi como una solucion robusta tanto para entornos industriales adversos como para simples instalaciones de escritorio. Asimismo, una vez conectado, este adaptador alimentado por usb es capaz de retener los valores asignados al puerto serial com, permitiendo reasignar los mismos valores automaticamente a los puertos provistos por el concentrador usb serie.<\/p>\n","protected":false},"featured_media":164022,"comment_status":"open","ping_status":"open","template":"","meta":[],"product_cat":[1485,1492],"product_tag":[1590],"acf":[],"yoast_head":"<!-- This site is optimized with the Yoast SEO plugin v21.7 - https:\/\/yoast.com\/wordpress\/plugins\/seo\/ -->\n<title>[ Startech.com ] &#129351; Icusb2328i Adaptador Hub Concentrador Usb 8 Puertos Serial Rs232 Industrial Montaje En Pared Riel Din - Mod.<\/title>\n<meta name=\"description\" content=\"Compra Icusb2328i Adaptador Hub Concentrador Usb 8 Puertos Serial Rs232 Industrial Montaje En Pared Riel Din - Mod. + Env\u00edo a domicilio + Pago seguro + Garant\u00eda\" \/>\n<meta name=\"robots\" content=\"index, follow, max-snippet:-1, max-image-preview:large, max-video-preview:-1\" \/>\n<link rel=\"canonical\" href=\"https:\/\/compuviper.mx\/tienda\/producto\/startech-com-icusb2328i-adaptador-hub-concentrador-usb-8-puertos-serial-rs232-industrial-montaje-en-pared-riel-din-mod\/\" \/>\n<meta property=\"og:locale\" content=\"es_MX\" \/>\n<meta property=\"og:type\" content=\"article\" \/>\n<meta property=\"og:title\" content=\"[ Startech.com ] &#129351; Icusb2328i Adaptador Hub Concentrador Usb 8 Puertos Serial Rs232 Industrial Montaje En Pared Riel Din - Mod.\" \/>\n<meta property=\"og:description\" content=\"Compra Icusb2328i Adaptador Hub Concentrador Usb 8 Puertos Serial Rs232 Industrial Montaje En Pared Riel Din - Mod. + Env\u00edo a domicilio + Pago seguro + Garant\u00eda\" \/>\n<meta property=\"og:url\" content=\"https:\/\/compuviper.mx\/tienda\/producto\/startech-com-icusb2328i-adaptador-hub-concentrador-usb-8-puertos-serial-rs232-industrial-montaje-en-pared-riel-din-mod\/\" \/>\n<meta property=\"og:site_name\" content=\"Compuviper\" \/>\n<meta property=\"article:publisher\" content=\"https:\/\/www.facebook.com\/compuviper\" \/>\n<meta property=\"og:image\" content=\"https:\/\/compuviper.mx\/tienda\/wp-content\/uploads\/2023\/02\/Adaptador-hub-concentrador-usb-8-puertos-serial-rs232-industrial-montaje-en-pared-riel-din-startech.com-mod.-icusb2328i.jpg\" \/>\n\t<meta property=\"og:image:width\" content=\"200\" \/>\n\t<meta property=\"og:image:height\" content=\"200\" \/>\n\t<meta property=\"og:image:type\" content=\"image\/jpeg\" \/>\n<meta name=\"twitter:card\" content=\"summary_large_image\" \/>\n<meta name=\"twitter:label1\" content=\"Precio\" \/>\n\t<meta name=\"twitter:data1\" content=\"&#36;3,988 con IVA\" \/>\n\t<meta name=\"twitter:label2\" content=\"Availability\" \/>\n\t<meta name=\"twitter:data2\" content=\"Out of stock\" \/>\n<script type=\"application\/ld+json\" class=\"yoast-schema-graph\">{\"@context\":\"https:\/\/schema.org\",\"@graph\":[{\"@type\":\"WebPage\",\"@id\":\"https:\/\/compuviper.mx\/tienda\/producto\/startech-com-icusb2328i-adaptador-hub-concentrador-usb-8-puertos-serial-rs232-industrial-montaje-en-pared-riel-din-mod\/\",\"url\":\"https:\/\/compuviper.mx\/tienda\/producto\/startech-com-icusb2328i-adaptador-hub-concentrador-usb-8-puertos-serial-rs232-industrial-montaje-en-pared-riel-din-mod\/\",\"name\":\"[ Startech.com ] &#129351; Icusb2328i Adaptador Hub Concentrador Usb 8 Puertos Serial Rs232 Industrial Montaje En Pared Riel Din - Mod.\",\"isPartOf\":{\"@id\":\"https:\/\/compuviper.mx\/tienda\/#website\"},\"datePublished\":\"2026-04-10T05:07:01+00:00\",\"dateModified\":\"2026-04-10T05:07:01+00:00\",\"description\":\"Compra Icusb2328i Adaptador Hub Concentrador Usb 8 Puertos Serial Rs232 Industrial Montaje En Pared Riel Din - Mod. + Env\u00edo a domicilio + Pago seguro + Garant\u00eda\",\"breadcrumb\":{\"@id\":\"https:\/\/compuviper.mx\/tienda\/producto\/startech-com-icusb2328i-adaptador-hub-concentrador-usb-8-puertos-serial-rs232-industrial-montaje-en-pared-riel-din-mod\/#breadcrumb\"},\"inLanguage\":\"es-MX\",\"potentialAction\":[{\"@type\":\"ReadAction\",\"target\":[\"https:\/\/compuviper.mx\/tienda\/producto\/startech-com-icusb2328i-adaptador-hub-concentrador-usb-8-puertos-serial-rs232-industrial-montaje-en-pared-riel-din-mod\/\"]}]},{\"@type\":\"BreadcrumbList\",\"@id\":\"https:\/\/compuviper.mx\/tienda\/producto\/startech-com-icusb2328i-adaptador-hub-concentrador-usb-8-puertos-serial-rs232-industrial-montaje-en-pared-riel-din-mod\/#breadcrumb\",\"itemListElement\":[{\"@type\":\"ListItem\",\"position\":1,\"name\":\"Inicio\",\"item\":\"https:\/\/compuviper.mx\/tienda\/\"},{\"@type\":\"ListItem\",\"position\":2,\"name\":\"Productos\",\"item\":\"https:\/\/compuviper.mx\/tienda\/productos\/\"},{\"@type\":\"ListItem\",\"position\":3,\"name\":\"Accesorios\",\"item\":\"https:\/\/compuviper.mx\/tienda\/categoria-producto\/accesorios\/\"},{\"@type\":\"ListItem\",\"position\":4,\"name\":\"Adaptadores\",\"item\":\"https:\/\/compuviper.mx\/tienda\/categoria-producto\/accesorios\/adaptadores\/\"},{\"@type\":\"ListItem\",\"position\":5,\"name\":\"Startech.com Icusb2328i Adaptador Hub Concentrador Usb 8 Puertos Serial Rs232 Industrial Montaje En Pared Riel Din &#8211; Mod.\"}]},{\"@type\":\"WebSite\",\"@id\":\"https:\/\/compuviper.mx\/tienda\/#website\",\"url\":\"https:\/\/compuviper.mx\/tienda\/\",\"name\":\"Compuviper\",\"description\":\"Proveedor de Computadoras, Laptops, Servidores, Monitores, Puntos de Venta, Teclados,   Impresoras, T\u00f3ner, C\u00e1maras de Seguridad y m\u00e1s en tu tienda en l\u00ednea\",\"publisher\":{\"@id\":\"https:\/\/compuviper.mx\/tienda\/#organization\"},\"potentialAction\":[{\"@type\":\"SearchAction\",\"target\":{\"@type\":\"EntryPoint\",\"urlTemplate\":\"https:\/\/compuviper.mx\/tienda\/?s={search_term_string}\"},\"query-input\":\"required name=search_term_string\"}],\"inLanguage\":\"es-MX\"},{\"@type\":\"Organization\",\"@id\":\"https:\/\/compuviper.mx\/tienda\/#organization\",\"name\":\"Compuviper\",\"url\":\"https:\/\/compuviper.mx\/tienda\/\",\"logo\":{\"@type\":\"ImageObject\",\"inLanguage\":\"es-MX\",\"@id\":\"https:\/\/compuviper.mx\/tienda\/#\/schema\/logo\/image\/\",\"url\":\"https:\/\/compuviper.mx\/tienda\/wp-content\/uploads\/2021\/08\/Logo-Compuviper-10.png\",\"contentUrl\":\"https:\/\/compuviper.mx\/tienda\/wp-content\/uploads\/2021\/08\/Logo-Compuviper-10.png\",\"width\":1000,\"height\":500,\"caption\":\"Compuviper\"},\"image\":{\"@id\":\"https:\/\/compuviper.mx\/tienda\/#\/schema\/logo\/image\/\"},\"sameAs\":[\"https:\/\/www.facebook.com\/compuviper\",\"https:\/\/www.youtube.com\/channel\/UCf73dERp9Y3cfOq7q8BhLjA?view_as=subscriber\"]}]}<\/script>\n<meta property=\"product:brand\" content=\"STARTECH.COM\" \/>\n<meta property=\"product:price:amount\" content=\"3988\" \/>\n<meta property=\"product:price:currency\" content=\"MXN\" \/>\n<meta property=\"og:availability\" content=\"out of stock\" \/>\n<meta property=\"product:availability\" content=\"out of stock\" \/>\n<meta property=\"product:retailer_item_id\" content=\"ICUSB2328I\" \/>\n<meta property=\"product:condition\" content=\"new\" \/>\n<!-- \/ Yoast SEO plugin. -->","yoast_head_json":{"title":"[ Startech.com ] &#129351; Icusb2328i Adaptador Hub Concentrador Usb 8 Puertos Serial Rs232 Industrial Montaje En Pared Riel Din - Mod.","description":"Compra Icusb2328i Adaptador Hub Concentrador Usb 8 Puertos Serial Rs232 Industrial Montaje En Pared Riel Din - Mod. + Env\u00edo a domicilio + Pago seguro + Garant\u00eda","robots":{"index":"index","follow":"follow","max-snippet":"max-snippet:-1","max-image-preview":"max-image-preview:large","max-video-preview":"max-video-preview:-1"},"canonical":"https:\/\/compuviper.mx\/tienda\/producto\/startech-com-icusb2328i-adaptador-hub-concentrador-usb-8-puertos-serial-rs232-industrial-montaje-en-pared-riel-din-mod\/","og_locale":"es_MX","og_type":"article","og_title":"[ Startech.com ] &#129351; Icusb2328i Adaptador Hub Concentrador Usb 8 Puertos Serial Rs232 Industrial Montaje En Pared Riel Din - Mod.","og_description":"Compra Icusb2328i Adaptador Hub Concentrador Usb 8 Puertos Serial Rs232 Industrial Montaje En Pared Riel Din - Mod. + Env\u00edo a domicilio + Pago seguro + Garant\u00eda","og_url":"https:\/\/compuviper.mx\/tienda\/producto\/startech-com-icusb2328i-adaptador-hub-concentrador-usb-8-puertos-serial-rs232-industrial-montaje-en-pared-riel-din-mod\/","og_site_name":"Compuviper","article_publisher":"https:\/\/www.facebook.com\/compuviper","og_image":[{"width":200,"height":200,"url":"https:\/\/compuviper.mx\/tienda\/wp-content\/uploads\/2023\/02\/Adaptador-hub-concentrador-usb-8-puertos-serial-rs232-industrial-montaje-en-pared-riel-din-startech.com-mod.-icusb2328i.jpg","type":"image\/jpeg"}],"twitter_card":"summary_large_image","twitter_misc":{"Precio":"&#36;3,988 con IVA","Availability":"Out of stock"},"schema":{"@context":"https:\/\/schema.org","@graph":[{"@type":"WebPage","@id":"https:\/\/compuviper.mx\/tienda\/producto\/startech-com-icusb2328i-adaptador-hub-concentrador-usb-8-puertos-serial-rs232-industrial-montaje-en-pared-riel-din-mod\/","url":"https:\/\/compuviper.mx\/tienda\/producto\/startech-com-icusb2328i-adaptador-hub-concentrador-usb-8-puertos-serial-rs232-industrial-montaje-en-pared-riel-din-mod\/","name":"[ Startech.com ] &#129351; Icusb2328i Adaptador Hub Concentrador Usb 8 Puertos Serial Rs232 Industrial Montaje En Pared Riel Din - Mod.","isPartOf":{"@id":"https:\/\/compuviper.mx\/tienda\/#website"},"datePublished":"2026-04-10T05:07:01+00:00","dateModified":"2026-04-10T05:07:01+00:00","description":"Compra Icusb2328i Adaptador Hub Concentrador Usb 8 Puertos Serial Rs232 Industrial Montaje En Pared Riel Din - Mod. + Env\u00edo a domicilio + Pago seguro + Garant\u00eda","breadcrumb":{"@id":"https:\/\/compuviper.mx\/tienda\/producto\/startech-com-icusb2328i-adaptador-hub-concentrador-usb-8-puertos-serial-rs232-industrial-montaje-en-pared-riel-din-mod\/#breadcrumb"},"inLanguage":"es-MX","potentialAction":[{"@type":"ReadAction","target":["https:\/\/compuviper.mx\/tienda\/producto\/startech-com-icusb2328i-adaptador-hub-concentrador-usb-8-puertos-serial-rs232-industrial-montaje-en-pared-riel-din-mod\/"]}]},{"@type":"BreadcrumbList","@id":"https:\/\/compuviper.mx\/tienda\/producto\/startech-com-icusb2328i-adaptador-hub-concentrador-usb-8-puertos-serial-rs232-industrial-montaje-en-pared-riel-din-mod\/#breadcrumb","itemListElement":[{"@type":"ListItem","position":1,"name":"Inicio","item":"https:\/\/compuviper.mx\/tienda\/"},{"@type":"ListItem","position":2,"name":"Productos","item":"https:\/\/compuviper.mx\/tienda\/productos\/"},{"@type":"ListItem","position":3,"name":"Accesorios","item":"https:\/\/compuviper.mx\/tienda\/categoria-producto\/accesorios\/"},{"@type":"ListItem","position":4,"name":"Adaptadores","item":"https:\/\/compuviper.mx\/tienda\/categoria-producto\/accesorios\/adaptadores\/"},{"@type":"ListItem","position":5,"name":"Startech.com Icusb2328i Adaptador Hub Concentrador Usb 8 Puertos Serial Rs232 Industrial Montaje En Pared Riel Din &#8211; Mod."}]},{"@type":"WebSite","@id":"https:\/\/compuviper.mx\/tienda\/#website","url":"https:\/\/compuviper.mx\/tienda\/","name":"Compuviper","description":"Proveedor de Computadoras, Laptops, Servidores, Monitores, Puntos de Venta, Teclados,   Impresoras, T\u00f3ner, C\u00e1maras de Seguridad y m\u00e1s en tu tienda en l\u00ednea","publisher":{"@id":"https:\/\/compuviper.mx\/tienda\/#organization"},"potentialAction":[{"@type":"SearchAction","target":{"@type":"EntryPoint","urlTemplate":"https:\/\/compuviper.mx\/tienda\/?s={search_term_string}"},"query-input":"required name=search_term_string"}],"inLanguage":"es-MX"},{"@type":"Organization","@id":"https:\/\/compuviper.mx\/tienda\/#organization","name":"Compuviper","url":"https:\/\/compuviper.mx\/tienda\/","logo":{"@type":"ImageObject","inLanguage":"es-MX","@id":"https:\/\/compuviper.mx\/tienda\/#\/schema\/logo\/image\/","url":"https:\/\/compuviper.mx\/tienda\/wp-content\/uploads\/2021\/08\/Logo-Compuviper-10.png","contentUrl":"https:\/\/compuviper.mx\/tienda\/wp-content\/uploads\/2021\/08\/Logo-Compuviper-10.png","width":1000,"height":500,"caption":"Compuviper"},"image":{"@id":"https:\/\/compuviper.mx\/tienda\/#\/schema\/logo\/image\/"},"sameAs":["https:\/\/www.facebook.com\/compuviper","https:\/\/www.youtube.com\/channel\/UCf73dERp9Y3cfOq7q8BhLjA?view_as=subscriber"]}]},"product_brand":"STARTECH.COM","product_price_amount":"3988","product_price_currency":"MXN","og_availability":"out of stock","product_availability":"out of stock","product_retailer_item_id":"ICUSB2328I","product_condition":"new"},"_links":{"self":[{"href":"https:\/\/compuviper.mx\/tienda\/wp-json\/wp\/v2\/product\/157167"}],"collection":[{"href":"https:\/\/compuviper.mx\/tienda\/wp-json\/wp\/v2\/product"}],"about":[{"href":"https:\/\/compuviper.mx\/tienda\/wp-json\/wp\/v2\/types\/product"}],"replies":[{"embeddable":true,"href":"https:\/\/compuviper.mx\/tienda\/wp-json\/wp\/v2\/comments?post=157167"}],"wp:featuredmedia":[{"embeddable":true,"href":"https:\/\/compuviper.mx\/tienda\/wp-json\/wp\/v2\/media\/164022"}],"wp:attachment":[{"href":"https:\/\/compuviper.mx\/tienda\/wp-json\/wp\/v2\/media?parent=157167"}],"wp:term":[{"taxonomy":"product_cat","embeddable":true,"href":"https:\/\/compuviper.mx\/tienda\/wp-json\/wp\/v2\/product_cat?post=157167"},{"taxonomy":"product_tag","embeddable":true,"href":"https:\/\/compuviper.mx\/tienda\/wp-json\/wp\/v2\/product_tag?post=157167"}],"curies":[{"name":"wp","href":"https:\/\/api.w.org\/{rel}","templated":true}]}}