{"id":155879,"date":"2026-04-23T23:05:39","date_gmt":"2026-04-24T05:05:39","guid":{"rendered":"https:\/\/compuviper.mx\/tienda\/producto\/manhattan-462297-soporte-de-montaje-de-tv-con-altura-ajustable-32-a-65-de-hasta-45-kg-base-de-vidrio-templado-negro\/"},"modified":"2026-04-23T23:05:39","modified_gmt":"2026-04-24T05:05:39","slug":"manhattan-462297-soporte-tv-p-mesa-45kg-32-a-65-altura-ajustable-base-de-vidrio","status":"publish","type":"product","link":"https:\/\/compuviper.mx\/tienda\/producto\/manhattan-462297-soporte-tv-p-mesa-45kg-32-a-65-altura-ajustable-base-de-vidrio\/","title":{"rendered":"Manhattan 462297 Soporte Tv,,, P\/mesa 45kg, 32 A 65 Altura Ajustable, Base De Vidrio"},"content":{"rendered":"<table class=\"descripcion\">\n<tr>\n<td>Una construcci\u00f3n de acero resistente se adapta universalmente a<\/td>\n<\/tr>\n<tr>\n<td>Televisiones de 32 a 65 con patrones de montaje vesa de hasta 600&#215;400.<\/td>\n<\/tr>\n<tr>\n<td>Este soporte de tv para colocar sobre superficies ha sido probado para soportar<\/td>\n<\/tr>\n<tr>\n<td>Cargas de hasta 45 kg (100 libras) y ofrece ajuste de altura a dos niveles: 485 y<\/td>\n<\/tr>\n<tr>\n<td>535 mm (19 y 21 pulg.). la base de vidrio templado negro crea un soporte<\/td>\n<\/tr>\n<tr>\n<td>S\u00f3lido y elegante que es ideal para colocar barras de sonido, decodificadores u otros accesorios, todo mientras se ajusta perfectamente a la pared.<\/td>\n<\/tr>\n<tr>\n<td>Organizaci\u00f3n inteligente de cables<\/td>\n<\/tr>\n<tr>\n<td>Para organizar los cables de alimentaci\u00f3n, ethernet y hdmi de tu tv, este<\/td>\n<\/tr>\n<tr>\n<td>Soporte te permite pasarlos a trav\u00e9s del clip en la parte posterior. esta<\/td>\n<\/tr>\n<tr>\n<td>Organizacion inteligente de cables ayuda a crear una apariencia m\u00e1s limpia y<\/td>\n<\/tr>\n<tr>\n<td>Reduce los posibles peligros de tropiezos<\/td>\n<\/tr>\n<\/table>\n","protected":false},"excerpt":{"rendered":"<p>Otros accesorios, todo mientras se ajusta perfectamente a la pared. Organizaci\u00f3n inteligente de cables. Para organizar los cables de alimentaci\u00f3n, ethernet y hdmi de tu tv, este. Soporte te permite pasarlos a trav\u00e9s del clip en la parte posterior. Esta. Organizacion inteligente de cables ayuda a crear una apariencia m\u00e1s limpia y. Reduce los posibles peligros de tropiezos. Features. Soporte independiente para una pantalla de 32 a 65 de hasta 45 kg. (100 libras), ideal para colocarlo en consolas de tv. Altura ajustable en dos niveles: 485 y 535 mm (19 y 21 pulg.. \u00e1rea de la base con 600 mm de ancho y 280 mm de profundidad (23,6. X 11 pulg.). Ideal para colocar barras de sonido, cajas de transmisi\u00f3n u. Otros accesorios. Dise\u00f1o elegante para un ajuste perfecto en una pared: los beneficios de. Un soporte de pared sin taladrar agujeros. Construcci\u00f3n de acero resistente con recubrimiento en polvo. Base de vidrio templado negro para una base s\u00f3lida y una apariencia. Elegante. Con clips acoplables para el acomodo de los cables en el poste, para. Una apariencia limpia y organizada. Pies de goma para evitar que se resbale y proteger la superficie de. Ara\u00f1azos. Instalaci\u00f3n f\u00e1cil y r\u00e1pida, toda la torniller\u00eda incluida. Cumple con los est\u00e1ndares vesa: 100&#215;100, 200&#215;100, 400&#215;100. 200&#215;200, 300&#215;200, 400&#215;200, 300&#215;300, 400&#215;300, 400&#215;400, 600&#215;400. Especificaciones. General. \u0095 certificaciones: rohs. \u0095 dise\u00f1ado para la mayor\u00eda de las pantallas planas y curvas de 32 &#8211; 65. \u0095 capacidad de peso: 45 kg (100 lbs.. \u0095 dimensiones totales (largo x ancho x alto): 735 x 660 x 280 mm (28,94 x. 25,98 x 2,09 pulg.. \u0095 dimensiones de la base: (l x w x h): 280 x 600 x 8 mm (11 x 22,6 x 0,3 pulg.. \u0095 peso neto: 6.35 kg (14 libras. \u0095 peso bruto: 7.45 g (16.42 libras. \u0095 material: acero y vidrio templado<\/p>\n","protected":false},"featured_media":164000,"comment_status":"open","ping_status":"open","template":"","meta":[],"product_cat":[2321,2265],"product_tag":[1487],"acf":[],"yoast_head":"<!-- This site is optimized with the Yoast SEO plugin v21.7 - https:\/\/yoast.com\/wordpress\/plugins\/seo\/ -->\n<title>[ Manhattan ] &#129351; 462297 Soporte Tv,,, P\/mesa 45kg, 32 A 65 Altura Ajustable, Base De Vidrio<\/title>\n<meta name=\"description\" content=\"Compra 462297 Soporte Tv,,, P\/mesa 45kg, 32 A 65 Altura Ajustable, Base De Vidrio + Env\u00edo a domicilio + Pago seguro + Garant\u00eda\" \/>\n<meta name=\"robots\" content=\"index, follow, max-snippet:-1, max-image-preview:large, max-video-preview:-1\" \/>\n<link rel=\"canonical\" href=\"https:\/\/compuviper.mx\/tienda\/producto\/manhattan-462297-soporte-tv-p-mesa-45kg-32-a-65-altura-ajustable-base-de-vidrio\/\" \/>\n<meta property=\"og:locale\" content=\"es_MX\" \/>\n<meta property=\"og:type\" content=\"article\" \/>\n<meta property=\"og:title\" content=\"[ Manhattan ] &#129351; 462297 Soporte Tv,,, P\/mesa 45kg, 32 A 65 Altura Ajustable, Base De Vidrio\" \/>\n<meta property=\"og:description\" content=\"Compra 462297 Soporte Tv,,, P\/mesa 45kg, 32 A 65 Altura Ajustable, Base De Vidrio + Env\u00edo a domicilio + Pago seguro + Garant\u00eda\" \/>\n<meta property=\"og:url\" content=\"https:\/\/compuviper.mx\/tienda\/producto\/manhattan-462297-soporte-tv-p-mesa-45kg-32-a-65-altura-ajustable-base-de-vidrio\/\" \/>\n<meta property=\"og:site_name\" content=\"Compuviper\" \/>\n<meta property=\"article:publisher\" content=\"https:\/\/www.facebook.com\/compuviper\" \/>\n<meta property=\"og:image\" content=\"https:\/\/compuviper.mx\/tienda\/wp-content\/uploads\/2023\/02\/Soporte-de-montaje-de-tv-con-altura-ajustable-32-a-65-de-hasta-45-kg-base-de-vidrio-templado-negro.jpg\" \/>\n\t<meta property=\"og:image:width\" content=\"200\" \/>\n\t<meta property=\"og:image:height\" content=\"200\" \/>\n\t<meta property=\"og:image:type\" content=\"image\/jpeg\" \/>\n<meta name=\"twitter:card\" content=\"summary_large_image\" \/>\n<meta name=\"twitter:label1\" content=\"Precio\" \/>\n\t<meta name=\"twitter:data1\" content=\"&#36;955 con IVA\" \/>\n\t<meta name=\"twitter:label2\" content=\"Availability\" \/>\n\t<meta name=\"twitter:data2\" content=\"In stock\" \/>\n<script type=\"application\/ld+json\" class=\"yoast-schema-graph\">{\"@context\":\"https:\/\/schema.org\",\"@graph\":[{\"@type\":\"WebPage\",\"@id\":\"https:\/\/compuviper.mx\/tienda\/producto\/manhattan-462297-soporte-tv-p-mesa-45kg-32-a-65-altura-ajustable-base-de-vidrio\/\",\"url\":\"https:\/\/compuviper.mx\/tienda\/producto\/manhattan-462297-soporte-tv-p-mesa-45kg-32-a-65-altura-ajustable-base-de-vidrio\/\",\"name\":\"[ Manhattan ] &#129351; 462297 Soporte Tv,,, P\/mesa 45kg, 32 A 65 Altura Ajustable, Base De Vidrio\",\"isPartOf\":{\"@id\":\"https:\/\/compuviper.mx\/tienda\/#website\"},\"datePublished\":\"2026-04-24T05:05:39+00:00\",\"dateModified\":\"2026-04-24T05:05:39+00:00\",\"description\":\"Compra 462297 Soporte Tv,,, P\/mesa 45kg, 32 A 65 Altura Ajustable, Base De Vidrio + Env\u00edo a domicilio + Pago seguro + Garant\u00eda\",\"breadcrumb\":{\"@id\":\"https:\/\/compuviper.mx\/tienda\/producto\/manhattan-462297-soporte-tv-p-mesa-45kg-32-a-65-altura-ajustable-base-de-vidrio\/#breadcrumb\"},\"inLanguage\":\"es-MX\",\"potentialAction\":[{\"@type\":\"ReadAction\",\"target\":[\"https:\/\/compuviper.mx\/tienda\/producto\/manhattan-462297-soporte-tv-p-mesa-45kg-32-a-65-altura-ajustable-base-de-vidrio\/\"]}]},{\"@type\":\"BreadcrumbList\",\"@id\":\"https:\/\/compuviper.mx\/tienda\/producto\/manhattan-462297-soporte-tv-p-mesa-45kg-32-a-65-altura-ajustable-base-de-vidrio\/#breadcrumb\",\"itemListElement\":[{\"@type\":\"ListItem\",\"position\":1,\"name\":\"Inicio\",\"item\":\"https:\/\/compuviper.mx\/tienda\/\"},{\"@type\":\"ListItem\",\"position\":2,\"name\":\"Productos\",\"item\":\"https:\/\/compuviper.mx\/tienda\/productos\/\"},{\"@type\":\"ListItem\",\"position\":3,\"name\":\"Soportes Y Bases P\/tv\/ Proyectores\/dvd\/consolas\/bocinas\/pantallas\/monotores\",\"item\":\"https:\/\/compuviper.mx\/tienda\/categoria-producto\/soportes-y-bases-p-tv-proyectores-dvd-consolas-bocinas-pantallas-monotores\/\"},{\"@type\":\"ListItem\",\"position\":4,\"name\":\"Soporte Y Base Para Tv\/pantallas\/monitores\/kiosko\",\"item\":\"https:\/\/compuviper.mx\/tienda\/categoria-producto\/soportes-y-bases-p-tv-proyectores-dvd-consolas-bocinas-pantallas-monotores\/soporte-y-base-para-tv-pantallas-monitores-kiosko\/\"},{\"@type\":\"ListItem\",\"position\":5,\"name\":\"Manhattan 462297 Soporte Tv,,, P\/mesa 45kg, 32 A 65 Altura Ajustable, Base De Vidrio\"}]},{\"@type\":\"WebSite\",\"@id\":\"https:\/\/compuviper.mx\/tienda\/#website\",\"url\":\"https:\/\/compuviper.mx\/tienda\/\",\"name\":\"Compuviper\",\"description\":\"Proveedor de Computadoras, Laptops, Servidores, Monitores, Puntos de Venta, Teclados,   Impresoras, T\u00f3ner, C\u00e1maras de Seguridad y m\u00e1s en tu tienda en l\u00ednea\",\"publisher\":{\"@id\":\"https:\/\/compuviper.mx\/tienda\/#organization\"},\"potentialAction\":[{\"@type\":\"SearchAction\",\"target\":{\"@type\":\"EntryPoint\",\"urlTemplate\":\"https:\/\/compuviper.mx\/tienda\/?s={search_term_string}\"},\"query-input\":\"required name=search_term_string\"}],\"inLanguage\":\"es-MX\"},{\"@type\":\"Organization\",\"@id\":\"https:\/\/compuviper.mx\/tienda\/#organization\",\"name\":\"Compuviper\",\"url\":\"https:\/\/compuviper.mx\/tienda\/\",\"logo\":{\"@type\":\"ImageObject\",\"inLanguage\":\"es-MX\",\"@id\":\"https:\/\/compuviper.mx\/tienda\/#\/schema\/logo\/image\/\",\"url\":\"https:\/\/compuviper.mx\/tienda\/wp-content\/uploads\/2021\/08\/Logo-Compuviper-10.png\",\"contentUrl\":\"https:\/\/compuviper.mx\/tienda\/wp-content\/uploads\/2021\/08\/Logo-Compuviper-10.png\",\"width\":1000,\"height\":500,\"caption\":\"Compuviper\"},\"image\":{\"@id\":\"https:\/\/compuviper.mx\/tienda\/#\/schema\/logo\/image\/\"},\"sameAs\":[\"https:\/\/www.facebook.com\/compuviper\",\"https:\/\/www.youtube.com\/channel\/UCf73dERp9Y3cfOq7q8BhLjA?view_as=subscriber\"]}]}<\/script>\n<meta property=\"product:brand\" content=\"MANHATTAN\" \/>\n<meta property=\"product:price:amount\" content=\"955\" \/>\n<meta property=\"product:price:currency\" content=\"MXN\" \/>\n<meta property=\"og:availability\" content=\"instock\" \/>\n<meta property=\"product:availability\" content=\"instock\" \/>\n<meta property=\"product:retailer_item_id\" content=\"462297\" \/>\n<meta property=\"product:condition\" content=\"new\" \/>\n<!-- \/ Yoast SEO plugin. -->","yoast_head_json":{"title":"[ Manhattan ] &#129351; 462297 Soporte Tv,,, P\/mesa 45kg, 32 A 65 Altura Ajustable, Base De Vidrio","description":"Compra 462297 Soporte Tv,,, P\/mesa 45kg, 32 A 65 Altura Ajustable, Base De Vidrio + Env\u00edo a domicilio + Pago seguro + Garant\u00eda","robots":{"index":"index","follow":"follow","max-snippet":"max-snippet:-1","max-image-preview":"max-image-preview:large","max-video-preview":"max-video-preview:-1"},"canonical":"https:\/\/compuviper.mx\/tienda\/producto\/manhattan-462297-soporte-tv-p-mesa-45kg-32-a-65-altura-ajustable-base-de-vidrio\/","og_locale":"es_MX","og_type":"article","og_title":"[ Manhattan ] &#129351; 462297 Soporte Tv,,, P\/mesa 45kg, 32 A 65 Altura Ajustable, Base De Vidrio","og_description":"Compra 462297 Soporte Tv,,, P\/mesa 45kg, 32 A 65 Altura Ajustable, Base De Vidrio + Env\u00edo a domicilio + Pago seguro + Garant\u00eda","og_url":"https:\/\/compuviper.mx\/tienda\/producto\/manhattan-462297-soporte-tv-p-mesa-45kg-32-a-65-altura-ajustable-base-de-vidrio\/","og_site_name":"Compuviper","article_publisher":"https:\/\/www.facebook.com\/compuviper","og_image":[{"width":200,"height":200,"url":"https:\/\/compuviper.mx\/tienda\/wp-content\/uploads\/2023\/02\/Soporte-de-montaje-de-tv-con-altura-ajustable-32-a-65-de-hasta-45-kg-base-de-vidrio-templado-negro.jpg","type":"image\/jpeg"}],"twitter_card":"summary_large_image","twitter_misc":{"Precio":"&#36;955 con IVA","Availability":"In stock"},"schema":{"@context":"https:\/\/schema.org","@graph":[{"@type":"WebPage","@id":"https:\/\/compuviper.mx\/tienda\/producto\/manhattan-462297-soporte-tv-p-mesa-45kg-32-a-65-altura-ajustable-base-de-vidrio\/","url":"https:\/\/compuviper.mx\/tienda\/producto\/manhattan-462297-soporte-tv-p-mesa-45kg-32-a-65-altura-ajustable-base-de-vidrio\/","name":"[ Manhattan ] &#129351; 462297 Soporte Tv,,, P\/mesa 45kg, 32 A 65 Altura Ajustable, Base De Vidrio","isPartOf":{"@id":"https:\/\/compuviper.mx\/tienda\/#website"},"datePublished":"2026-04-24T05:05:39+00:00","dateModified":"2026-04-24T05:05:39+00:00","description":"Compra 462297 Soporte Tv,,, P\/mesa 45kg, 32 A 65 Altura Ajustable, Base De Vidrio + Env\u00edo a domicilio + Pago seguro + Garant\u00eda","breadcrumb":{"@id":"https:\/\/compuviper.mx\/tienda\/producto\/manhattan-462297-soporte-tv-p-mesa-45kg-32-a-65-altura-ajustable-base-de-vidrio\/#breadcrumb"},"inLanguage":"es-MX","potentialAction":[{"@type":"ReadAction","target":["https:\/\/compuviper.mx\/tienda\/producto\/manhattan-462297-soporte-tv-p-mesa-45kg-32-a-65-altura-ajustable-base-de-vidrio\/"]}]},{"@type":"BreadcrumbList","@id":"https:\/\/compuviper.mx\/tienda\/producto\/manhattan-462297-soporte-tv-p-mesa-45kg-32-a-65-altura-ajustable-base-de-vidrio\/#breadcrumb","itemListElement":[{"@type":"ListItem","position":1,"name":"Inicio","item":"https:\/\/compuviper.mx\/tienda\/"},{"@type":"ListItem","position":2,"name":"Productos","item":"https:\/\/compuviper.mx\/tienda\/productos\/"},{"@type":"ListItem","position":3,"name":"Soportes Y Bases P\/tv\/ Proyectores\/dvd\/consolas\/bocinas\/pantallas\/monotores","item":"https:\/\/compuviper.mx\/tienda\/categoria-producto\/soportes-y-bases-p-tv-proyectores-dvd-consolas-bocinas-pantallas-monotores\/"},{"@type":"ListItem","position":4,"name":"Soporte Y Base Para Tv\/pantallas\/monitores\/kiosko","item":"https:\/\/compuviper.mx\/tienda\/categoria-producto\/soportes-y-bases-p-tv-proyectores-dvd-consolas-bocinas-pantallas-monotores\/soporte-y-base-para-tv-pantallas-monitores-kiosko\/"},{"@type":"ListItem","position":5,"name":"Manhattan 462297 Soporte Tv,,, P\/mesa 45kg, 32 A 65 Altura Ajustable, Base De Vidrio"}]},{"@type":"WebSite","@id":"https:\/\/compuviper.mx\/tienda\/#website","url":"https:\/\/compuviper.mx\/tienda\/","name":"Compuviper","description":"Proveedor de Computadoras, Laptops, Servidores, Monitores, Puntos de Venta, Teclados,   Impresoras, T\u00f3ner, C\u00e1maras de Seguridad y m\u00e1s en tu tienda en l\u00ednea","publisher":{"@id":"https:\/\/compuviper.mx\/tienda\/#organization"},"potentialAction":[{"@type":"SearchAction","target":{"@type":"EntryPoint","urlTemplate":"https:\/\/compuviper.mx\/tienda\/?s={search_term_string}"},"query-input":"required name=search_term_string"}],"inLanguage":"es-MX"},{"@type":"Organization","@id":"https:\/\/compuviper.mx\/tienda\/#organization","name":"Compuviper","url":"https:\/\/compuviper.mx\/tienda\/","logo":{"@type":"ImageObject","inLanguage":"es-MX","@id":"https:\/\/compuviper.mx\/tienda\/#\/schema\/logo\/image\/","url":"https:\/\/compuviper.mx\/tienda\/wp-content\/uploads\/2021\/08\/Logo-Compuviper-10.png","contentUrl":"https:\/\/compuviper.mx\/tienda\/wp-content\/uploads\/2021\/08\/Logo-Compuviper-10.png","width":1000,"height":500,"caption":"Compuviper"},"image":{"@id":"https:\/\/compuviper.mx\/tienda\/#\/schema\/logo\/image\/"},"sameAs":["https:\/\/www.facebook.com\/compuviper","https:\/\/www.youtube.com\/channel\/UCf73dERp9Y3cfOq7q8BhLjA?view_as=subscriber"]}]},"product_brand":"MANHATTAN","product_price_amount":"955","product_price_currency":"MXN","og_availability":"instock","product_availability":"instock","product_retailer_item_id":"462297","product_condition":"new"},"_links":{"self":[{"href":"https:\/\/compuviper.mx\/tienda\/wp-json\/wp\/v2\/product\/155879"}],"collection":[{"href":"https:\/\/compuviper.mx\/tienda\/wp-json\/wp\/v2\/product"}],"about":[{"href":"https:\/\/compuviper.mx\/tienda\/wp-json\/wp\/v2\/types\/product"}],"replies":[{"embeddable":true,"href":"https:\/\/compuviper.mx\/tienda\/wp-json\/wp\/v2\/comments?post=155879"}],"wp:featuredmedia":[{"embeddable":true,"href":"https:\/\/compuviper.mx\/tienda\/wp-json\/wp\/v2\/media\/164000"}],"wp:attachment":[{"href":"https:\/\/compuviper.mx\/tienda\/wp-json\/wp\/v2\/media?parent=155879"}],"wp:term":[{"taxonomy":"product_cat","embeddable":true,"href":"https:\/\/compuviper.mx\/tienda\/wp-json\/wp\/v2\/product_cat?post=155879"},{"taxonomy":"product_tag","embeddable":true,"href":"https:\/\/compuviper.mx\/tienda\/wp-json\/wp\/v2\/product_tag?post=155879"}],"curies":[{"name":"wp","href":"https:\/\/api.w.org\/{rel}","templated":true}]}}