{"id":155092,"date":"2026-04-15T23:07:01","date_gmt":"2026-04-16T05:07:01","guid":{"rendered":"https:\/\/compuviper.mx\/tienda\/producto\/qnap-rail-a03-57-kit-de-riel-deslizante-para-instalar-servidores-de-montaje-en-rack\/"},"modified":"2026-04-15T23:07:01","modified_gmt":"2026-04-16T05:07:01","slug":"qnap-rail-a03-57-kit-de-riel-deslizante-para-instalar-servidores-de-montaje-en-rack-slo-compatibles-con-rack-de-orificios-cuadrados","status":"publish","type":"product","link":"https:\/\/compuviper.mx\/tienda\/producto\/qnap-rail-a03-57-kit-de-riel-deslizante-para-instalar-servidores-de-montaje-en-rack-slo-compatibles-con-rack-de-orificios-cuadrados\/","title":{"rendered":"Qnap Rail-a03-57 Kit De Riel   Deslizante Para Instalar Servidores  De Montaje En Rack, S?lo Compatibles Con Rack De Orificios Cuadrados"},"content":{"rendered":"<table class=\"descripcion\">\n<tr>\n<td>Descripcion tecnica<\/td>\n<\/tr>\n<tr>\n<td>Kit de rieles qnap de montaje serie a03 maxima carga 57kg<\/td>\n<\/tr>\n<\/table>\n","protected":false},"excerpt":{"rendered":"<p>Descripcion comercial. Los kits de ra\u00edl de qnap ayudan a instalar los nas de qnap de montaje en rack. Los ra\u00edles deslizantes hacen que sea m\u00e1s f\u00e1cil insertar y retirar los nas de qnap para facilitar el mantenimiento y la gesti\u00f3n. Modelos compatibles. Ts-1673u, ts-1673u-rp, ts-879u-rp, ts-1279u-rp, ts-ec879u-rp, ts-ec1279u-rp, ts-1679u-rp, ts-ec1679u-rp, wb-1200u-rp, wb-1600u-rp, ts-ec880u-rp, ts-ec1280u-rp, ts-ec1680u-rp, rexp-1220u-rp, rexp-1620u-rp, rexp-1220u-rp, ts-ec880u r2, ts-ec1280u r2, ts-ec1680u r2, tvs-ec880u-sas-rp, tvs-ec1280u-sas-rp, tvs-ec1580mu-sas-rp, tvs-ec1680u-sas-rp, tvs-ec880u-sas-rp r2, tvs-ec1280u-sas-rp r2, tvs-ec1580mu-sas-rp, tvs-ec1680u-sas-rp r2, tds-16489u, tes-1885u, tes-3085u, ts-1677xu-rp, tvs-1672xu-rp, ts-1683xu-rp, ts-1673au(-rp), ts-h2490fu, ts-h3088xu-rp<\/p>\n","protected":false},"featured_media":205657,"comment_status":"open","ping_status":"open","template":"","meta":[],"product_cat":[1485,1580],"product_tag":[2110],"acf":[],"yoast_head":"<!-- This site is optimized with the Yoast SEO plugin v21.7 - https:\/\/yoast.com\/wordpress\/plugins\/seo\/ -->\n<title>[ Qnap ] &#129351; Rail-a03-57 Kit De Riel Deslizante Para Instalar Servidores De Montaje En Rack, S\u00f3lo Compatibles Con Rack De Orificios Cuadrados<\/title>\n<meta name=\"description\" content=\"Compra Rail-a03-57 Kit De Riel Deslizante Para Instalar Servidores De Montaje En Rack, S\u00f3lo Compatibles Con Rack De Orificios Cuadrados + Env\u00edo a domicilio + Pago seguro + Garant\u00eda\" \/>\n<meta name=\"robots\" content=\"index, follow, max-snippet:-1, max-image-preview:large, max-video-preview:-1\" \/>\n<link rel=\"canonical\" href=\"https:\/\/compuviper.mx\/tienda\/producto\/qnap-rail-a03-57-kit-de-riel-deslizante-para-instalar-servidores-de-montaje-en-rack-slo-compatibles-con-rack-de-orificios-cuadrados\/\" \/>\n<meta property=\"og:locale\" content=\"es_MX\" \/>\n<meta property=\"og:type\" content=\"article\" \/>\n<meta property=\"og:title\" content=\"[ Qnap ] &#129351; Rail-a03-57 Kit De Riel Deslizante Para Instalar Servidores De Montaje En Rack, S\u00f3lo Compatibles Con Rack De Orificios Cuadrados\" \/>\n<meta property=\"og:description\" content=\"Compra Rail-a03-57 Kit De Riel Deslizante Para Instalar Servidores De Montaje En Rack, S\u00f3lo Compatibles Con Rack De Orificios Cuadrados + Env\u00edo a domicilio + Pago seguro + Garant\u00eda\" \/>\n<meta property=\"og:url\" content=\"https:\/\/compuviper.mx\/tienda\/producto\/qnap-rail-a03-57-kit-de-riel-deslizante-para-instalar-servidores-de-montaje-en-rack-slo-compatibles-con-rack-de-orificios-cuadrados\/\" \/>\n<meta property=\"og:site_name\" content=\"Compuviper\" \/>\n<meta property=\"article:publisher\" content=\"https:\/\/www.facebook.com\/compuviper\" \/>\n<meta property=\"og:image\" content=\"https:\/\/compuviper.mx\/tienda\/wp-content\/uploads\/2023\/09\/Kit-de-riel-qnap-rail-a03-57-deslizante-para-instalar-servidores-qnap-de-montaje-en-rack-solo-compatibles-con-rack-de-orificios-cuadrados.jpg\" \/>\n\t<meta property=\"og:image:width\" content=\"200\" \/>\n\t<meta property=\"og:image:height\" content=\"200\" \/>\n\t<meta property=\"og:image:type\" content=\"image\/jpeg\" \/>\n<meta name=\"twitter:card\" content=\"summary_large_image\" \/>\n<meta name=\"twitter:label1\" content=\"Precio\" \/>\n\t<meta name=\"twitter:data1\" content=\"&#36;3,197 con IVA\" \/>\n\t<meta name=\"twitter:label2\" content=\"Availability\" \/>\n\t<meta name=\"twitter:data2\" content=\"On backorder\" \/>\n<script type=\"application\/ld+json\" class=\"yoast-schema-graph\">{\"@context\":\"https:\/\/schema.org\",\"@graph\":[{\"@type\":\"WebPage\",\"@id\":\"https:\/\/compuviper.mx\/tienda\/producto\/qnap-rail-a03-57-kit-de-riel-deslizante-para-instalar-servidores-de-montaje-en-rack-slo-compatibles-con-rack-de-orificios-cuadrados\/\",\"url\":\"https:\/\/compuviper.mx\/tienda\/producto\/qnap-rail-a03-57-kit-de-riel-deslizante-para-instalar-servidores-de-montaje-en-rack-slo-compatibles-con-rack-de-orificios-cuadrados\/\",\"name\":\"[ Qnap ] &#129351; Rail-a03-57 Kit De Riel Deslizante Para Instalar Servidores De Montaje En Rack, S\u00f3lo Compatibles Con Rack De Orificios Cuadrados\",\"isPartOf\":{\"@id\":\"https:\/\/compuviper.mx\/tienda\/#website\"},\"datePublished\":\"2026-04-16T05:07:01+00:00\",\"dateModified\":\"2026-04-16T05:07:01+00:00\",\"description\":\"Compra Rail-a03-57 Kit De Riel Deslizante Para Instalar Servidores De Montaje En Rack, S\u00f3lo Compatibles Con Rack De Orificios Cuadrados + Env\u00edo a domicilio + Pago seguro + Garant\u00eda\",\"breadcrumb\":{\"@id\":\"https:\/\/compuviper.mx\/tienda\/producto\/qnap-rail-a03-57-kit-de-riel-deslizante-para-instalar-servidores-de-montaje-en-rack-slo-compatibles-con-rack-de-orificios-cuadrados\/#breadcrumb\"},\"inLanguage\":\"es-MX\",\"potentialAction\":[{\"@type\":\"ReadAction\",\"target\":[\"https:\/\/compuviper.mx\/tienda\/producto\/qnap-rail-a03-57-kit-de-riel-deslizante-para-instalar-servidores-de-montaje-en-rack-slo-compatibles-con-rack-de-orificios-cuadrados\/\"]}]},{\"@type\":\"BreadcrumbList\",\"@id\":\"https:\/\/compuviper.mx\/tienda\/producto\/qnap-rail-a03-57-kit-de-riel-deslizante-para-instalar-servidores-de-montaje-en-rack-slo-compatibles-con-rack-de-orificios-cuadrados\/#breadcrumb\",\"itemListElement\":[{\"@type\":\"ListItem\",\"position\":1,\"name\":\"Inicio\",\"item\":\"https:\/\/compuviper.mx\/tienda\/\"},{\"@type\":\"ListItem\",\"position\":2,\"name\":\"Productos\",\"item\":\"https:\/\/compuviper.mx\/tienda\/productos\/\"},{\"@type\":\"ListItem\",\"position\":3,\"name\":\"Accesorios\",\"item\":\"https:\/\/compuviper.mx\/tienda\/categoria-producto\/accesorios\/\"},{\"@type\":\"ListItem\",\"position\":4,\"name\":\"Servidores\",\"item\":\"https:\/\/compuviper.mx\/tienda\/categoria-producto\/accesorios\/servidores\/\"},{\"@type\":\"ListItem\",\"position\":5,\"name\":\"Qnap Rail-a03-57 Kit De Riel Deslizante Para Instalar Servidores De Montaje En Rack, S?lo Compatibles Con Rack De Orificios Cuadrados\"}]},{\"@type\":\"WebSite\",\"@id\":\"https:\/\/compuviper.mx\/tienda\/#website\",\"url\":\"https:\/\/compuviper.mx\/tienda\/\",\"name\":\"Compuviper\",\"description\":\"Proveedor de Computadoras, Laptops, Servidores, Monitores, Puntos de Venta, Teclados,   Impresoras, T\u00f3ner, C\u00e1maras de Seguridad y m\u00e1s en tu tienda en l\u00ednea\",\"publisher\":{\"@id\":\"https:\/\/compuviper.mx\/tienda\/#organization\"},\"potentialAction\":[{\"@type\":\"SearchAction\",\"target\":{\"@type\":\"EntryPoint\",\"urlTemplate\":\"https:\/\/compuviper.mx\/tienda\/?s={search_term_string}\"},\"query-input\":\"required name=search_term_string\"}],\"inLanguage\":\"es-MX\"},{\"@type\":\"Organization\",\"@id\":\"https:\/\/compuviper.mx\/tienda\/#organization\",\"name\":\"Compuviper\",\"url\":\"https:\/\/compuviper.mx\/tienda\/\",\"logo\":{\"@type\":\"ImageObject\",\"inLanguage\":\"es-MX\",\"@id\":\"https:\/\/compuviper.mx\/tienda\/#\/schema\/logo\/image\/\",\"url\":\"https:\/\/compuviper.mx\/tienda\/wp-content\/uploads\/2021\/08\/Logo-Compuviper-10.png\",\"contentUrl\":\"https:\/\/compuviper.mx\/tienda\/wp-content\/uploads\/2021\/08\/Logo-Compuviper-10.png\",\"width\":1000,\"height\":500,\"caption\":\"Compuviper\"},\"image\":{\"@id\":\"https:\/\/compuviper.mx\/tienda\/#\/schema\/logo\/image\/\"},\"sameAs\":[\"https:\/\/www.facebook.com\/compuviper\",\"https:\/\/www.youtube.com\/channel\/UCf73dERp9Y3cfOq7q8BhLjA?view_as=subscriber\"]}]}<\/script>\n<meta property=\"product:brand\" content=\"Qnap\" \/>\n<meta property=\"product:price:amount\" content=\"3197\" \/>\n<meta property=\"product:price:currency\" content=\"MXN\" \/>\n<meta property=\"og:availability\" content=\"backorder\" \/>\n<meta property=\"product:availability\" content=\"available for order\" \/>\n<meta property=\"product:retailer_item_id\" content=\"RAIL-A03-57\" \/>\n<meta property=\"product:condition\" content=\"new\" \/>\n<!-- \/ Yoast SEO plugin. -->","yoast_head_json":{"title":"[ Qnap ] &#129351; Rail-a03-57 Kit De Riel Deslizante Para Instalar Servidores De Montaje En Rack, S\u00f3lo Compatibles Con Rack De Orificios Cuadrados","description":"Compra Rail-a03-57 Kit De Riel Deslizante Para Instalar Servidores De Montaje En Rack, S\u00f3lo Compatibles Con Rack De Orificios Cuadrados + Env\u00edo a domicilio + Pago seguro + Garant\u00eda","robots":{"index":"index","follow":"follow","max-snippet":"max-snippet:-1","max-image-preview":"max-image-preview:large","max-video-preview":"max-video-preview:-1"},"canonical":"https:\/\/compuviper.mx\/tienda\/producto\/qnap-rail-a03-57-kit-de-riel-deslizante-para-instalar-servidores-de-montaje-en-rack-slo-compatibles-con-rack-de-orificios-cuadrados\/","og_locale":"es_MX","og_type":"article","og_title":"[ Qnap ] &#129351; Rail-a03-57 Kit De Riel Deslizante Para Instalar Servidores De Montaje En Rack, S\u00f3lo Compatibles Con Rack De Orificios Cuadrados","og_description":"Compra Rail-a03-57 Kit De Riel Deslizante Para Instalar Servidores De Montaje En Rack, S\u00f3lo Compatibles Con Rack De Orificios Cuadrados + Env\u00edo a domicilio + Pago seguro + Garant\u00eda","og_url":"https:\/\/compuviper.mx\/tienda\/producto\/qnap-rail-a03-57-kit-de-riel-deslizante-para-instalar-servidores-de-montaje-en-rack-slo-compatibles-con-rack-de-orificios-cuadrados\/","og_site_name":"Compuviper","article_publisher":"https:\/\/www.facebook.com\/compuviper","og_image":[{"width":200,"height":200,"url":"https:\/\/compuviper.mx\/tienda\/wp-content\/uploads\/2023\/09\/Kit-de-riel-qnap-rail-a03-57-deslizante-para-instalar-servidores-qnap-de-montaje-en-rack-solo-compatibles-con-rack-de-orificios-cuadrados.jpg","type":"image\/jpeg"}],"twitter_card":"summary_large_image","twitter_misc":{"Precio":"&#36;3,197 con IVA","Availability":"On backorder"},"schema":{"@context":"https:\/\/schema.org","@graph":[{"@type":"WebPage","@id":"https:\/\/compuviper.mx\/tienda\/producto\/qnap-rail-a03-57-kit-de-riel-deslizante-para-instalar-servidores-de-montaje-en-rack-slo-compatibles-con-rack-de-orificios-cuadrados\/","url":"https:\/\/compuviper.mx\/tienda\/producto\/qnap-rail-a03-57-kit-de-riel-deslizante-para-instalar-servidores-de-montaje-en-rack-slo-compatibles-con-rack-de-orificios-cuadrados\/","name":"[ Qnap ] &#129351; Rail-a03-57 Kit De Riel Deslizante Para Instalar Servidores De Montaje En Rack, S\u00f3lo Compatibles Con Rack De Orificios Cuadrados","isPartOf":{"@id":"https:\/\/compuviper.mx\/tienda\/#website"},"datePublished":"2026-04-16T05:07:01+00:00","dateModified":"2026-04-16T05:07:01+00:00","description":"Compra Rail-a03-57 Kit De Riel Deslizante Para Instalar Servidores De Montaje En Rack, S\u00f3lo Compatibles Con Rack De Orificios Cuadrados + Env\u00edo a domicilio + Pago seguro + Garant\u00eda","breadcrumb":{"@id":"https:\/\/compuviper.mx\/tienda\/producto\/qnap-rail-a03-57-kit-de-riel-deslizante-para-instalar-servidores-de-montaje-en-rack-slo-compatibles-con-rack-de-orificios-cuadrados\/#breadcrumb"},"inLanguage":"es-MX","potentialAction":[{"@type":"ReadAction","target":["https:\/\/compuviper.mx\/tienda\/producto\/qnap-rail-a03-57-kit-de-riel-deslizante-para-instalar-servidores-de-montaje-en-rack-slo-compatibles-con-rack-de-orificios-cuadrados\/"]}]},{"@type":"BreadcrumbList","@id":"https:\/\/compuviper.mx\/tienda\/producto\/qnap-rail-a03-57-kit-de-riel-deslizante-para-instalar-servidores-de-montaje-en-rack-slo-compatibles-con-rack-de-orificios-cuadrados\/#breadcrumb","itemListElement":[{"@type":"ListItem","position":1,"name":"Inicio","item":"https:\/\/compuviper.mx\/tienda\/"},{"@type":"ListItem","position":2,"name":"Productos","item":"https:\/\/compuviper.mx\/tienda\/productos\/"},{"@type":"ListItem","position":3,"name":"Accesorios","item":"https:\/\/compuviper.mx\/tienda\/categoria-producto\/accesorios\/"},{"@type":"ListItem","position":4,"name":"Servidores","item":"https:\/\/compuviper.mx\/tienda\/categoria-producto\/accesorios\/servidores\/"},{"@type":"ListItem","position":5,"name":"Qnap Rail-a03-57 Kit De Riel Deslizante Para Instalar Servidores De Montaje En Rack, S?lo Compatibles Con Rack De Orificios Cuadrados"}]},{"@type":"WebSite","@id":"https:\/\/compuviper.mx\/tienda\/#website","url":"https:\/\/compuviper.mx\/tienda\/","name":"Compuviper","description":"Proveedor de Computadoras, Laptops, Servidores, Monitores, Puntos de Venta, Teclados,   Impresoras, T\u00f3ner, C\u00e1maras de Seguridad y m\u00e1s en tu tienda en l\u00ednea","publisher":{"@id":"https:\/\/compuviper.mx\/tienda\/#organization"},"potentialAction":[{"@type":"SearchAction","target":{"@type":"EntryPoint","urlTemplate":"https:\/\/compuviper.mx\/tienda\/?s={search_term_string}"},"query-input":"required name=search_term_string"}],"inLanguage":"es-MX"},{"@type":"Organization","@id":"https:\/\/compuviper.mx\/tienda\/#organization","name":"Compuviper","url":"https:\/\/compuviper.mx\/tienda\/","logo":{"@type":"ImageObject","inLanguage":"es-MX","@id":"https:\/\/compuviper.mx\/tienda\/#\/schema\/logo\/image\/","url":"https:\/\/compuviper.mx\/tienda\/wp-content\/uploads\/2021\/08\/Logo-Compuviper-10.png","contentUrl":"https:\/\/compuviper.mx\/tienda\/wp-content\/uploads\/2021\/08\/Logo-Compuviper-10.png","width":1000,"height":500,"caption":"Compuviper"},"image":{"@id":"https:\/\/compuviper.mx\/tienda\/#\/schema\/logo\/image\/"},"sameAs":["https:\/\/www.facebook.com\/compuviper","https:\/\/www.youtube.com\/channel\/UCf73dERp9Y3cfOq7q8BhLjA?view_as=subscriber"]}]},"product_brand":"Qnap","product_price_amount":"3197","product_price_currency":"MXN","og_availability":"backorder","product_availability":"available for order","product_retailer_item_id":"RAIL-A03-57","product_condition":"new"},"_links":{"self":[{"href":"https:\/\/compuviper.mx\/tienda\/wp-json\/wp\/v2\/product\/155092"}],"collection":[{"href":"https:\/\/compuviper.mx\/tienda\/wp-json\/wp\/v2\/product"}],"about":[{"href":"https:\/\/compuviper.mx\/tienda\/wp-json\/wp\/v2\/types\/product"}],"replies":[{"embeddable":true,"href":"https:\/\/compuviper.mx\/tienda\/wp-json\/wp\/v2\/comments?post=155092"}],"wp:featuredmedia":[{"embeddable":true,"href":"https:\/\/compuviper.mx\/tienda\/wp-json\/wp\/v2\/media\/205657"}],"wp:attachment":[{"href":"https:\/\/compuviper.mx\/tienda\/wp-json\/wp\/v2\/media?parent=155092"}],"wp:term":[{"taxonomy":"product_cat","embeddable":true,"href":"https:\/\/compuviper.mx\/tienda\/wp-json\/wp\/v2\/product_cat?post=155092"},{"taxonomy":"product_tag","embeddable":true,"href":"https:\/\/compuviper.mx\/tienda\/wp-json\/wp\/v2\/product_tag?post=155092"}],"curies":[{"name":"wp","href":"https:\/\/api.w.org\/{rel}","templated":true}]}}