{"id":153092,"date":"2026-04-01T23:08:34","date_gmt":"2026-04-02T05:08:34","guid":{"rendered":"https:\/\/compuviper.mx\/tienda\/producto\/startech-com-icusb2324852-adaptador-usb-a-2-puertos-serial-rs232-rs422-rs485-con-retencin-com-mod\/"},"modified":"2026-04-01T23:08:34","modified_gmt":"2026-04-02T05:08:34","slug":"startech-com-icusb2324852-adaptador-usb-a-a-2-puertos-serial-rs232-rs422-rs485-con-retencin-com-mod","status":"publish","type":"product","link":"https:\/\/compuviper.mx\/tienda\/producto\/startech-com-icusb2324852-adaptador-usb-a-a-2-puertos-serial-rs232-rs422-rs485-con-retencin-com-mod\/","title":{"rendered":"Startech.com Icusb2324852 Adaptador Usb-a A 2 Puertos Serial Rs232 Rs422 Rs485 Con Retencin Com &#8211;  Mod."},"content":{"rendered":"<table class=\"descripcion\">\n<tr>\n<td>Caracter\u00edsticas f\u00edsicas<\/td>\n<\/tr>\n<tr>\n<td>Color: gris<\/td>\n<\/tr>\n<tr>\n<td>Tipo de gabinete: pl\u00e1stico<\/td>\n<\/tr>\n<tr>\n<td>Longitud: 82.3 mm<\/td>\n<\/tr>\n<tr>\n<td>Ancho: 44.2 mm<\/td>\n<\/tr>\n<tr>\n<td>Altura: 2.3 cm<\/td>\n<\/tr>\n<tr>\n<td>Peso: 300 g<\/td>\n<\/tr>\n<tr>\n<td>Conector(es)<\/td>\n<\/tr>\n<tr>\n<td>1 &#8211; usb type-a (4 pines) usb 2.0<\/td>\n<\/tr>\n<tr>\n<td>Puertos externos<\/td>\n<\/tr>\n<tr>\n<td>1 &#8211; db-9 (9 pines, d-sub)<\/td>\n<\/tr>\n<tr>\n<td>1 &#8211; bloque de terminales (5 cables)<\/td>\n<\/tr>\n<tr>\n<td>Hardware<\/td>\n<\/tr>\n<tr>\n<td>Cantidad de puertos: 2<\/td>\n<\/tr>\n<tr>\n<td>Interfaz: serial<\/td>\n<\/tr>\n<tr>\n<td>Tipo de bus: usb 2.0<\/td>\n<\/tr>\n<tr>\n<td>Estilo de puerto: concentrador externo<\/td>\n<\/tr>\n<tr>\n<td>Id del conjunto de chips: ftdi &#8211; ft2232h<\/td>\n<\/tr>\n<tr>\n<td>Indicadores led<\/td>\n<\/tr>\n<tr>\n<td>1 &#8211; rojo &#8211; led de encendido<\/td>\n<\/tr>\n<tr>\n<td>Rendimiento<\/td>\n<\/tr>\n<tr>\n<td>Protocolo serie:rs-232\/422\/485<\/td>\n<\/tr>\n<tr>\n<td>Tasa m\u00e1xima de baudios: 921,6 kbps<\/td>\n<\/tr>\n<tr>\n<td>Bits de datos: 7, 8<\/td>\n<\/tr>\n<tr>\n<td>Fifo: 128 bytes<\/td>\n<\/tr>\n<tr>\n<td>Control de flujo: xon\/xoff, hardware, y ninguno<\/td>\n<\/tr>\n<tr>\n<td>Paridad: odd, even, mark, space, and none<\/td>\n<\/tr>\n<tr>\n<td>Bits de detenci\u00f3n: 1, 2<\/td>\n<\/tr>\n<tr>\n<td>Software<\/td>\n<\/tr>\n<tr>\n<td>Compatibilidad os<\/td>\n<\/tr>\n<tr>\n<td>Windows ce (4.2, 5.0, 6.0), xp embedded, 98se, 2000, xp, vista, 7, 8, 8.1, 10, 11<\/td>\n<\/tr>\n<tr>\n<td>Windows server 2003, 2008 r2, 2012, 2012 r2, 2016, 2019<\/td>\n<\/tr>\n<tr>\n<td>Macos 10.6 a 10.15, 11.0, 12.0<\/td>\n<\/tr>\n<tr>\n<td>Linux 2.4.x a 4.4.x solamente las versiones lts<\/td>\n<\/tr>\n<\/table>\n","protected":false},"excerpt":{"rendered":"<p>El adaptador usb a serial\u00a0rs232 rs422 rs485 de 2 puertos con retenci\u00f3n com, icusb2324852 permite conectar toda clase de dispositivos de puerto serial\u00a0a una computadora\u00a0equipada\u00a0con usb, para actuar tanto en comunicaci\u00f3n rs232, rs422 como rs485. El adaptador consta de un conector macho de 9 pines (db9) y un bloque de terminales de 5 pines as\u00ed como de controles de interruptores dip que simplifican la configuraci\u00f3n del puerto requiriendo un software m\u00ednimo. El adaptador posibilita el uso de 2 puertos simult\u00e1neamente, incluyendo protocolos mixtos; por ejemplo rs-232 en el puerto 1, y rs-485 en el puerto 2, adem\u00e1s de una gran variedad de otras combinaciones. Para una instalaci\u00f3n limpia y simple en entornos industriales o de oficina, el adaptador usb rs232\/rs422\/rs485 ofrece montaje en pared y alimentaci\u00f3n a trav\u00e9s de la conexi\u00f3n usb del host, brindando alimentaci\u00f3n al dispositivo serial conectado sin necesidad de usar un adaptador de alimentaci\u00f3n externo.<\/p>\n","protected":false},"featured_media":153253,"comment_status":"open","ping_status":"open","template":"","meta":[],"product_cat":[1485,1492],"product_tag":[1590],"acf":[],"yoast_head":"<!-- This site is optimized with the Yoast SEO plugin v21.7 - https:\/\/yoast.com\/wordpress\/plugins\/seo\/ -->\n<title>[ Startech.com ] &#129351; Icusb2324852 Adaptador Usb-a A 2 Puertos Serial Rs232 Rs422 Rs485 Con Retencin Com - Mod.<\/title>\n<meta name=\"description\" content=\"Compra Icusb2324852 Adaptador Usb-a A 2 Puertos Serial Rs232 Rs422 Rs485 Con Retencin Com - Mod. + Env\u00edo a domicilio + Pago seguro + Garant\u00eda\" \/>\n<meta name=\"robots\" content=\"index, follow, max-snippet:-1, max-image-preview:large, max-video-preview:-1\" \/>\n<link rel=\"canonical\" href=\"https:\/\/compuviper.mx\/tienda\/producto\/startech-com-icusb2324852-adaptador-usb-a-a-2-puertos-serial-rs232-rs422-rs485-con-retencin-com-mod\/\" \/>\n<meta property=\"og:locale\" content=\"es_MX\" \/>\n<meta property=\"og:type\" content=\"article\" \/>\n<meta property=\"og:title\" content=\"[ Startech.com ] &#129351; Icusb2324852 Adaptador Usb-a A 2 Puertos Serial Rs232 Rs422 Rs485 Con Retencin Com - Mod.\" \/>\n<meta property=\"og:description\" content=\"Compra Icusb2324852 Adaptador Usb-a A 2 Puertos Serial Rs232 Rs422 Rs485 Con Retencin Com - Mod. + Env\u00edo a domicilio + Pago seguro + Garant\u00eda\" \/>\n<meta property=\"og:url\" content=\"https:\/\/compuviper.mx\/tienda\/producto\/startech-com-icusb2324852-adaptador-usb-a-a-2-puertos-serial-rs232-rs422-rs485-con-retencin-com-mod\/\" \/>\n<meta property=\"og:site_name\" content=\"Compuviper\" \/>\n<meta property=\"article:publisher\" content=\"https:\/\/www.facebook.com\/compuviper\" \/>\n<meta property=\"og:image\" content=\"https:\/\/compuviper.mx\/tienda\/wp-content\/uploads\/2022\/07\/Adaptador-usb-a-2-puertos-serial-rs232-rs422-rs485-con-retencion-com-startech.com-mod.-icusb2324852.jpg\" \/>\n\t<meta property=\"og:image:width\" content=\"200\" \/>\n\t<meta property=\"og:image:height\" content=\"200\" \/>\n\t<meta property=\"og:image:type\" content=\"image\/jpeg\" \/>\n<meta name=\"twitter:card\" content=\"summary_large_image\" \/>\n<meta name=\"twitter:label1\" content=\"Precio\" \/>\n\t<meta name=\"twitter:data1\" content=\"&#36;2,107 con IVA\" \/>\n\t<meta name=\"twitter:label2\" content=\"Availability\" \/>\n\t<meta name=\"twitter:data2\" content=\"Out of stock\" \/>\n<script type=\"application\/ld+json\" class=\"yoast-schema-graph\">{\"@context\":\"https:\/\/schema.org\",\"@graph\":[{\"@type\":\"WebPage\",\"@id\":\"https:\/\/compuviper.mx\/tienda\/producto\/startech-com-icusb2324852-adaptador-usb-a-a-2-puertos-serial-rs232-rs422-rs485-con-retencin-com-mod\/\",\"url\":\"https:\/\/compuviper.mx\/tienda\/producto\/startech-com-icusb2324852-adaptador-usb-a-a-2-puertos-serial-rs232-rs422-rs485-con-retencin-com-mod\/\",\"name\":\"[ Startech.com ] &#129351; Icusb2324852 Adaptador Usb-a A 2 Puertos Serial Rs232 Rs422 Rs485 Con Retencin Com - Mod.\",\"isPartOf\":{\"@id\":\"https:\/\/compuviper.mx\/tienda\/#website\"},\"datePublished\":\"2026-04-02T05:08:34+00:00\",\"dateModified\":\"2026-04-02T05:08:34+00:00\",\"description\":\"Compra Icusb2324852 Adaptador Usb-a A 2 Puertos Serial Rs232 Rs422 Rs485 Con Retencin Com - Mod. + Env\u00edo a domicilio + Pago seguro + Garant\u00eda\",\"breadcrumb\":{\"@id\":\"https:\/\/compuviper.mx\/tienda\/producto\/startech-com-icusb2324852-adaptador-usb-a-a-2-puertos-serial-rs232-rs422-rs485-con-retencin-com-mod\/#breadcrumb\"},\"inLanguage\":\"es-MX\",\"potentialAction\":[{\"@type\":\"ReadAction\",\"target\":[\"https:\/\/compuviper.mx\/tienda\/producto\/startech-com-icusb2324852-adaptador-usb-a-a-2-puertos-serial-rs232-rs422-rs485-con-retencin-com-mod\/\"]}]},{\"@type\":\"BreadcrumbList\",\"@id\":\"https:\/\/compuviper.mx\/tienda\/producto\/startech-com-icusb2324852-adaptador-usb-a-a-2-puertos-serial-rs232-rs422-rs485-con-retencin-com-mod\/#breadcrumb\",\"itemListElement\":[{\"@type\":\"ListItem\",\"position\":1,\"name\":\"Inicio\",\"item\":\"https:\/\/compuviper.mx\/tienda\/\"},{\"@type\":\"ListItem\",\"position\":2,\"name\":\"Productos\",\"item\":\"https:\/\/compuviper.mx\/tienda\/productos\/\"},{\"@type\":\"ListItem\",\"position\":3,\"name\":\"Accesorios\",\"item\":\"https:\/\/compuviper.mx\/tienda\/categoria-producto\/accesorios\/\"},{\"@type\":\"ListItem\",\"position\":4,\"name\":\"Adaptadores\",\"item\":\"https:\/\/compuviper.mx\/tienda\/categoria-producto\/accesorios\/adaptadores\/\"},{\"@type\":\"ListItem\",\"position\":5,\"name\":\"Startech.com Icusb2324852 Adaptador Usb-a A 2 Puertos Serial Rs232 Rs422 Rs485 Con Retencin Com &#8211; Mod.\"}]},{\"@type\":\"WebSite\",\"@id\":\"https:\/\/compuviper.mx\/tienda\/#website\",\"url\":\"https:\/\/compuviper.mx\/tienda\/\",\"name\":\"Compuviper\",\"description\":\"Proveedor de Computadoras, Laptops, Servidores, Monitores, Puntos de Venta, Teclados,   Impresoras, T\u00f3ner, C\u00e1maras de Seguridad y m\u00e1s en tu tienda en l\u00ednea\",\"publisher\":{\"@id\":\"https:\/\/compuviper.mx\/tienda\/#organization\"},\"potentialAction\":[{\"@type\":\"SearchAction\",\"target\":{\"@type\":\"EntryPoint\",\"urlTemplate\":\"https:\/\/compuviper.mx\/tienda\/?s={search_term_string}\"},\"query-input\":\"required name=search_term_string\"}],\"inLanguage\":\"es-MX\"},{\"@type\":\"Organization\",\"@id\":\"https:\/\/compuviper.mx\/tienda\/#organization\",\"name\":\"Compuviper\",\"url\":\"https:\/\/compuviper.mx\/tienda\/\",\"logo\":{\"@type\":\"ImageObject\",\"inLanguage\":\"es-MX\",\"@id\":\"https:\/\/compuviper.mx\/tienda\/#\/schema\/logo\/image\/\",\"url\":\"https:\/\/compuviper.mx\/tienda\/wp-content\/uploads\/2021\/08\/Logo-Compuviper-10.png\",\"contentUrl\":\"https:\/\/compuviper.mx\/tienda\/wp-content\/uploads\/2021\/08\/Logo-Compuviper-10.png\",\"width\":1000,\"height\":500,\"caption\":\"Compuviper\"},\"image\":{\"@id\":\"https:\/\/compuviper.mx\/tienda\/#\/schema\/logo\/image\/\"},\"sameAs\":[\"https:\/\/www.facebook.com\/compuviper\",\"https:\/\/www.youtube.com\/channel\/UCf73dERp9Y3cfOq7q8BhLjA?view_as=subscriber\"]}]}<\/script>\n<meta property=\"product:brand\" content=\"STARTECH.COM\" \/>\n<meta property=\"product:price:amount\" content=\"2107\" \/>\n<meta property=\"product:price:currency\" content=\"MXN\" \/>\n<meta property=\"og:availability\" content=\"out of stock\" \/>\n<meta property=\"product:availability\" content=\"out of stock\" \/>\n<meta property=\"product:retailer_item_id\" content=\"ICUSB2324852\" \/>\n<meta property=\"product:condition\" content=\"new\" \/>\n<!-- \/ Yoast SEO plugin. -->","yoast_head_json":{"title":"[ Startech.com ] &#129351; Icusb2324852 Adaptador Usb-a A 2 Puertos Serial Rs232 Rs422 Rs485 Con Retencin Com - Mod.","description":"Compra Icusb2324852 Adaptador Usb-a A 2 Puertos Serial Rs232 Rs422 Rs485 Con Retencin Com - Mod. + Env\u00edo a domicilio + Pago seguro + Garant\u00eda","robots":{"index":"index","follow":"follow","max-snippet":"max-snippet:-1","max-image-preview":"max-image-preview:large","max-video-preview":"max-video-preview:-1"},"canonical":"https:\/\/compuviper.mx\/tienda\/producto\/startech-com-icusb2324852-adaptador-usb-a-a-2-puertos-serial-rs232-rs422-rs485-con-retencin-com-mod\/","og_locale":"es_MX","og_type":"article","og_title":"[ Startech.com ] &#129351; Icusb2324852 Adaptador Usb-a A 2 Puertos Serial Rs232 Rs422 Rs485 Con Retencin Com - Mod.","og_description":"Compra Icusb2324852 Adaptador Usb-a A 2 Puertos Serial Rs232 Rs422 Rs485 Con Retencin Com - Mod. + Env\u00edo a domicilio + Pago seguro + Garant\u00eda","og_url":"https:\/\/compuviper.mx\/tienda\/producto\/startech-com-icusb2324852-adaptador-usb-a-a-2-puertos-serial-rs232-rs422-rs485-con-retencin-com-mod\/","og_site_name":"Compuviper","article_publisher":"https:\/\/www.facebook.com\/compuviper","og_image":[{"width":200,"height":200,"url":"https:\/\/compuviper.mx\/tienda\/wp-content\/uploads\/2022\/07\/Adaptador-usb-a-2-puertos-serial-rs232-rs422-rs485-con-retencion-com-startech.com-mod.-icusb2324852.jpg","type":"image\/jpeg"}],"twitter_card":"summary_large_image","twitter_misc":{"Precio":"&#36;2,107 con IVA","Availability":"Out of stock"},"schema":{"@context":"https:\/\/schema.org","@graph":[{"@type":"WebPage","@id":"https:\/\/compuviper.mx\/tienda\/producto\/startech-com-icusb2324852-adaptador-usb-a-a-2-puertos-serial-rs232-rs422-rs485-con-retencin-com-mod\/","url":"https:\/\/compuviper.mx\/tienda\/producto\/startech-com-icusb2324852-adaptador-usb-a-a-2-puertos-serial-rs232-rs422-rs485-con-retencin-com-mod\/","name":"[ Startech.com ] &#129351; Icusb2324852 Adaptador Usb-a A 2 Puertos Serial Rs232 Rs422 Rs485 Con Retencin Com - Mod.","isPartOf":{"@id":"https:\/\/compuviper.mx\/tienda\/#website"},"datePublished":"2026-04-02T05:08:34+00:00","dateModified":"2026-04-02T05:08:34+00:00","description":"Compra Icusb2324852 Adaptador Usb-a A 2 Puertos Serial Rs232 Rs422 Rs485 Con Retencin Com - Mod. + Env\u00edo a domicilio + Pago seguro + Garant\u00eda","breadcrumb":{"@id":"https:\/\/compuviper.mx\/tienda\/producto\/startech-com-icusb2324852-adaptador-usb-a-a-2-puertos-serial-rs232-rs422-rs485-con-retencin-com-mod\/#breadcrumb"},"inLanguage":"es-MX","potentialAction":[{"@type":"ReadAction","target":["https:\/\/compuviper.mx\/tienda\/producto\/startech-com-icusb2324852-adaptador-usb-a-a-2-puertos-serial-rs232-rs422-rs485-con-retencin-com-mod\/"]}]},{"@type":"BreadcrumbList","@id":"https:\/\/compuviper.mx\/tienda\/producto\/startech-com-icusb2324852-adaptador-usb-a-a-2-puertos-serial-rs232-rs422-rs485-con-retencin-com-mod\/#breadcrumb","itemListElement":[{"@type":"ListItem","position":1,"name":"Inicio","item":"https:\/\/compuviper.mx\/tienda\/"},{"@type":"ListItem","position":2,"name":"Productos","item":"https:\/\/compuviper.mx\/tienda\/productos\/"},{"@type":"ListItem","position":3,"name":"Accesorios","item":"https:\/\/compuviper.mx\/tienda\/categoria-producto\/accesorios\/"},{"@type":"ListItem","position":4,"name":"Adaptadores","item":"https:\/\/compuviper.mx\/tienda\/categoria-producto\/accesorios\/adaptadores\/"},{"@type":"ListItem","position":5,"name":"Startech.com Icusb2324852 Adaptador Usb-a A 2 Puertos Serial Rs232 Rs422 Rs485 Con Retencin Com &#8211; Mod."}]},{"@type":"WebSite","@id":"https:\/\/compuviper.mx\/tienda\/#website","url":"https:\/\/compuviper.mx\/tienda\/","name":"Compuviper","description":"Proveedor de Computadoras, Laptops, Servidores, Monitores, Puntos de Venta, Teclados,   Impresoras, T\u00f3ner, C\u00e1maras de Seguridad y m\u00e1s en tu tienda en l\u00ednea","publisher":{"@id":"https:\/\/compuviper.mx\/tienda\/#organization"},"potentialAction":[{"@type":"SearchAction","target":{"@type":"EntryPoint","urlTemplate":"https:\/\/compuviper.mx\/tienda\/?s={search_term_string}"},"query-input":"required name=search_term_string"}],"inLanguage":"es-MX"},{"@type":"Organization","@id":"https:\/\/compuviper.mx\/tienda\/#organization","name":"Compuviper","url":"https:\/\/compuviper.mx\/tienda\/","logo":{"@type":"ImageObject","inLanguage":"es-MX","@id":"https:\/\/compuviper.mx\/tienda\/#\/schema\/logo\/image\/","url":"https:\/\/compuviper.mx\/tienda\/wp-content\/uploads\/2021\/08\/Logo-Compuviper-10.png","contentUrl":"https:\/\/compuviper.mx\/tienda\/wp-content\/uploads\/2021\/08\/Logo-Compuviper-10.png","width":1000,"height":500,"caption":"Compuviper"},"image":{"@id":"https:\/\/compuviper.mx\/tienda\/#\/schema\/logo\/image\/"},"sameAs":["https:\/\/www.facebook.com\/compuviper","https:\/\/www.youtube.com\/channel\/UCf73dERp9Y3cfOq7q8BhLjA?view_as=subscriber"]}]},"product_brand":"STARTECH.COM","product_price_amount":"2107","product_price_currency":"MXN","og_availability":"out of stock","product_availability":"out of stock","product_retailer_item_id":"ICUSB2324852","product_condition":"new"},"_links":{"self":[{"href":"https:\/\/compuviper.mx\/tienda\/wp-json\/wp\/v2\/product\/153092"}],"collection":[{"href":"https:\/\/compuviper.mx\/tienda\/wp-json\/wp\/v2\/product"}],"about":[{"href":"https:\/\/compuviper.mx\/tienda\/wp-json\/wp\/v2\/types\/product"}],"replies":[{"embeddable":true,"href":"https:\/\/compuviper.mx\/tienda\/wp-json\/wp\/v2\/comments?post=153092"}],"wp:featuredmedia":[{"embeddable":true,"href":"https:\/\/compuviper.mx\/tienda\/wp-json\/wp\/v2\/media\/153253"}],"wp:attachment":[{"href":"https:\/\/compuviper.mx\/tienda\/wp-json\/wp\/v2\/media?parent=153092"}],"wp:term":[{"taxonomy":"product_cat","embeddable":true,"href":"https:\/\/compuviper.mx\/tienda\/wp-json\/wp\/v2\/product_cat?post=153092"},{"taxonomy":"product_tag","embeddable":true,"href":"https:\/\/compuviper.mx\/tienda\/wp-json\/wp\/v2\/product_tag?post=153092"}],"curies":[{"name":"wp","href":"https:\/\/api.w.org\/{rel}","templated":true}]}}