{"id":152687,"date":"2026-04-01T23:08:32","date_gmt":"2026-04-02T05:08:32","guid":{"rendered":"https:\/\/compuviper.mx\/tienda\/producto\/peerless-av-osua771pu-soporte-articulado-de-pared-peerless-para-pantallas-de-55-a-77-pulgadas-capacidad-hasta-57-kg-designerseries\/"},"modified":"2026-04-01T23:08:32","modified_gmt":"2026-04-02T05:08:32","slug":"peerless-av-osua771pu-soporte-articulado-de-pared-peerless-para-pantallas-de-55-a-77-pulgadas-capacidad-hasta-57-kg-designerseries","status":"publish","type":"product","link":"https:\/\/compuviper.mx\/tienda\/producto\/peerless-av-osua771pu-soporte-articulado-de-pared-peerless-para-pantallas-de-55-a-77-pulgadas-capacidad-hasta-57-kg-designerseries\/","title":{"rendered":"Peerless-av Osua771pu Soporte Articulado De Pared Peerless  Para Pantallas De 55 A 77 Pulgadas Capacidad Hasta 57 Kg Designerseries"},"content":{"rendered":"<table class=\"descripcion\">\n<tr>\n<td>Especificaciones del producto<\/td>\n<\/tr>\n<tr>\n<td>Dimensiones 650 x 430 x 73-657 mm<\/td>\n<\/tr>\n<tr>\n<td>Peso del producto 10,0 kg<\/td>\n<\/tr>\n<tr>\n<td>Capacidad de carga 57 kg<\/td>\n<\/tr>\n<tr>\n<td>Tama\u00f1o de pantalla m\u00ednimo a m\u00e1ximo55 a 77<\/td>\n<\/tr>\n<tr>\n<td>Patr\u00f3n vesa200 x 100 a 400 x 400 mm<\/td>\n<\/tr>\n<tr>\n<td>Colores disponibles negro brillante<\/td>\n<\/tr>\n<tr>\n<td>Especificaciones del paquete<\/td>\n<\/tr>\n<tr>\n<td>Tama\u00f1o del empaque 1041 x 102 x 603 mm<\/td>\n<\/tr>\n<tr>\n<td>Peso de env\u00edo 14,0 kg<\/td>\n<\/tr>\n<tr>\n<td>C\u00f3digo upc del paquete735029339915<\/td>\n<\/tr>\n<tr>\n<td>Contenidos del paquete<\/td>\n<\/tr>\n<tr>\n<td>Montaje en pared, hardware de instalaci\u00f3n en pared y pantalla, instrucciones de instalaci\u00f3n<\/td>\n<\/tr>\n<\/table>\n","protected":false},"excerpt":{"rendered":"<p>El soporte articulado universal oled\/qled designerseries\u0099 fue dise\u00f1ado espec\u00edficamente para las caracter\u00edsticas \u00fanicas de los televisores oled y qled. El vidrio ultrafino, el patr\u00f3n vesa\u00ae inclinado en la parte inferior y la parte inferior sobresaliente de los televisores requieren caracter\u00edsticas especializadas para montar y mover su televisor de manera segura. El cabezal inclinable con trinquete le permite ajustar el \u00e1ngulo de su pantalla sin tener que ejercer una presi\u00f3n excesiva sobre el delgado vidrio oled. El soporte del adaptador incluido con el soporte tiene el tama\u00f1o adecuado para que no haya interferencias con las entradas de alimentaci\u00f3n o las conexiones hdmi. Los brazos articulados dobles contorneados funcionan sin problemas para evitar una tensi\u00f3n innecesaria en su televisor. La gesti\u00f3n interna de cables oculta el cableado de alimentaci\u00f3n y hdmi para lograr un aspecto limpio y profesional.<\/p>\n","protected":false},"featured_media":153248,"comment_status":"open","ping_status":"open","template":"","meta":[],"product_cat":[2321,2265],"product_tag":[1904],"acf":[],"yoast_head":"<!-- This site is optimized with the Yoast SEO plugin v21.7 - https:\/\/yoast.com\/wordpress\/plugins\/seo\/ -->\n<title>[ Peerless-av ] &#129351; Osua771pu Soporte Articulado De Pared Peerless Para Pantallas De 55 A 77 Pulgadas Capacidad Hasta 57 Kg Designerseries<\/title>\n<meta name=\"description\" content=\"Compra Osua771pu Soporte Articulado De Pared Peerless Para Pantallas De 55 A 77 Pulgadas Capacidad Hasta 57 Kg Designerseries + Env\u00edo a domicilio + Pago seguro + Garant\u00eda\" \/>\n<meta name=\"robots\" content=\"index, follow, max-snippet:-1, max-image-preview:large, max-video-preview:-1\" \/>\n<link rel=\"canonical\" href=\"https:\/\/compuviper.mx\/tienda\/producto\/peerless-av-osua771pu-soporte-articulado-de-pared-peerless-para-pantallas-de-55-a-77-pulgadas-capacidad-hasta-57-kg-designerseries\/\" \/>\n<meta property=\"og:locale\" content=\"es_MX\" \/>\n<meta property=\"og:type\" content=\"article\" \/>\n<meta property=\"og:title\" content=\"[ Peerless-av ] &#129351; Osua771pu Soporte Articulado De Pared Peerless Para Pantallas De 55 A 77 Pulgadas Capacidad Hasta 57 Kg Designerseries\" \/>\n<meta property=\"og:description\" content=\"Compra Osua771pu Soporte Articulado De Pared Peerless Para Pantallas De 55 A 77 Pulgadas Capacidad Hasta 57 Kg Designerseries + Env\u00edo a domicilio + Pago seguro + Garant\u00eda\" \/>\n<meta property=\"og:url\" content=\"https:\/\/compuviper.mx\/tienda\/producto\/peerless-av-osua771pu-soporte-articulado-de-pared-peerless-para-pantallas-de-55-a-77-pulgadas-capacidad-hasta-57-kg-designerseries\/\" \/>\n<meta property=\"og:site_name\" content=\"Compuviper\" \/>\n<meta property=\"article:publisher\" content=\"https:\/\/www.facebook.com\/compuviper\" \/>\n<meta property=\"og:image\" content=\"https:\/\/compuviper.mx\/tienda\/wp-content\/uploads\/2022\/07\/Soporte-articulado-de-pared-peerless-osua771pu-para-pantallas-de-55-a-77-pulgadas-capacidad-hasta-57-kg-designerseries.jpg\" \/>\n\t<meta property=\"og:image:width\" content=\"200\" \/>\n\t<meta property=\"og:image:height\" content=\"200\" \/>\n\t<meta property=\"og:image:type\" content=\"image\/jpeg\" \/>\n<meta name=\"twitter:card\" content=\"summary_large_image\" \/>\n<meta name=\"twitter:label1\" content=\"Precio\" \/>\n\t<meta name=\"twitter:data1\" content=\"&#36;10,505 con IVA\" \/>\n\t<meta name=\"twitter:label2\" content=\"Availability\" \/>\n\t<meta name=\"twitter:data2\" content=\"On backorder\" \/>\n<script type=\"application\/ld+json\" class=\"yoast-schema-graph\">{\"@context\":\"https:\/\/schema.org\",\"@graph\":[{\"@type\":\"WebPage\",\"@id\":\"https:\/\/compuviper.mx\/tienda\/producto\/peerless-av-osua771pu-soporte-articulado-de-pared-peerless-para-pantallas-de-55-a-77-pulgadas-capacidad-hasta-57-kg-designerseries\/\",\"url\":\"https:\/\/compuviper.mx\/tienda\/producto\/peerless-av-osua771pu-soporte-articulado-de-pared-peerless-para-pantallas-de-55-a-77-pulgadas-capacidad-hasta-57-kg-designerseries\/\",\"name\":\"[ Peerless-av ] &#129351; Osua771pu Soporte Articulado De Pared Peerless Para Pantallas De 55 A 77 Pulgadas Capacidad Hasta 57 Kg Designerseries\",\"isPartOf\":{\"@id\":\"https:\/\/compuviper.mx\/tienda\/#website\"},\"datePublished\":\"2026-04-02T05:08:32+00:00\",\"dateModified\":\"2026-04-02T05:08:32+00:00\",\"description\":\"Compra Osua771pu Soporte Articulado De Pared Peerless Para Pantallas De 55 A 77 Pulgadas Capacidad Hasta 57 Kg Designerseries + Env\u00edo a domicilio + Pago seguro + Garant\u00eda\",\"breadcrumb\":{\"@id\":\"https:\/\/compuviper.mx\/tienda\/producto\/peerless-av-osua771pu-soporte-articulado-de-pared-peerless-para-pantallas-de-55-a-77-pulgadas-capacidad-hasta-57-kg-designerseries\/#breadcrumb\"},\"inLanguage\":\"es-MX\",\"potentialAction\":[{\"@type\":\"ReadAction\",\"target\":[\"https:\/\/compuviper.mx\/tienda\/producto\/peerless-av-osua771pu-soporte-articulado-de-pared-peerless-para-pantallas-de-55-a-77-pulgadas-capacidad-hasta-57-kg-designerseries\/\"]}]},{\"@type\":\"BreadcrumbList\",\"@id\":\"https:\/\/compuviper.mx\/tienda\/producto\/peerless-av-osua771pu-soporte-articulado-de-pared-peerless-para-pantallas-de-55-a-77-pulgadas-capacidad-hasta-57-kg-designerseries\/#breadcrumb\",\"itemListElement\":[{\"@type\":\"ListItem\",\"position\":1,\"name\":\"Inicio\",\"item\":\"https:\/\/compuviper.mx\/tienda\/\"},{\"@type\":\"ListItem\",\"position\":2,\"name\":\"Productos\",\"item\":\"https:\/\/compuviper.mx\/tienda\/productos\/\"},{\"@type\":\"ListItem\",\"position\":3,\"name\":\"Soportes Y Bases P\/tv\/ Proyectores\/dvd\/consolas\/bocinas\/pantallas\/monotores\",\"item\":\"https:\/\/compuviper.mx\/tienda\/categoria-producto\/soportes-y-bases-p-tv-proyectores-dvd-consolas-bocinas-pantallas-monotores\/\"},{\"@type\":\"ListItem\",\"position\":4,\"name\":\"Soporte Y Base Para Tv\/pantallas\/monitores\/kiosko\",\"item\":\"https:\/\/compuviper.mx\/tienda\/categoria-producto\/soportes-y-bases-p-tv-proyectores-dvd-consolas-bocinas-pantallas-monotores\/soporte-y-base-para-tv-pantallas-monitores-kiosko\/\"},{\"@type\":\"ListItem\",\"position\":5,\"name\":\"Peerless-av Osua771pu Soporte Articulado De Pared Peerless Para Pantallas De 55 A 77 Pulgadas Capacidad Hasta 57 Kg Designerseries\"}]},{\"@type\":\"WebSite\",\"@id\":\"https:\/\/compuviper.mx\/tienda\/#website\",\"url\":\"https:\/\/compuviper.mx\/tienda\/\",\"name\":\"Compuviper\",\"description\":\"Proveedor de Computadoras, Laptops, Servidores, Monitores, Puntos de Venta, Teclados,   Impresoras, T\u00f3ner, C\u00e1maras de Seguridad y m\u00e1s en tu tienda en l\u00ednea\",\"publisher\":{\"@id\":\"https:\/\/compuviper.mx\/tienda\/#organization\"},\"potentialAction\":[{\"@type\":\"SearchAction\",\"target\":{\"@type\":\"EntryPoint\",\"urlTemplate\":\"https:\/\/compuviper.mx\/tienda\/?s={search_term_string}\"},\"query-input\":\"required name=search_term_string\"}],\"inLanguage\":\"es-MX\"},{\"@type\":\"Organization\",\"@id\":\"https:\/\/compuviper.mx\/tienda\/#organization\",\"name\":\"Compuviper\",\"url\":\"https:\/\/compuviper.mx\/tienda\/\",\"logo\":{\"@type\":\"ImageObject\",\"inLanguage\":\"es-MX\",\"@id\":\"https:\/\/compuviper.mx\/tienda\/#\/schema\/logo\/image\/\",\"url\":\"https:\/\/compuviper.mx\/tienda\/wp-content\/uploads\/2021\/08\/Logo-Compuviper-10.png\",\"contentUrl\":\"https:\/\/compuviper.mx\/tienda\/wp-content\/uploads\/2021\/08\/Logo-Compuviper-10.png\",\"width\":1000,\"height\":500,\"caption\":\"Compuviper\"},\"image\":{\"@id\":\"https:\/\/compuviper.mx\/tienda\/#\/schema\/logo\/image\/\"},\"sameAs\":[\"https:\/\/www.facebook.com\/compuviper\",\"https:\/\/www.youtube.com\/channel\/UCf73dERp9Y3cfOq7q8BhLjA?view_as=subscriber\"]}]}<\/script>\n<meta property=\"product:brand\" content=\"PEERLESS-AV\" \/>\n<meta property=\"product:price:amount\" content=\"10505\" \/>\n<meta property=\"product:price:currency\" content=\"MXN\" \/>\n<meta property=\"og:availability\" content=\"backorder\" \/>\n<meta property=\"product:availability\" content=\"available for order\" \/>\n<meta property=\"product:retailer_item_id\" content=\"OSUA771PU\" \/>\n<meta property=\"product:condition\" content=\"new\" \/>\n<!-- \/ Yoast SEO plugin. -->","yoast_head_json":{"title":"[ Peerless-av ] &#129351; Osua771pu Soporte Articulado De Pared Peerless Para Pantallas De 55 A 77 Pulgadas Capacidad Hasta 57 Kg Designerseries","description":"Compra Osua771pu Soporte Articulado De Pared Peerless Para Pantallas De 55 A 77 Pulgadas Capacidad Hasta 57 Kg Designerseries + Env\u00edo a domicilio + Pago seguro + Garant\u00eda","robots":{"index":"index","follow":"follow","max-snippet":"max-snippet:-1","max-image-preview":"max-image-preview:large","max-video-preview":"max-video-preview:-1"},"canonical":"https:\/\/compuviper.mx\/tienda\/producto\/peerless-av-osua771pu-soporte-articulado-de-pared-peerless-para-pantallas-de-55-a-77-pulgadas-capacidad-hasta-57-kg-designerseries\/","og_locale":"es_MX","og_type":"article","og_title":"[ Peerless-av ] &#129351; Osua771pu Soporte Articulado De Pared Peerless Para Pantallas De 55 A 77 Pulgadas Capacidad Hasta 57 Kg Designerseries","og_description":"Compra Osua771pu Soporte Articulado De Pared Peerless Para Pantallas De 55 A 77 Pulgadas Capacidad Hasta 57 Kg Designerseries + Env\u00edo a domicilio + Pago seguro + Garant\u00eda","og_url":"https:\/\/compuviper.mx\/tienda\/producto\/peerless-av-osua771pu-soporte-articulado-de-pared-peerless-para-pantallas-de-55-a-77-pulgadas-capacidad-hasta-57-kg-designerseries\/","og_site_name":"Compuviper","article_publisher":"https:\/\/www.facebook.com\/compuviper","og_image":[{"width":200,"height":200,"url":"https:\/\/compuviper.mx\/tienda\/wp-content\/uploads\/2022\/07\/Soporte-articulado-de-pared-peerless-osua771pu-para-pantallas-de-55-a-77-pulgadas-capacidad-hasta-57-kg-designerseries.jpg","type":"image\/jpeg"}],"twitter_card":"summary_large_image","twitter_misc":{"Precio":"&#36;10,505 con IVA","Availability":"On backorder"},"schema":{"@context":"https:\/\/schema.org","@graph":[{"@type":"WebPage","@id":"https:\/\/compuviper.mx\/tienda\/producto\/peerless-av-osua771pu-soporte-articulado-de-pared-peerless-para-pantallas-de-55-a-77-pulgadas-capacidad-hasta-57-kg-designerseries\/","url":"https:\/\/compuviper.mx\/tienda\/producto\/peerless-av-osua771pu-soporte-articulado-de-pared-peerless-para-pantallas-de-55-a-77-pulgadas-capacidad-hasta-57-kg-designerseries\/","name":"[ Peerless-av ] &#129351; Osua771pu Soporte Articulado De Pared Peerless Para Pantallas De 55 A 77 Pulgadas Capacidad Hasta 57 Kg Designerseries","isPartOf":{"@id":"https:\/\/compuviper.mx\/tienda\/#website"},"datePublished":"2026-04-02T05:08:32+00:00","dateModified":"2026-04-02T05:08:32+00:00","description":"Compra Osua771pu Soporte Articulado De Pared Peerless Para Pantallas De 55 A 77 Pulgadas Capacidad Hasta 57 Kg Designerseries + Env\u00edo a domicilio + Pago seguro + Garant\u00eda","breadcrumb":{"@id":"https:\/\/compuviper.mx\/tienda\/producto\/peerless-av-osua771pu-soporte-articulado-de-pared-peerless-para-pantallas-de-55-a-77-pulgadas-capacidad-hasta-57-kg-designerseries\/#breadcrumb"},"inLanguage":"es-MX","potentialAction":[{"@type":"ReadAction","target":["https:\/\/compuviper.mx\/tienda\/producto\/peerless-av-osua771pu-soporte-articulado-de-pared-peerless-para-pantallas-de-55-a-77-pulgadas-capacidad-hasta-57-kg-designerseries\/"]}]},{"@type":"BreadcrumbList","@id":"https:\/\/compuviper.mx\/tienda\/producto\/peerless-av-osua771pu-soporte-articulado-de-pared-peerless-para-pantallas-de-55-a-77-pulgadas-capacidad-hasta-57-kg-designerseries\/#breadcrumb","itemListElement":[{"@type":"ListItem","position":1,"name":"Inicio","item":"https:\/\/compuviper.mx\/tienda\/"},{"@type":"ListItem","position":2,"name":"Productos","item":"https:\/\/compuviper.mx\/tienda\/productos\/"},{"@type":"ListItem","position":3,"name":"Soportes Y Bases P\/tv\/ Proyectores\/dvd\/consolas\/bocinas\/pantallas\/monotores","item":"https:\/\/compuviper.mx\/tienda\/categoria-producto\/soportes-y-bases-p-tv-proyectores-dvd-consolas-bocinas-pantallas-monotores\/"},{"@type":"ListItem","position":4,"name":"Soporte Y Base Para Tv\/pantallas\/monitores\/kiosko","item":"https:\/\/compuviper.mx\/tienda\/categoria-producto\/soportes-y-bases-p-tv-proyectores-dvd-consolas-bocinas-pantallas-monotores\/soporte-y-base-para-tv-pantallas-monitores-kiosko\/"},{"@type":"ListItem","position":5,"name":"Peerless-av Osua771pu Soporte Articulado De Pared Peerless Para Pantallas De 55 A 77 Pulgadas Capacidad Hasta 57 Kg Designerseries"}]},{"@type":"WebSite","@id":"https:\/\/compuviper.mx\/tienda\/#website","url":"https:\/\/compuviper.mx\/tienda\/","name":"Compuviper","description":"Proveedor de Computadoras, Laptops, Servidores, Monitores, Puntos de Venta, Teclados,   Impresoras, T\u00f3ner, C\u00e1maras de Seguridad y m\u00e1s en tu tienda en l\u00ednea","publisher":{"@id":"https:\/\/compuviper.mx\/tienda\/#organization"},"potentialAction":[{"@type":"SearchAction","target":{"@type":"EntryPoint","urlTemplate":"https:\/\/compuviper.mx\/tienda\/?s={search_term_string}"},"query-input":"required name=search_term_string"}],"inLanguage":"es-MX"},{"@type":"Organization","@id":"https:\/\/compuviper.mx\/tienda\/#organization","name":"Compuviper","url":"https:\/\/compuviper.mx\/tienda\/","logo":{"@type":"ImageObject","inLanguage":"es-MX","@id":"https:\/\/compuviper.mx\/tienda\/#\/schema\/logo\/image\/","url":"https:\/\/compuviper.mx\/tienda\/wp-content\/uploads\/2021\/08\/Logo-Compuviper-10.png","contentUrl":"https:\/\/compuviper.mx\/tienda\/wp-content\/uploads\/2021\/08\/Logo-Compuviper-10.png","width":1000,"height":500,"caption":"Compuviper"},"image":{"@id":"https:\/\/compuviper.mx\/tienda\/#\/schema\/logo\/image\/"},"sameAs":["https:\/\/www.facebook.com\/compuviper","https:\/\/www.youtube.com\/channel\/UCf73dERp9Y3cfOq7q8BhLjA?view_as=subscriber"]}]},"product_brand":"PEERLESS-AV","product_price_amount":"10505","product_price_currency":"MXN","og_availability":"backorder","product_availability":"available for order","product_retailer_item_id":"OSUA771PU","product_condition":"new"},"_links":{"self":[{"href":"https:\/\/compuviper.mx\/tienda\/wp-json\/wp\/v2\/product\/152687"}],"collection":[{"href":"https:\/\/compuviper.mx\/tienda\/wp-json\/wp\/v2\/product"}],"about":[{"href":"https:\/\/compuviper.mx\/tienda\/wp-json\/wp\/v2\/types\/product"}],"replies":[{"embeddable":true,"href":"https:\/\/compuviper.mx\/tienda\/wp-json\/wp\/v2\/comments?post=152687"}],"wp:featuredmedia":[{"embeddable":true,"href":"https:\/\/compuviper.mx\/tienda\/wp-json\/wp\/v2\/media\/153248"}],"wp:attachment":[{"href":"https:\/\/compuviper.mx\/tienda\/wp-json\/wp\/v2\/media?parent=152687"}],"wp:term":[{"taxonomy":"product_cat","embeddable":true,"href":"https:\/\/compuviper.mx\/tienda\/wp-json\/wp\/v2\/product_cat?post=152687"},{"taxonomy":"product_tag","embeddable":true,"href":"https:\/\/compuviper.mx\/tienda\/wp-json\/wp\/v2\/product_tag?post=152687"}],"curies":[{"name":"wp","href":"https:\/\/api.w.org\/{rel}","templated":true}]}}