{"id":151984,"date":"2026-04-01T23:08:26","date_gmt":"2026-04-02T05:08:26","guid":{"rendered":"https:\/\/compuviper.mx\/tienda\/producto\/startech-com-wallstsi1-escritorio-ergonmico-de-montaje-en-pared-brazo-articulado-para-pantalla-estacin-de-trabajo-de-pie-y-sentado-mod\/"},"modified":"2026-04-01T23:08:26","modified_gmt":"2026-04-02T05:08:26","slug":"startech-com-wallstsi1-estacion-de-trabajo-de-montaje-en-pared-escritorio-ergonomico-brazo-articulado-para-pantalla-de-34","status":"publish","type":"product","link":"https:\/\/compuviper.mx\/tienda\/producto\/startech-com-wallstsi1-estacion-de-trabajo-de-montaje-en-pared-escritorio-ergonomico-brazo-articulado-para-pantalla-de-34\/","title":{"rendered":"Startech.com Wallstsi1 Estacion De Trabajo De Montaje En Pared &#8211; Escritorio Ergonomico &#8211; Brazo Articulado Para Pantalla De 34"},"content":{"rendered":"<table class=\"descripcion\">\n<tr>\n<td>Caracter\u00edsticas f\u00edsicas<\/td>\n<\/tr>\n<tr>\n<td>Altura del producto: 1.2 m<\/td>\n<\/tr>\n<tr>\n<td>Longitud del producto: 74.2 cm<\/td>\n<\/tr>\n<tr>\n<td>Peso del producto: 7.2 kg<\/td>\n<\/tr>\n<tr>\n<td>Ancho del producto: 68.3 cm<\/td>\n<\/tr>\n<tr>\n<td>Color: plata<\/td>\n<\/tr>\n<tr>\n<td>Tipo de gabinete: aluminio, acero y pl\u00e1stico<\/td>\n<\/tr>\n<tr>\n<td>Ancho de la bandeja para teclado: 683 mm<\/td>\n<\/tr>\n<tr>\n<td>Profundida de la bandeja para teclado: 258 mm<\/td>\n<\/tr>\n<tr>\n<td>Hardware<\/td>\n<\/tr>\n<tr>\n<td>Montaje en pared: s\u00ed<\/td>\n<\/tr>\n<tr>\n<td>Gesti\u00f3n de cables: s\u00ed<\/td>\n<\/tr>\n<tr>\n<td>N\u00famero de pantallas admitidas: 1<\/td>\n<\/tr>\n<tr>\n<td>Opciones de montaje: montaje en pared<\/td>\n<\/tr>\n<tr>\n<td>Patr\u00f3n(es) vesa de agujeros de montaje: 75&#215;75 mm  100&#215;100 mm<\/td>\n<\/tr>\n<tr>\n<td>Rendimiento<\/td>\n<\/tr>\n<tr>\n<td>Capacidad de carga: 9 kg<\/td>\n<\/tr>\n<tr>\n<td>Capacidad de peso de la bandeja para teclado: 2.5 kg<\/td>\n<\/tr>\n<tr>\n<td>Tama\u00f1o m\u00ednimo de la pantalla: 13<\/td>\n<\/tr>\n<tr>\n<td>Tama\u00f1o m\u00e1ximo de la pantalla: 30in<\/td>\n<\/tr>\n<tr>\n<td>Ajuste de la altura: s\u00ed<\/td>\n<\/tr>\n<tr>\n<td>Extensi\u00f3n m\u00e1xima del brazo: 650 mm<\/td>\n<\/tr>\n<tr>\n<td>Extensi\u00f3n m\u00e1xima de la bandeja para teclado: 784 mm<\/td>\n<\/tr>\n<tr>\n<td>Inclinaci\u00f3n: +90\u00b0 \/ -15\u00b0<\/td>\n<\/tr>\n<tr>\n<td>Inclinaci\u00f3n de la bandeja para teclado: +90\u00b0 \/ &#8211; 15\u00b0<\/td>\n<\/tr>\n<tr>\n<td>Giro: +\/- 120\u00b0<\/td>\n<\/tr>\n<tr>\n<td>Giro \/ pivotaci\u00f3n: 180\u00b0 al m\u00e1stil de la pared \/ 180\u00b0 en el extremo superior \/ 360\u00b0 en el codo<\/td>\n<\/tr>\n<tr>\n<td>Rotaci\u00f3n de la pantalla: 360\u00b0<\/td>\n<\/tr>\n<\/table>\n","protected":false},"excerpt":{"rendered":"<p>Aumente su productividad, gracias a esta estaci\u00f3n de trabajo que se ajusta a su forma de trabajar. Dise\u00f1ada para permitir un amplio rango de\u00a0movimiento, se ajusta f\u00e1cilmente con los\u00a0brazos independientes para su pantalla\u00a0y su teclado.\u00a0mueva la\u00a0plataforma de trabajo de pie o sentado de montaje en pared\u00a0hasta la posici\u00f3n preferida de trabajo. Despu\u00e9s puede replegarla contra la pared cuando no est\u00e9 en uso, doblando los brazos a ras de la pared. Resulta ideal para su uso en hospitales, cl\u00ednicas, almacenes y otros entornos con espacio limitado.\u00a0extienda el brazo articulado para pantalla hasta 65cm\u00a0de la pared, para lograr una posici\u00f3n ideal.\u00a0incline o gire la\u00a0pantalla\u00a0o r\u00f3tela\u00a0360 grados. Esta\u00a0plataforma para trabajo de pie y sentado es\u00a0compatible con soportes vesa\u00a0(75&#215;75, 100&#215;100) de pantalla\u00a0hasta de\u00a030 y peso m\u00e1ximo de 9kg.\u00a0este\u00a0escritorio de montaje en pared y ajuste de la altura\u00a0resulta \u00fatil a una amplia gama de usuarios, para trabajar con mayor confort.<\/p>\n","protected":false},"featured_media":152586,"comment_status":"open","ping_status":"open","template":"","meta":[],"product_cat":[1485,1496],"product_tag":[1590],"acf":[],"yoast_head":"<!-- This site is optimized with the Yoast SEO plugin v21.7 - https:\/\/yoast.com\/wordpress\/plugins\/seo\/ -->\n<title>[ Startech.com ] &#129351; Wallstsi1 Estacion De Trabajo De Montaje En Pared - Escritorio Ergonomico - Brazo Articulado Para Pantalla De 34<\/title>\n<meta name=\"description\" content=\"Compra Wallstsi1 Estacion De Trabajo De Montaje En Pared - Escritorio Ergonomico - Brazo Articulado Para Pantalla De 34 + Env\u00edo a domicilio + Pago seguro + Garant\u00eda\" \/>\n<meta name=\"robots\" content=\"index, follow, max-snippet:-1, max-image-preview:large, max-video-preview:-1\" \/>\n<link rel=\"canonical\" href=\"https:\/\/compuviper.mx\/tienda\/producto\/startech-com-wallstsi1-estacion-de-trabajo-de-montaje-en-pared-escritorio-ergonomico-brazo-articulado-para-pantalla-de-34\/\" \/>\n<meta property=\"og:locale\" content=\"es_MX\" \/>\n<meta property=\"og:type\" content=\"article\" \/>\n<meta property=\"og:title\" content=\"[ Startech.com ] &#129351; Wallstsi1 Estacion De Trabajo De Montaje En Pared - Escritorio Ergonomico - Brazo Articulado Para Pantalla De 34\" \/>\n<meta property=\"og:description\" content=\"Compra Wallstsi1 Estacion De Trabajo De Montaje En Pared - Escritorio Ergonomico - Brazo Articulado Para Pantalla De 34 + Env\u00edo a domicilio + Pago seguro + Garant\u00eda\" \/>\n<meta property=\"og:url\" content=\"https:\/\/compuviper.mx\/tienda\/producto\/startech-com-wallstsi1-estacion-de-trabajo-de-montaje-en-pared-escritorio-ergonomico-brazo-articulado-para-pantalla-de-34\/\" \/>\n<meta property=\"og:site_name\" content=\"Compuviper\" \/>\n<meta property=\"article:publisher\" content=\"https:\/\/www.facebook.com\/compuviper\" \/>\n<meta property=\"og:image\" content=\"https:\/\/compuviper.mx\/tienda\/wp-content\/uploads\/2022\/06\/Escritorio-ergonomico-de-montaje-en-pared-brazo-articulado-para-pantalla-estacion-de-trabajo-de-pie-y-sentado-startech.com-mod.-wallstsi1.jpg\" \/>\n\t<meta property=\"og:image:width\" content=\"200\" \/>\n\t<meta property=\"og:image:height\" content=\"200\" \/>\n\t<meta property=\"og:image:type\" content=\"image\/jpeg\" \/>\n<meta name=\"twitter:card\" content=\"summary_large_image\" \/>\n<meta name=\"twitter:label1\" content=\"Precio\" \/>\n\t<meta name=\"twitter:data1\" content=\"&#36;9,204 con IVA\" \/>\n\t<meta name=\"twitter:label2\" content=\"Availability\" \/>\n\t<meta name=\"twitter:data2\" content=\"Out of stock\" \/>\n<script type=\"application\/ld+json\" class=\"yoast-schema-graph\">{\"@context\":\"https:\/\/schema.org\",\"@graph\":[{\"@type\":\"WebPage\",\"@id\":\"https:\/\/compuviper.mx\/tienda\/producto\/startech-com-wallstsi1-estacion-de-trabajo-de-montaje-en-pared-escritorio-ergonomico-brazo-articulado-para-pantalla-de-34\/\",\"url\":\"https:\/\/compuviper.mx\/tienda\/producto\/startech-com-wallstsi1-estacion-de-trabajo-de-montaje-en-pared-escritorio-ergonomico-brazo-articulado-para-pantalla-de-34\/\",\"name\":\"[ Startech.com ] &#129351; Wallstsi1 Estacion De Trabajo De Montaje En Pared - Escritorio Ergonomico - Brazo Articulado Para Pantalla De 34\",\"isPartOf\":{\"@id\":\"https:\/\/compuviper.mx\/tienda\/#website\"},\"datePublished\":\"2026-04-02T05:08:26+00:00\",\"dateModified\":\"2026-04-02T05:08:26+00:00\",\"description\":\"Compra Wallstsi1 Estacion De Trabajo De Montaje En Pared - Escritorio Ergonomico - Brazo Articulado Para Pantalla De 34 + Env\u00edo a domicilio + Pago seguro + Garant\u00eda\",\"breadcrumb\":{\"@id\":\"https:\/\/compuviper.mx\/tienda\/producto\/startech-com-wallstsi1-estacion-de-trabajo-de-montaje-en-pared-escritorio-ergonomico-brazo-articulado-para-pantalla-de-34\/#breadcrumb\"},\"inLanguage\":\"es-MX\",\"potentialAction\":[{\"@type\":\"ReadAction\",\"target\":[\"https:\/\/compuviper.mx\/tienda\/producto\/startech-com-wallstsi1-estacion-de-trabajo-de-montaje-en-pared-escritorio-ergonomico-brazo-articulado-para-pantalla-de-34\/\"]}]},{\"@type\":\"BreadcrumbList\",\"@id\":\"https:\/\/compuviper.mx\/tienda\/producto\/startech-com-wallstsi1-estacion-de-trabajo-de-montaje-en-pared-escritorio-ergonomico-brazo-articulado-para-pantalla-de-34\/#breadcrumb\",\"itemListElement\":[{\"@type\":\"ListItem\",\"position\":1,\"name\":\"Inicio\",\"item\":\"https:\/\/compuviper.mx\/tienda\/\"},{\"@type\":\"ListItem\",\"position\":2,\"name\":\"Productos\",\"item\":\"https:\/\/compuviper.mx\/tienda\/productos\/\"},{\"@type\":\"ListItem\",\"position\":3,\"name\":\"Accesorios\",\"item\":\"https:\/\/compuviper.mx\/tienda\/categoria-producto\/accesorios\/\"},{\"@type\":\"ListItem\",\"position\":4,\"name\":\"Oficina\",\"item\":\"https:\/\/compuviper.mx\/tienda\/categoria-producto\/accesorios\/oficina\/\"},{\"@type\":\"ListItem\",\"position\":5,\"name\":\"Startech.com Wallstsi1 Estacion De Trabajo De Montaje En Pared &#8211; Escritorio Ergonomico &#8211; Brazo Articulado Para Pantalla De 34\"}]},{\"@type\":\"WebSite\",\"@id\":\"https:\/\/compuviper.mx\/tienda\/#website\",\"url\":\"https:\/\/compuviper.mx\/tienda\/\",\"name\":\"Compuviper\",\"description\":\"Proveedor de Computadoras, Laptops, Servidores, Monitores, Puntos de Venta, Teclados,   Impresoras, T\u00f3ner, C\u00e1maras de Seguridad y m\u00e1s en tu tienda en l\u00ednea\",\"publisher\":{\"@id\":\"https:\/\/compuviper.mx\/tienda\/#organization\"},\"potentialAction\":[{\"@type\":\"SearchAction\",\"target\":{\"@type\":\"EntryPoint\",\"urlTemplate\":\"https:\/\/compuviper.mx\/tienda\/?s={search_term_string}\"},\"query-input\":\"required name=search_term_string\"}],\"inLanguage\":\"es-MX\"},{\"@type\":\"Organization\",\"@id\":\"https:\/\/compuviper.mx\/tienda\/#organization\",\"name\":\"Compuviper\",\"url\":\"https:\/\/compuviper.mx\/tienda\/\",\"logo\":{\"@type\":\"ImageObject\",\"inLanguage\":\"es-MX\",\"@id\":\"https:\/\/compuviper.mx\/tienda\/#\/schema\/logo\/image\/\",\"url\":\"https:\/\/compuviper.mx\/tienda\/wp-content\/uploads\/2021\/08\/Logo-Compuviper-10.png\",\"contentUrl\":\"https:\/\/compuviper.mx\/tienda\/wp-content\/uploads\/2021\/08\/Logo-Compuviper-10.png\",\"width\":1000,\"height\":500,\"caption\":\"Compuviper\"},\"image\":{\"@id\":\"https:\/\/compuviper.mx\/tienda\/#\/schema\/logo\/image\/\"},\"sameAs\":[\"https:\/\/www.facebook.com\/compuviper\",\"https:\/\/www.youtube.com\/channel\/UCf73dERp9Y3cfOq7q8BhLjA?view_as=subscriber\"]}]}<\/script>\n<meta property=\"product:brand\" content=\"STARTECH.COM\" \/>\n<meta property=\"product:price:amount\" content=\"9204\" \/>\n<meta property=\"product:price:currency\" content=\"MXN\" \/>\n<meta property=\"og:availability\" content=\"out of stock\" \/>\n<meta property=\"product:availability\" content=\"out of stock\" \/>\n<meta property=\"product:retailer_item_id\" content=\"WALLSTSI1\" \/>\n<meta property=\"product:condition\" content=\"new\" \/>\n<!-- \/ Yoast SEO plugin. -->","yoast_head_json":{"title":"[ Startech.com ] &#129351; Wallstsi1 Estacion De Trabajo De Montaje En Pared - Escritorio Ergonomico - Brazo Articulado Para Pantalla De 34","description":"Compra Wallstsi1 Estacion De Trabajo De Montaje En Pared - Escritorio Ergonomico - Brazo Articulado Para Pantalla De 34 + Env\u00edo a domicilio + Pago seguro + Garant\u00eda","robots":{"index":"index","follow":"follow","max-snippet":"max-snippet:-1","max-image-preview":"max-image-preview:large","max-video-preview":"max-video-preview:-1"},"canonical":"https:\/\/compuviper.mx\/tienda\/producto\/startech-com-wallstsi1-estacion-de-trabajo-de-montaje-en-pared-escritorio-ergonomico-brazo-articulado-para-pantalla-de-34\/","og_locale":"es_MX","og_type":"article","og_title":"[ Startech.com ] &#129351; Wallstsi1 Estacion De Trabajo De Montaje En Pared - Escritorio Ergonomico - Brazo Articulado Para Pantalla De 34","og_description":"Compra Wallstsi1 Estacion De Trabajo De Montaje En Pared - Escritorio Ergonomico - Brazo Articulado Para Pantalla De 34 + Env\u00edo a domicilio + Pago seguro + Garant\u00eda","og_url":"https:\/\/compuviper.mx\/tienda\/producto\/startech-com-wallstsi1-estacion-de-trabajo-de-montaje-en-pared-escritorio-ergonomico-brazo-articulado-para-pantalla-de-34\/","og_site_name":"Compuviper","article_publisher":"https:\/\/www.facebook.com\/compuviper","og_image":[{"width":200,"height":200,"url":"https:\/\/compuviper.mx\/tienda\/wp-content\/uploads\/2022\/06\/Escritorio-ergonomico-de-montaje-en-pared-brazo-articulado-para-pantalla-estacion-de-trabajo-de-pie-y-sentado-startech.com-mod.-wallstsi1.jpg","type":"image\/jpeg"}],"twitter_card":"summary_large_image","twitter_misc":{"Precio":"&#36;9,204 con IVA","Availability":"Out of stock"},"schema":{"@context":"https:\/\/schema.org","@graph":[{"@type":"WebPage","@id":"https:\/\/compuviper.mx\/tienda\/producto\/startech-com-wallstsi1-estacion-de-trabajo-de-montaje-en-pared-escritorio-ergonomico-brazo-articulado-para-pantalla-de-34\/","url":"https:\/\/compuviper.mx\/tienda\/producto\/startech-com-wallstsi1-estacion-de-trabajo-de-montaje-en-pared-escritorio-ergonomico-brazo-articulado-para-pantalla-de-34\/","name":"[ Startech.com ] &#129351; Wallstsi1 Estacion De Trabajo De Montaje En Pared - Escritorio Ergonomico - Brazo Articulado Para Pantalla De 34","isPartOf":{"@id":"https:\/\/compuviper.mx\/tienda\/#website"},"datePublished":"2026-04-02T05:08:26+00:00","dateModified":"2026-04-02T05:08:26+00:00","description":"Compra Wallstsi1 Estacion De Trabajo De Montaje En Pared - Escritorio Ergonomico - Brazo Articulado Para Pantalla De 34 + Env\u00edo a domicilio + Pago seguro + Garant\u00eda","breadcrumb":{"@id":"https:\/\/compuviper.mx\/tienda\/producto\/startech-com-wallstsi1-estacion-de-trabajo-de-montaje-en-pared-escritorio-ergonomico-brazo-articulado-para-pantalla-de-34\/#breadcrumb"},"inLanguage":"es-MX","potentialAction":[{"@type":"ReadAction","target":["https:\/\/compuviper.mx\/tienda\/producto\/startech-com-wallstsi1-estacion-de-trabajo-de-montaje-en-pared-escritorio-ergonomico-brazo-articulado-para-pantalla-de-34\/"]}]},{"@type":"BreadcrumbList","@id":"https:\/\/compuviper.mx\/tienda\/producto\/startech-com-wallstsi1-estacion-de-trabajo-de-montaje-en-pared-escritorio-ergonomico-brazo-articulado-para-pantalla-de-34\/#breadcrumb","itemListElement":[{"@type":"ListItem","position":1,"name":"Inicio","item":"https:\/\/compuviper.mx\/tienda\/"},{"@type":"ListItem","position":2,"name":"Productos","item":"https:\/\/compuviper.mx\/tienda\/productos\/"},{"@type":"ListItem","position":3,"name":"Accesorios","item":"https:\/\/compuviper.mx\/tienda\/categoria-producto\/accesorios\/"},{"@type":"ListItem","position":4,"name":"Oficina","item":"https:\/\/compuviper.mx\/tienda\/categoria-producto\/accesorios\/oficina\/"},{"@type":"ListItem","position":5,"name":"Startech.com Wallstsi1 Estacion De Trabajo De Montaje En Pared &#8211; Escritorio Ergonomico &#8211; Brazo Articulado Para Pantalla De 34"}]},{"@type":"WebSite","@id":"https:\/\/compuviper.mx\/tienda\/#website","url":"https:\/\/compuviper.mx\/tienda\/","name":"Compuviper","description":"Proveedor de Computadoras, Laptops, Servidores, Monitores, Puntos de Venta, Teclados,   Impresoras, T\u00f3ner, C\u00e1maras de Seguridad y m\u00e1s en tu tienda en l\u00ednea","publisher":{"@id":"https:\/\/compuviper.mx\/tienda\/#organization"},"potentialAction":[{"@type":"SearchAction","target":{"@type":"EntryPoint","urlTemplate":"https:\/\/compuviper.mx\/tienda\/?s={search_term_string}"},"query-input":"required name=search_term_string"}],"inLanguage":"es-MX"},{"@type":"Organization","@id":"https:\/\/compuviper.mx\/tienda\/#organization","name":"Compuviper","url":"https:\/\/compuviper.mx\/tienda\/","logo":{"@type":"ImageObject","inLanguage":"es-MX","@id":"https:\/\/compuviper.mx\/tienda\/#\/schema\/logo\/image\/","url":"https:\/\/compuviper.mx\/tienda\/wp-content\/uploads\/2021\/08\/Logo-Compuviper-10.png","contentUrl":"https:\/\/compuviper.mx\/tienda\/wp-content\/uploads\/2021\/08\/Logo-Compuviper-10.png","width":1000,"height":500,"caption":"Compuviper"},"image":{"@id":"https:\/\/compuviper.mx\/tienda\/#\/schema\/logo\/image\/"},"sameAs":["https:\/\/www.facebook.com\/compuviper","https:\/\/www.youtube.com\/channel\/UCf73dERp9Y3cfOq7q8BhLjA?view_as=subscriber"]}]},"product_brand":"STARTECH.COM","product_price_amount":"9204","product_price_currency":"MXN","og_availability":"out of stock","product_availability":"out of stock","product_retailer_item_id":"WALLSTSI1","product_condition":"new"},"_links":{"self":[{"href":"https:\/\/compuviper.mx\/tienda\/wp-json\/wp\/v2\/product\/151984"}],"collection":[{"href":"https:\/\/compuviper.mx\/tienda\/wp-json\/wp\/v2\/product"}],"about":[{"href":"https:\/\/compuviper.mx\/tienda\/wp-json\/wp\/v2\/types\/product"}],"replies":[{"embeddable":true,"href":"https:\/\/compuviper.mx\/tienda\/wp-json\/wp\/v2\/comments?post=151984"}],"wp:featuredmedia":[{"embeddable":true,"href":"https:\/\/compuviper.mx\/tienda\/wp-json\/wp\/v2\/media\/152586"}],"wp:attachment":[{"href":"https:\/\/compuviper.mx\/tienda\/wp-json\/wp\/v2\/media?parent=151984"}],"wp:term":[{"taxonomy":"product_cat","embeddable":true,"href":"https:\/\/compuviper.mx\/tienda\/wp-json\/wp\/v2\/product_cat?post=151984"},{"taxonomy":"product_tag","embeddable":true,"href":"https:\/\/compuviper.mx\/tienda\/wp-json\/wp\/v2\/product_tag?post=151984"}],"curies":[{"name":"wp","href":"https:\/\/api.w.org\/{rel}","templated":true}]}}