{"id":151904,"date":"2026-04-20T23:07:58","date_gmt":"2026-04-21T05:07:58","guid":{"rendered":"https:\/\/compuviper.mx\/tienda\/producto\/manhattan-207584-extensor-video-hdmi-50m-via-cat-6-1080p\/"},"modified":"2026-04-20T23:07:58","modified_gmt":"2026-04-21T05:07:58","slug":"manhattan-207584-extensor-video-hdmi-50m-via-cat-6-1080p","status":"publish","type":"product","link":"https:\/\/compuviper.mx\/tienda\/producto\/manhattan-207584-extensor-video-hdmi-50m-via-cat-6-1080p\/","title":{"rendered":"Manhattan 207584 Extensor Video Hdmi,, 50m Via Cat 6, 1080p"},"content":{"rendered":"<table class=\"descripcion\">\n<tr>\n<td>Extiende una se\u00f1al de alta definici\u00f3n f\u00e1cilmente a trav\u00e9s de un cable ethernet.<\/td>\n<\/tr>\n<tr>\n<td>El kit extensor hdmi sobre ethernet de manhattan es la soluci\u00f3n ideal para conectar<\/td>\n<\/tr>\n<tr>\n<td>Virtualmente cualquier fuente hdmi (playstation, xbox, reproductor blu-ray, receptor de<\/td>\n<\/tr>\n<tr>\n<td>Sat\u00e9lite, grabador digital, etc.) a una pantalla o proyector de hasta 50 m (164 ft.) a trav\u00e9s<\/td>\n<\/tr>\n<tr>\n<td>De un solo cable ethernet cat6. estos extensores hdmi proveen una resoluci\u00f3n de video<\/td>\n<\/tr>\n<tr>\n<td>Confiable de 1080p y transmisi\u00f3n de audio multicanal sobre distancias m\u00e1s largas que<\/td>\n<\/tr>\n<tr>\n<td>Cables hdmi solos. adem\u00e1s el modulo de transmision tiene un puerto de salida adicional<\/td>\n<\/tr>\n<tr>\n<td>Para que un segundo monitor pueda ser colocado en un armario de control o correr a la<\/td>\n<\/tr>\n<tr>\n<td>Segunda pantalla. tambi\u00e9n incluye una banda ancha de repetidor y receptor infrarrojo para<\/td>\n<\/tr>\n<tr>\n<td>Control remoto de la fuente del dispositivo.<\/td>\n<\/tr>\n<tr>\n<td>Soluci\u00f3n flexible para muchas aplicaciones a\/v<\/td>\n<\/tr>\n<tr>\n<td>Ideal para ferias, salones de clases, videoconferencia, presentaciones y aplicaciones de<\/td>\n<\/tr>\n<tr>\n<td>Distribuci\u00f3n, el kit extensor hdmi sobre ethernet de manhattan acelera y extiende una<\/td>\n<\/tr>\n<tr>\n<td>Se\u00f1al de 1080p hasta 50 m (164 ft.) para una posici\u00f3n conveniente de pantalla o proyector.<\/td>\n<\/tr>\n<tr>\n<td>Cableado ethernet cat6 &#8211; utp, sstp o sftp (cables no incluidos) &#8211; es menos costoso y<\/td>\n<\/tr>\n<tr>\n<td>M\u00e1s f\u00e1cil de instalar que un cable hdmi y repetidores de se\u00f1al en l\u00ednea. cuando es usado<\/td>\n<\/tr>\n<tr>\n<td>Con nuestro extensor hdmi sobre ethernet, una imagen clara, n\u00edtida e intensa sobre<\/td>\n<\/tr>\n<tr>\n<td>Distancias mas largas es obtenida.<\/td>\n<\/tr>\n<tr>\n<td>Calidad de construcci\u00f3n y f\u00e1cil instalaci\u00f3n<\/td>\n<\/tr>\n<tr>\n<td>Hdcp compatible con hdmi, hdcp y dvi 1.0, est\u00e9 kit extensor hdmi sobre ethernet es<\/td>\n<\/tr>\n<tr>\n<td>Probado para garantizar desempe\u00f1o y fiabilidad, se instala f\u00e1cilmente sin ejecutar un<\/td>\n<\/tr>\n<tr>\n<td>Software o instalar un hardware adicional.<\/td>\n<\/tr>\n<\/table>\n","protected":false},"excerpt":{"rendered":"<p>Features. Extiende la conexi\u00f3n hdmi hasta a 50 m\/164 pies entre una fuente hdmi y un. Monitor o proyector hdmi, utilizando un cable de red ethernet. Transmisor de 2 puertos (1 hdmi, 1 ethernet) permite que se\u00f1ales hdmi sean. Enviadas sobre ethernet y separar a una pantalla local simult\u00e1neamente. Soporta una resoluci\u00f3n de 1080p y flujo de datos de 6.75 gbps. Soporta banda ancha de amplificadores de video de hasta 340 mhz y 3.40 gbps. Por canal ( 10.2 gbps total) para pantallas de 1080p. Soporta formato de audio de 8 canales lpcm con compresi\u00f3n sin perdida, y. Sonido envolvente 7.1\/5.1. Sus cables ir de banda ancha para recibir y transmitir, permiten un c\u00f3modo. Control remoto o una fuente de se\u00f1al hd. Compatible con hdcp. Cumple por completo con hdcp para proteger el contenido de transmisiones de. Alta definici\u00f3n y asegurar una recepci\u00f3n de calidad. Plug and play. Plug and play &#8211; no requiere instalaci\u00f3n o configuraci\u00f3n. Trabaja con consolas de videojuegos playstation y xbox, reproductores blu-ray. Decodificadores, receptores satelitales y m\u00e1s. Contactos chapados en oro. Contactos chapados para conexiones libres de corrosi\u00f3n. Para una capacidad de distancias adicionales, utiliza cables hdmi de 15 m tanto. En transmisor como en receptor. Tres a\u00f1os de garant\u00eda. Especificaciones. Est\u00e1ndares y certificaciones. \u0095 hdcp. \u0095 dvi 1.0. \u0095 cts 1.2. \u0095 ce. \u0095 fcc. \u0095 rohs2. General. \u0095 cable cat6 1080p a 50 m (165 ft.. \u0095 cable cat6 720p a 70 m (230 ft.. \u0095 cable cat6 480p a 100 m (300 ft.. \u0095 alimentaci\u00f3n: 5 vdc \/ 1 a; cable, 1.4 m (4.5 ft.. Conexiones. \u0095 dos hdmi hembra (transmisor. \u0095 un hdmi hembra (receptor. \u0095 un rj45 hembra (transmisor\/receptor. \u0095 un alimentador dc \/ 5v hembra (transmisor\/receptor. \u0095 un 3.5 mm \/ ir hembra (transmisor\/receptor. Entrada y salida de se\u00f1al. \u0095 entrada de se\u00f1al de video: 0.5 \u0096 1.0 v p-p. \u0095 entrada de se\u00f1al ddc: 5 v p-p (ttl. \u0095 alcance m\u00e1ximo de enlace sencillo: 1920&#215;1200\/60 hz, 1080p. \u0095 salida de video: hdcp 1.2, dvi 1.0. Contenido del paquete. \u0095 extensor hdmi (dos m\u00f3dulos receptores\/transmisores. \u0095 2 x adaptador de corriente. \u0095 receptor y repetidor infrarrojo (una unidad cada uno. \u0095 gu\u00eda de instalaci\u00f3n r\u00e1pida<\/p>\n","protected":false},"featured_media":153237,"comment_status":"open","ping_status":"open","template":"","meta":[],"product_cat":[1485,1506],"product_tag":[1487],"acf":[],"yoast_head":"<!-- This site is optimized with the Yoast SEO plugin v21.7 - https:\/\/yoast.com\/wordpress\/plugins\/seo\/ -->\n<title>[ Manhattan ] &#129351; 207584 Extensor Video Hdmi,, 50m Via Cat 6, 1080p<\/title>\n<meta name=\"description\" content=\"Compra 207584 Extensor Video Hdmi,, 50m Via Cat 6, 1080p + Env\u00edo a domicilio + Pago seguro + Garant\u00eda\" \/>\n<meta name=\"robots\" content=\"index, follow, max-snippet:-1, max-image-preview:large, max-video-preview:-1\" \/>\n<link rel=\"canonical\" href=\"https:\/\/compuviper.mx\/tienda\/producto\/manhattan-207584-extensor-video-hdmi-50m-via-cat-6-1080p\/\" \/>\n<meta property=\"og:locale\" content=\"es_MX\" \/>\n<meta property=\"og:type\" content=\"article\" \/>\n<meta property=\"og:title\" content=\"[ Manhattan ] &#129351; 207584 Extensor Video Hdmi,, 50m Via Cat 6, 1080p\" \/>\n<meta property=\"og:description\" content=\"Compra 207584 Extensor Video Hdmi,, 50m Via Cat 6, 1080p + Env\u00edo a domicilio + Pago seguro + Garant\u00eda\" \/>\n<meta property=\"og:url\" content=\"https:\/\/compuviper.mx\/tienda\/producto\/manhattan-207584-extensor-video-hdmi-50m-via-cat-6-1080p\/\" \/>\n<meta property=\"og:site_name\" content=\"Compuviper\" \/>\n<meta property=\"article:publisher\" content=\"https:\/\/www.facebook.com\/compuviper\" \/>\n<meta property=\"og:image\" content=\"https:\/\/compuviper.mx\/tienda\/wp-content\/uploads\/2022\/07\/Extensor-video-hdmi-50m-via-cat-6-1080p.jpg\" \/>\n\t<meta property=\"og:image:width\" content=\"200\" \/>\n\t<meta property=\"og:image:height\" content=\"200\" \/>\n\t<meta property=\"og:image:type\" content=\"image\/jpeg\" \/>\n<meta name=\"twitter:card\" content=\"summary_large_image\" \/>\n<meta name=\"twitter:label1\" content=\"Precio\" \/>\n\t<meta name=\"twitter:data1\" content=\"&#36;1,315 con IVA\" \/>\n\t<meta name=\"twitter:label2\" content=\"Availability\" \/>\n\t<meta name=\"twitter:data2\" content=\"In stock\" \/>\n<script type=\"application\/ld+json\" class=\"yoast-schema-graph\">{\"@context\":\"https:\/\/schema.org\",\"@graph\":[{\"@type\":\"WebPage\",\"@id\":\"https:\/\/compuviper.mx\/tienda\/producto\/manhattan-207584-extensor-video-hdmi-50m-via-cat-6-1080p\/\",\"url\":\"https:\/\/compuviper.mx\/tienda\/producto\/manhattan-207584-extensor-video-hdmi-50m-via-cat-6-1080p\/\",\"name\":\"[ Manhattan ] &#129351; 207584 Extensor Video Hdmi,, 50m Via Cat 6, 1080p\",\"isPartOf\":{\"@id\":\"https:\/\/compuviper.mx\/tienda\/#website\"},\"datePublished\":\"2026-04-21T05:07:58+00:00\",\"dateModified\":\"2026-04-21T05:07:58+00:00\",\"description\":\"Compra 207584 Extensor Video Hdmi,, 50m Via Cat 6, 1080p + Env\u00edo a domicilio + Pago seguro + Garant\u00eda\",\"breadcrumb\":{\"@id\":\"https:\/\/compuviper.mx\/tienda\/producto\/manhattan-207584-extensor-video-hdmi-50m-via-cat-6-1080p\/#breadcrumb\"},\"inLanguage\":\"es-MX\",\"potentialAction\":[{\"@type\":\"ReadAction\",\"target\":[\"https:\/\/compuviper.mx\/tienda\/producto\/manhattan-207584-extensor-video-hdmi-50m-via-cat-6-1080p\/\"]}]},{\"@type\":\"BreadcrumbList\",\"@id\":\"https:\/\/compuviper.mx\/tienda\/producto\/manhattan-207584-extensor-video-hdmi-50m-via-cat-6-1080p\/#breadcrumb\",\"itemListElement\":[{\"@type\":\"ListItem\",\"position\":1,\"name\":\"Inicio\",\"item\":\"https:\/\/compuviper.mx\/tienda\/\"},{\"@type\":\"ListItem\",\"position\":2,\"name\":\"Productos\",\"item\":\"https:\/\/compuviper.mx\/tienda\/productos\/\"},{\"@type\":\"ListItem\",\"position\":3,\"name\":\"Accesorios\",\"item\":\"https:\/\/compuviper.mx\/tienda\/categoria-producto\/accesorios\/\"},{\"@type\":\"ListItem\",\"position\":4,\"name\":\"Conectividad\",\"item\":\"https:\/\/compuviper.mx\/tienda\/categoria-producto\/accesorios\/conectividad\/\"},{\"@type\":\"ListItem\",\"position\":5,\"name\":\"Manhattan 207584 Extensor Video Hdmi,, 50m Via Cat 6, 1080p\"}]},{\"@type\":\"WebSite\",\"@id\":\"https:\/\/compuviper.mx\/tienda\/#website\",\"url\":\"https:\/\/compuviper.mx\/tienda\/\",\"name\":\"Compuviper\",\"description\":\"Proveedor de Computadoras, Laptops, Servidores, Monitores, Puntos de Venta, Teclados,   Impresoras, T\u00f3ner, C\u00e1maras de Seguridad y m\u00e1s en tu tienda en l\u00ednea\",\"publisher\":{\"@id\":\"https:\/\/compuviper.mx\/tienda\/#organization\"},\"potentialAction\":[{\"@type\":\"SearchAction\",\"target\":{\"@type\":\"EntryPoint\",\"urlTemplate\":\"https:\/\/compuviper.mx\/tienda\/?s={search_term_string}\"},\"query-input\":\"required name=search_term_string\"}],\"inLanguage\":\"es-MX\"},{\"@type\":\"Organization\",\"@id\":\"https:\/\/compuviper.mx\/tienda\/#organization\",\"name\":\"Compuviper\",\"url\":\"https:\/\/compuviper.mx\/tienda\/\",\"logo\":{\"@type\":\"ImageObject\",\"inLanguage\":\"es-MX\",\"@id\":\"https:\/\/compuviper.mx\/tienda\/#\/schema\/logo\/image\/\",\"url\":\"https:\/\/compuviper.mx\/tienda\/wp-content\/uploads\/2021\/08\/Logo-Compuviper-10.png\",\"contentUrl\":\"https:\/\/compuviper.mx\/tienda\/wp-content\/uploads\/2021\/08\/Logo-Compuviper-10.png\",\"width\":1000,\"height\":500,\"caption\":\"Compuviper\"},\"image\":{\"@id\":\"https:\/\/compuviper.mx\/tienda\/#\/schema\/logo\/image\/\"},\"sameAs\":[\"https:\/\/www.facebook.com\/compuviper\",\"https:\/\/www.youtube.com\/channel\/UCf73dERp9Y3cfOq7q8BhLjA?view_as=subscriber\"]}]}<\/script>\n<meta property=\"product:brand\" content=\"MANHATTAN\" \/>\n<meta property=\"product:price:amount\" content=\"1315\" \/>\n<meta property=\"product:price:currency\" content=\"MXN\" \/>\n<meta property=\"og:availability\" content=\"instock\" \/>\n<meta property=\"product:availability\" content=\"instock\" \/>\n<meta property=\"product:retailer_item_id\" content=\"207584\" \/>\n<meta property=\"product:condition\" content=\"new\" \/>\n<!-- \/ Yoast SEO plugin. -->","yoast_head_json":{"title":"[ Manhattan ] &#129351; 207584 Extensor Video Hdmi,, 50m Via Cat 6, 1080p","description":"Compra 207584 Extensor Video Hdmi,, 50m Via Cat 6, 1080p + Env\u00edo a domicilio + Pago seguro + Garant\u00eda","robots":{"index":"index","follow":"follow","max-snippet":"max-snippet:-1","max-image-preview":"max-image-preview:large","max-video-preview":"max-video-preview:-1"},"canonical":"https:\/\/compuviper.mx\/tienda\/producto\/manhattan-207584-extensor-video-hdmi-50m-via-cat-6-1080p\/","og_locale":"es_MX","og_type":"article","og_title":"[ Manhattan ] &#129351; 207584 Extensor Video Hdmi,, 50m Via Cat 6, 1080p","og_description":"Compra 207584 Extensor Video Hdmi,, 50m Via Cat 6, 1080p + Env\u00edo a domicilio + Pago seguro + Garant\u00eda","og_url":"https:\/\/compuviper.mx\/tienda\/producto\/manhattan-207584-extensor-video-hdmi-50m-via-cat-6-1080p\/","og_site_name":"Compuviper","article_publisher":"https:\/\/www.facebook.com\/compuviper","og_image":[{"width":200,"height":200,"url":"https:\/\/compuviper.mx\/tienda\/wp-content\/uploads\/2022\/07\/Extensor-video-hdmi-50m-via-cat-6-1080p.jpg","type":"image\/jpeg"}],"twitter_card":"summary_large_image","twitter_misc":{"Precio":"&#36;1,315 con IVA","Availability":"In stock"},"schema":{"@context":"https:\/\/schema.org","@graph":[{"@type":"WebPage","@id":"https:\/\/compuviper.mx\/tienda\/producto\/manhattan-207584-extensor-video-hdmi-50m-via-cat-6-1080p\/","url":"https:\/\/compuviper.mx\/tienda\/producto\/manhattan-207584-extensor-video-hdmi-50m-via-cat-6-1080p\/","name":"[ Manhattan ] &#129351; 207584 Extensor Video Hdmi,, 50m Via Cat 6, 1080p","isPartOf":{"@id":"https:\/\/compuviper.mx\/tienda\/#website"},"datePublished":"2026-04-21T05:07:58+00:00","dateModified":"2026-04-21T05:07:58+00:00","description":"Compra 207584 Extensor Video Hdmi,, 50m Via Cat 6, 1080p + Env\u00edo a domicilio + Pago seguro + Garant\u00eda","breadcrumb":{"@id":"https:\/\/compuviper.mx\/tienda\/producto\/manhattan-207584-extensor-video-hdmi-50m-via-cat-6-1080p\/#breadcrumb"},"inLanguage":"es-MX","potentialAction":[{"@type":"ReadAction","target":["https:\/\/compuviper.mx\/tienda\/producto\/manhattan-207584-extensor-video-hdmi-50m-via-cat-6-1080p\/"]}]},{"@type":"BreadcrumbList","@id":"https:\/\/compuviper.mx\/tienda\/producto\/manhattan-207584-extensor-video-hdmi-50m-via-cat-6-1080p\/#breadcrumb","itemListElement":[{"@type":"ListItem","position":1,"name":"Inicio","item":"https:\/\/compuviper.mx\/tienda\/"},{"@type":"ListItem","position":2,"name":"Productos","item":"https:\/\/compuviper.mx\/tienda\/productos\/"},{"@type":"ListItem","position":3,"name":"Accesorios","item":"https:\/\/compuviper.mx\/tienda\/categoria-producto\/accesorios\/"},{"@type":"ListItem","position":4,"name":"Conectividad","item":"https:\/\/compuviper.mx\/tienda\/categoria-producto\/accesorios\/conectividad\/"},{"@type":"ListItem","position":5,"name":"Manhattan 207584 Extensor Video Hdmi,, 50m Via Cat 6, 1080p"}]},{"@type":"WebSite","@id":"https:\/\/compuviper.mx\/tienda\/#website","url":"https:\/\/compuviper.mx\/tienda\/","name":"Compuviper","description":"Proveedor de Computadoras, Laptops, Servidores, Monitores, Puntos de Venta, Teclados,   Impresoras, T\u00f3ner, C\u00e1maras de Seguridad y m\u00e1s en tu tienda en l\u00ednea","publisher":{"@id":"https:\/\/compuviper.mx\/tienda\/#organization"},"potentialAction":[{"@type":"SearchAction","target":{"@type":"EntryPoint","urlTemplate":"https:\/\/compuviper.mx\/tienda\/?s={search_term_string}"},"query-input":"required name=search_term_string"}],"inLanguage":"es-MX"},{"@type":"Organization","@id":"https:\/\/compuviper.mx\/tienda\/#organization","name":"Compuviper","url":"https:\/\/compuviper.mx\/tienda\/","logo":{"@type":"ImageObject","inLanguage":"es-MX","@id":"https:\/\/compuviper.mx\/tienda\/#\/schema\/logo\/image\/","url":"https:\/\/compuviper.mx\/tienda\/wp-content\/uploads\/2021\/08\/Logo-Compuviper-10.png","contentUrl":"https:\/\/compuviper.mx\/tienda\/wp-content\/uploads\/2021\/08\/Logo-Compuviper-10.png","width":1000,"height":500,"caption":"Compuviper"},"image":{"@id":"https:\/\/compuviper.mx\/tienda\/#\/schema\/logo\/image\/"},"sameAs":["https:\/\/www.facebook.com\/compuviper","https:\/\/www.youtube.com\/channel\/UCf73dERp9Y3cfOq7q8BhLjA?view_as=subscriber"]}]},"product_brand":"MANHATTAN","product_price_amount":"1315","product_price_currency":"MXN","og_availability":"instock","product_availability":"instock","product_retailer_item_id":"207584","product_condition":"new"},"_links":{"self":[{"href":"https:\/\/compuviper.mx\/tienda\/wp-json\/wp\/v2\/product\/151904"}],"collection":[{"href":"https:\/\/compuviper.mx\/tienda\/wp-json\/wp\/v2\/product"}],"about":[{"href":"https:\/\/compuviper.mx\/tienda\/wp-json\/wp\/v2\/types\/product"}],"replies":[{"embeddable":true,"href":"https:\/\/compuviper.mx\/tienda\/wp-json\/wp\/v2\/comments?post=151904"}],"wp:featuredmedia":[{"embeddable":true,"href":"https:\/\/compuviper.mx\/tienda\/wp-json\/wp\/v2\/media\/153237"}],"wp:attachment":[{"href":"https:\/\/compuviper.mx\/tienda\/wp-json\/wp\/v2\/media?parent=151904"}],"wp:term":[{"taxonomy":"product_cat","embeddable":true,"href":"https:\/\/compuviper.mx\/tienda\/wp-json\/wp\/v2\/product_cat?post=151904"},{"taxonomy":"product_tag","embeddable":true,"href":"https:\/\/compuviper.mx\/tienda\/wp-json\/wp\/v2\/product_tag?post=151904"}],"curies":[{"name":"wp","href":"https:\/\/api.w.org\/{rel}","templated":true}]}}