{"id":151900,"date":"2026-04-10T23:07:17","date_gmt":"2026-04-11T05:07:17","guid":{"rendered":"https:\/\/compuviper.mx\/tienda\/producto\/manhattan-462129-soporte-ajustable-para-laptops-y-tabletas-hasta-5-kg-plegable-en-cinco-posiciones-negro\/"},"modified":"2026-04-10T23:07:17","modified_gmt":"2026-04-11T05:07:17","slug":"manhattan-462129-soporte-laptop-p-escritorio-de-posiciones-ergonmico","status":"publish","type":"product","link":"https:\/\/compuviper.mx\/tienda\/producto\/manhattan-462129-soporte-laptop-p-escritorio-de-posiciones-ergonmico\/","title":{"rendered":"Manhattan 462129 Soporte Laptop,,, P\/escritorio, De Posiciones, Ergon?mico"},"content":{"rendered":"<table class=\"descripcion\">\n<tr>\n<td>Pasar mucho tiempo con un port\u00e1til puede ser necesario para el trabajo, pero<\/td>\n<\/tr>\n<tr>\n<td>Puede pasar factura a tu salud en forma de dolores de cabeza y de espalda.<\/td>\n<\/tr>\n<tr>\n<td>Este soporte ajustable para laptops y tabletas de manhattan te permite colocar<\/td>\n<\/tr>\n<tr>\n<td>Tu port\u00e1til, tableta o convertible a la altura deseada para mayor comodidad y<\/td>\n<\/tr>\n<tr>\n<td>Productividad. al elevar su dispositivo a su l\u00ednea de visi\u00f3n, disfrutar\u00e1 de una<\/td>\n<\/tr>\n<tr>\n<td>Mejor postura y reducir\u00e1 la tensi\u00f3n en los ojos y el cuello, mientras que el<\/td>\n<\/tr>\n<tr>\n<td>\u00e1ngulo de inclinaci\u00f3n del teclado del soporte facilita la escritura. este soporte<\/td>\n<\/tr>\n<tr>\n<td>Para laptop\/tableta le permite mejorar su configuraci\u00f3n de trabajo en cinco<\/td>\n<\/tr>\n<tr>\n<td>\u00e1ngulos ergon\u00f3micos en escritorios de oficina en casa, mesas de cocina,<\/td>\n<\/tr>\n<tr>\n<td>Mostradores de ferias y m\u00e1s.<\/td>\n<\/tr>\n<\/table>\n","protected":false},"excerpt":{"rendered":"<p>Features. Eleva el dispositivo en cinco \u00e1ngulos de inclinaci\u00f3n ergon\u00f3micos para. Mejorar la postura, reducir la fatiga ocular y la comodidad mientras. Trabaja. Elevador independiente y plegable para una laptop de 10 a 15.6, una. Tableta o un convertible de hasta 5 kg. Dise\u00f1o port\u00e1til, compacto y ligero, ideal para mesas de oficina en casa. Mesas de cocina y mucho m\u00e1s. Proporciona un \u00e1ngulo ajustado del port\u00e1til para una posici\u00f3n m\u00e1s. Ergon\u00f3mica del teclado y una escritura m\u00e1s f\u00e1cil. Sostiene una tableta en una posici\u00f3n elevada, manteniendo ambas. Manos libres para escribir y deslizar. Se pliega para caber f\u00e1cilmente en la bolsa del port\u00e1til: le permite. Levantar una estaci\u00f3n de trabajo m\u00f3vil dondequiera que la necesite (por. Ejemplo, en habitaciones de hotel, en stands de ferias y m\u00e1s. Dise\u00f1o ventilado para aumentar el flujo de aire para mantener el. Port\u00e1til fresco y evitar el sobrecalentamiento. Construcci\u00f3n duradera de acero con recubrimiento de polvo. Superficie de apoyo acolchada para proteger la parte trasera de su. Dispositivo de ara\u00f1azos. Pies de goma para evitar el deslizamiento y proteger el escritorio de los. Ara\u00f1azos. Compatible con todas las marcas de port\u00e1tiles y ultrabook\u0099 como. Hp\u00ae, apple\u00ae macbook\u00ae pro \/ air, lenovo\u00ae thinkpad\u00ae, asus\u00ae, dell?. Y m\u00e1s. Especificaciones. General. \u0095 certificaciones: rohs. \u0095 capacidad de peso: 5 kg (11 lbs.. \u0095 dimensiones (l x a x p): 225 x 225 x 35 mm (8.86 x 8.86 x 1.38 pulgadas. \u0095 peso: 591 g (1.3 lbs.. \u0095 material: acero. Contenido del paquete. \u0095 soporte ajustable para laptops y tabletas<\/p>\n","protected":false},"featured_media":153235,"comment_status":"open","ping_status":"open","template":"","meta":[],"product_cat":[1485,1486],"product_tag":[1487],"acf":[],"yoast_head":"<!-- This site is optimized with the Yoast SEO plugin v21.7 - https:\/\/yoast.com\/wordpress\/plugins\/seo\/ -->\n<title>[ Manhattan ] &#129351; 462129 Soporte Laptop,,, P\/escritorio, De Posiciones, Ergon\u00f3mico<\/title>\n<meta name=\"description\" content=\"Compra 462129 Soporte Laptop,,, P\/escritorio, De Posiciones, Ergon\u00f3mico + Env\u00edo a domicilio + Pago seguro + Garant\u00eda\" \/>\n<meta name=\"robots\" content=\"index, follow, max-snippet:-1, max-image-preview:large, max-video-preview:-1\" \/>\n<link rel=\"canonical\" href=\"https:\/\/compuviper.mx\/tienda\/producto\/manhattan-462129-soporte-laptop-p-escritorio-de-posiciones-ergonmico\/\" \/>\n<meta property=\"og:locale\" content=\"es_MX\" \/>\n<meta property=\"og:type\" content=\"article\" \/>\n<meta property=\"og:title\" content=\"[ Manhattan ] &#129351; 462129 Soporte Laptop,,, P\/escritorio, De Posiciones, Ergon\u00f3mico\" \/>\n<meta property=\"og:description\" content=\"Compra 462129 Soporte Laptop,,, P\/escritorio, De Posiciones, Ergon\u00f3mico + Env\u00edo a domicilio + Pago seguro + Garant\u00eda\" \/>\n<meta property=\"og:url\" content=\"https:\/\/compuviper.mx\/tienda\/producto\/manhattan-462129-soporte-laptop-p-escritorio-de-posiciones-ergonmico\/\" \/>\n<meta property=\"og:site_name\" content=\"Compuviper\" \/>\n<meta property=\"article:publisher\" content=\"https:\/\/www.facebook.com\/compuviper\" \/>\n<meta property=\"og:image\" content=\"https:\/\/compuviper.mx\/tienda\/wp-content\/uploads\/2022\/07\/Soporte-ajustable-para-laptops-y-tabletas-hasta-5-kg-plegable-en-cinco-posiciones-negro.jpg\" \/>\n\t<meta property=\"og:image:width\" content=\"200\" \/>\n\t<meta property=\"og:image:height\" content=\"200\" \/>\n\t<meta property=\"og:image:type\" content=\"image\/jpeg\" \/>\n<meta name=\"twitter:card\" content=\"summary_large_image\" \/>\n<meta name=\"twitter:label1\" content=\"Precio\" \/>\n\t<meta name=\"twitter:data1\" content=\"&#36;286 con IVA\" \/>\n\t<meta name=\"twitter:label2\" content=\"Availability\" \/>\n\t<meta name=\"twitter:data2\" content=\"In stock\" \/>\n<script type=\"application\/ld+json\" class=\"yoast-schema-graph\">{\"@context\":\"https:\/\/schema.org\",\"@graph\":[{\"@type\":\"WebPage\",\"@id\":\"https:\/\/compuviper.mx\/tienda\/producto\/manhattan-462129-soporte-laptop-p-escritorio-de-posiciones-ergonmico\/\",\"url\":\"https:\/\/compuviper.mx\/tienda\/producto\/manhattan-462129-soporte-laptop-p-escritorio-de-posiciones-ergonmico\/\",\"name\":\"[ Manhattan ] &#129351; 462129 Soporte Laptop,,, P\/escritorio, De Posiciones, Ergon\u00f3mico\",\"isPartOf\":{\"@id\":\"https:\/\/compuviper.mx\/tienda\/#website\"},\"datePublished\":\"2026-04-11T05:07:17+00:00\",\"dateModified\":\"2026-04-11T05:07:17+00:00\",\"description\":\"Compra 462129 Soporte Laptop,,, P\/escritorio, De Posiciones, Ergon\u00f3mico + Env\u00edo a domicilio + Pago seguro + Garant\u00eda\",\"breadcrumb\":{\"@id\":\"https:\/\/compuviper.mx\/tienda\/producto\/manhattan-462129-soporte-laptop-p-escritorio-de-posiciones-ergonmico\/#breadcrumb\"},\"inLanguage\":\"es-MX\",\"potentialAction\":[{\"@type\":\"ReadAction\",\"target\":[\"https:\/\/compuviper.mx\/tienda\/producto\/manhattan-462129-soporte-laptop-p-escritorio-de-posiciones-ergonmico\/\"]}]},{\"@type\":\"BreadcrumbList\",\"@id\":\"https:\/\/compuviper.mx\/tienda\/producto\/manhattan-462129-soporte-laptop-p-escritorio-de-posiciones-ergonmico\/#breadcrumb\",\"itemListElement\":[{\"@type\":\"ListItem\",\"position\":1,\"name\":\"Inicio\",\"item\":\"https:\/\/compuviper.mx\/tienda\/\"},{\"@type\":\"ListItem\",\"position\":2,\"name\":\"Productos\",\"item\":\"https:\/\/compuviper.mx\/tienda\/productos\/\"},{\"@type\":\"ListItem\",\"position\":3,\"name\":\"Accesorios\",\"item\":\"https:\/\/compuviper.mx\/tienda\/categoria-producto\/accesorios\/\"},{\"@type\":\"ListItem\",\"position\":4,\"name\":\"Portatil\",\"item\":\"https:\/\/compuviper.mx\/tienda\/categoria-producto\/accesorios\/portatil\/\"},{\"@type\":\"ListItem\",\"position\":5,\"name\":\"Manhattan 462129 Soporte Laptop,,, P\/escritorio, De Posiciones, Ergon?mico\"}]},{\"@type\":\"WebSite\",\"@id\":\"https:\/\/compuviper.mx\/tienda\/#website\",\"url\":\"https:\/\/compuviper.mx\/tienda\/\",\"name\":\"Compuviper\",\"description\":\"Proveedor de Computadoras, Laptops, Servidores, Monitores, Puntos de Venta, Teclados,   Impresoras, T\u00f3ner, C\u00e1maras de Seguridad y m\u00e1s en tu tienda en l\u00ednea\",\"publisher\":{\"@id\":\"https:\/\/compuviper.mx\/tienda\/#organization\"},\"potentialAction\":[{\"@type\":\"SearchAction\",\"target\":{\"@type\":\"EntryPoint\",\"urlTemplate\":\"https:\/\/compuviper.mx\/tienda\/?s={search_term_string}\"},\"query-input\":\"required name=search_term_string\"}],\"inLanguage\":\"es-MX\"},{\"@type\":\"Organization\",\"@id\":\"https:\/\/compuviper.mx\/tienda\/#organization\",\"name\":\"Compuviper\",\"url\":\"https:\/\/compuviper.mx\/tienda\/\",\"logo\":{\"@type\":\"ImageObject\",\"inLanguage\":\"es-MX\",\"@id\":\"https:\/\/compuviper.mx\/tienda\/#\/schema\/logo\/image\/\",\"url\":\"https:\/\/compuviper.mx\/tienda\/wp-content\/uploads\/2021\/08\/Logo-Compuviper-10.png\",\"contentUrl\":\"https:\/\/compuviper.mx\/tienda\/wp-content\/uploads\/2021\/08\/Logo-Compuviper-10.png\",\"width\":1000,\"height\":500,\"caption\":\"Compuviper\"},\"image\":{\"@id\":\"https:\/\/compuviper.mx\/tienda\/#\/schema\/logo\/image\/\"},\"sameAs\":[\"https:\/\/www.facebook.com\/compuviper\",\"https:\/\/www.youtube.com\/channel\/UCf73dERp9Y3cfOq7q8BhLjA?view_as=subscriber\"]}]}<\/script>\n<meta property=\"product:brand\" content=\"MANHATTAN\" \/>\n<meta property=\"product:price:amount\" content=\"286\" \/>\n<meta property=\"product:price:currency\" content=\"MXN\" \/>\n<meta property=\"og:availability\" content=\"instock\" \/>\n<meta property=\"product:availability\" content=\"instock\" \/>\n<meta property=\"product:retailer_item_id\" content=\"462129\" \/>\n<meta property=\"product:condition\" content=\"new\" \/>\n<!-- \/ Yoast SEO plugin. -->","yoast_head_json":{"title":"[ Manhattan ] &#129351; 462129 Soporte Laptop,,, P\/escritorio, De Posiciones, Ergon\u00f3mico","description":"Compra 462129 Soporte Laptop,,, P\/escritorio, De Posiciones, Ergon\u00f3mico + Env\u00edo a domicilio + Pago seguro + Garant\u00eda","robots":{"index":"index","follow":"follow","max-snippet":"max-snippet:-1","max-image-preview":"max-image-preview:large","max-video-preview":"max-video-preview:-1"},"canonical":"https:\/\/compuviper.mx\/tienda\/producto\/manhattan-462129-soporte-laptop-p-escritorio-de-posiciones-ergonmico\/","og_locale":"es_MX","og_type":"article","og_title":"[ Manhattan ] &#129351; 462129 Soporte Laptop,,, P\/escritorio, De Posiciones, Ergon\u00f3mico","og_description":"Compra 462129 Soporte Laptop,,, P\/escritorio, De Posiciones, Ergon\u00f3mico + Env\u00edo a domicilio + Pago seguro + Garant\u00eda","og_url":"https:\/\/compuviper.mx\/tienda\/producto\/manhattan-462129-soporte-laptop-p-escritorio-de-posiciones-ergonmico\/","og_site_name":"Compuviper","article_publisher":"https:\/\/www.facebook.com\/compuviper","og_image":[{"width":200,"height":200,"url":"https:\/\/compuviper.mx\/tienda\/wp-content\/uploads\/2022\/07\/Soporte-ajustable-para-laptops-y-tabletas-hasta-5-kg-plegable-en-cinco-posiciones-negro.jpg","type":"image\/jpeg"}],"twitter_card":"summary_large_image","twitter_misc":{"Precio":"&#36;286 con IVA","Availability":"In stock"},"schema":{"@context":"https:\/\/schema.org","@graph":[{"@type":"WebPage","@id":"https:\/\/compuviper.mx\/tienda\/producto\/manhattan-462129-soporte-laptop-p-escritorio-de-posiciones-ergonmico\/","url":"https:\/\/compuviper.mx\/tienda\/producto\/manhattan-462129-soporte-laptop-p-escritorio-de-posiciones-ergonmico\/","name":"[ Manhattan ] &#129351; 462129 Soporte Laptop,,, P\/escritorio, De Posiciones, Ergon\u00f3mico","isPartOf":{"@id":"https:\/\/compuviper.mx\/tienda\/#website"},"datePublished":"2026-04-11T05:07:17+00:00","dateModified":"2026-04-11T05:07:17+00:00","description":"Compra 462129 Soporte Laptop,,, P\/escritorio, De Posiciones, Ergon\u00f3mico + Env\u00edo a domicilio + Pago seguro + Garant\u00eda","breadcrumb":{"@id":"https:\/\/compuviper.mx\/tienda\/producto\/manhattan-462129-soporte-laptop-p-escritorio-de-posiciones-ergonmico\/#breadcrumb"},"inLanguage":"es-MX","potentialAction":[{"@type":"ReadAction","target":["https:\/\/compuviper.mx\/tienda\/producto\/manhattan-462129-soporte-laptop-p-escritorio-de-posiciones-ergonmico\/"]}]},{"@type":"BreadcrumbList","@id":"https:\/\/compuviper.mx\/tienda\/producto\/manhattan-462129-soporte-laptop-p-escritorio-de-posiciones-ergonmico\/#breadcrumb","itemListElement":[{"@type":"ListItem","position":1,"name":"Inicio","item":"https:\/\/compuviper.mx\/tienda\/"},{"@type":"ListItem","position":2,"name":"Productos","item":"https:\/\/compuviper.mx\/tienda\/productos\/"},{"@type":"ListItem","position":3,"name":"Accesorios","item":"https:\/\/compuviper.mx\/tienda\/categoria-producto\/accesorios\/"},{"@type":"ListItem","position":4,"name":"Portatil","item":"https:\/\/compuviper.mx\/tienda\/categoria-producto\/accesorios\/portatil\/"},{"@type":"ListItem","position":5,"name":"Manhattan 462129 Soporte Laptop,,, P\/escritorio, De Posiciones, Ergon?mico"}]},{"@type":"WebSite","@id":"https:\/\/compuviper.mx\/tienda\/#website","url":"https:\/\/compuviper.mx\/tienda\/","name":"Compuviper","description":"Proveedor de Computadoras, Laptops, Servidores, Monitores, Puntos de Venta, Teclados,   Impresoras, T\u00f3ner, C\u00e1maras de Seguridad y m\u00e1s en tu tienda en l\u00ednea","publisher":{"@id":"https:\/\/compuviper.mx\/tienda\/#organization"},"potentialAction":[{"@type":"SearchAction","target":{"@type":"EntryPoint","urlTemplate":"https:\/\/compuviper.mx\/tienda\/?s={search_term_string}"},"query-input":"required name=search_term_string"}],"inLanguage":"es-MX"},{"@type":"Organization","@id":"https:\/\/compuviper.mx\/tienda\/#organization","name":"Compuviper","url":"https:\/\/compuviper.mx\/tienda\/","logo":{"@type":"ImageObject","inLanguage":"es-MX","@id":"https:\/\/compuviper.mx\/tienda\/#\/schema\/logo\/image\/","url":"https:\/\/compuviper.mx\/tienda\/wp-content\/uploads\/2021\/08\/Logo-Compuviper-10.png","contentUrl":"https:\/\/compuviper.mx\/tienda\/wp-content\/uploads\/2021\/08\/Logo-Compuviper-10.png","width":1000,"height":500,"caption":"Compuviper"},"image":{"@id":"https:\/\/compuviper.mx\/tienda\/#\/schema\/logo\/image\/"},"sameAs":["https:\/\/www.facebook.com\/compuviper","https:\/\/www.youtube.com\/channel\/UCf73dERp9Y3cfOq7q8BhLjA?view_as=subscriber"]}]},"product_brand":"MANHATTAN","product_price_amount":"286","product_price_currency":"MXN","og_availability":"instock","product_availability":"instock","product_retailer_item_id":"462129","product_condition":"new"},"_links":{"self":[{"href":"https:\/\/compuviper.mx\/tienda\/wp-json\/wp\/v2\/product\/151900"}],"collection":[{"href":"https:\/\/compuviper.mx\/tienda\/wp-json\/wp\/v2\/product"}],"about":[{"href":"https:\/\/compuviper.mx\/tienda\/wp-json\/wp\/v2\/types\/product"}],"replies":[{"embeddable":true,"href":"https:\/\/compuviper.mx\/tienda\/wp-json\/wp\/v2\/comments?post=151900"}],"wp:featuredmedia":[{"embeddable":true,"href":"https:\/\/compuviper.mx\/tienda\/wp-json\/wp\/v2\/media\/153235"}],"wp:attachment":[{"href":"https:\/\/compuviper.mx\/tienda\/wp-json\/wp\/v2\/media?parent=151900"}],"wp:term":[{"taxonomy":"product_cat","embeddable":true,"href":"https:\/\/compuviper.mx\/tienda\/wp-json\/wp\/v2\/product_cat?post=151900"},{"taxonomy":"product_tag","embeddable":true,"href":"https:\/\/compuviper.mx\/tienda\/wp-json\/wp\/v2\/product_tag?post=151900"}],"curies":[{"name":"wp","href":"https:\/\/api.w.org\/{rel}","templated":true}]}}