{"id":150769,"date":"2026-04-01T23:08:21","date_gmt":"2026-04-02T05:08:21","guid":{"rendered":"https:\/\/compuviper.mx\/tienda\/producto\/startech-com-st122hd20s-splitter-hdmi-de-2-puertos-1x2-de-audio-y-video-hdmi-2-0-4k-60hz-con-escalador-y-extractor-de-audio-3-5mm-spdif-1-entrada-y-2-salidas-copiado-edid-tv-proyector-mod\/"},"modified":"2026-04-01T23:08:21","modified_gmt":"2026-04-02T05:08:21","slug":"startech-com-st122hd20s-splitter-hdmi-de-2-puertos-1x2-de-audio-y-video-hdmi-2-0-4k-60hz-con-escalador-y-extractor-de-audio-3-5mm-spdif-1-entrada-y-2-salidas-copiado-edid-tv-proyector-mod-st","status":"publish","type":"product","link":"https:\/\/compuviper.mx\/tienda\/producto\/startech-com-st122hd20s-splitter-hdmi-de-2-puertos-1x2-de-audio-y-video-hdmi-2-0-4k-60hz-con-escalador-y-extractor-de-audio-3-5mm-spdif-1-entrada-y-2-salidas-copiado-edid-tv-proyector-mod-st\/","title":{"rendered":"Startech.com St122hd20s Splitter Hdmi De 2 Puertos 1&#215;2 De Audio Y Video Hdmi 2.0 4k 60hz Con Escalador Y Extractor De Audio 3.5mm\/spdif &#8211; 1 Entrada Y 2 Salidas &#8211; Copiado Edid &#8211; Tv\/proyector &#8211;  Mod. St122hd20"},"content":{"rendered":"<table class=\"descripcion\">\n<tr>\n<td>Caracter\u00edsticas f\u00edsicas<\/td>\n<\/tr>\n<tr>\n<td>Color: negro<\/td>\n<\/tr>\n<tr>\n<td>Altura del producto: 1.1 cm<\/td>\n<\/tr>\n<tr>\n<td>Longitud del producto: 12.0 cm<\/td>\n<\/tr>\n<tr>\n<td>Peso del producto: 170.0 g<\/td>\n<\/tr>\n<tr>\n<td>Ancho del producto: 6.3 cm<\/td>\n<\/tr>\n<tr>\n<td>Tipo de gabinete: acero<\/td>\n<\/tr>\n<tr>\n<td>Conector(es)<\/td>\n<\/tr>\n<tr>\n<td>Conector a: 1 &#8211; hdmi (19 pines)<\/td>\n<\/tr>\n<tr>\n<td>Conector b: 2 &#8211; hdmi (19 pines) &#8211; 1 &#8211; toslink (spdif, fibra \u00f3ptica) &#8211; 1 &#8211; enchufe mini-jack de 3,5mm (3 posiciones)<\/td>\n<\/tr>\n<tr>\n<td>Hardware<\/td>\n<\/tr>\n<tr>\n<td>Entrada a\/v: hdmi &#8211; 2.0<\/td>\n<\/tr>\n<tr>\n<td>Cantidad de puertos: 2<\/td>\n<\/tr>\n<tr>\n<td>Salida a\/v: hdmi &#8211; 2.0<\/td>\n<\/tr>\n<tr>\n<td>Soporte de audio: s\u00ed<\/td>\n<\/tr>\n<tr>\n<td>Est\u00e1ndares industriales: hdmi 2.0b<\/td>\n<\/tr>\n<tr>\n<td>Rendimiento<\/td>\n<\/tr>\n<tr>\n<td>Video revision: hdmi 2.0b<\/td>\n<\/tr>\n<tr>\n<td>Tasa de transferencia de datos m\u00e1xima: 18gbps<\/td>\n<\/tr>\n<tr>\n<td>Longitud m\u00e1xima del cable: 5 m<\/td>\n<\/tr>\n<tr>\n<td>Resoluci\u00f3n digital m\u00e1xima: 3840&#215;2160 (4k) a 60hz &#8211; 3840&#215;2160 (4k) a 30hz -1920&#215;1080 (1080p) &#8211; 1280&#215;720 (720p)<\/td>\n<\/tr>\n<tr>\n<td>Pantalla plana soportada: s\u00ed<\/td>\n<\/tr>\n<tr>\n<td>Requisitos de energ\u00eda<\/td>\n<\/tr>\n<tr>\n<td>Adaptador de corriente incluido: adaptador de alimentaci\u00f3n de ca incluido<\/td>\n<\/tr>\n<tr>\n<td>Tensi\u00f3n de entrada: 100 &#8211; 240 ac<\/td>\n<\/tr>\n<tr>\n<td>Tensi\u00f3n de salida: 5v dc<\/td>\n<\/tr>\n<tr>\n<td>Alimentaci\u00f3n de salida: 1a<\/td>\n<\/tr>\n<tr>\n<td>Consumo de energ\u00eda: 5w<\/td>\n<\/tr>\n<\/table>\n","protected":false},"excerpt":{"rendered":"<p>Este splitter hdmi de 2 puertos le\u00a0permite conectar su fuente de video hdmi a dos pantallas hdmi, compatible con resoluciones ultra hd y hdr (high dynamic range, alto rango din\u00e1mico), as\u00ed como audio envolvente 7.1.\u00a0este\u00a0multiplicador\u00a0hdmi\u00a0de 2 v\u00edas ofrece total compatibilidad con su equipo hdmi 2.0b, incluyendo la resoluci\u00f3n 4k verdadero a 60hz. Para transiciones de color y video m\u00e1s fluidas, el bifurcador ofrece submuestreo de intensidad de color de 4:4:4, lo cual significa que cada p\u00edxel tiene su propio color \u00fanico. El\u00a0splitter hdmi 2.0\u00a0es compatible con hdcp 2.2 y compatible con pantallas 4k 30hz, 1080p y 720p. Esto garantiza que funcionar\u00e1 con pantallas de menor resoluci\u00f3n, como proyectores o televisores de su entorno o en sus aplicaciones de se\u00f1alizaci\u00f3n digital. Con la funci\u00f3n\u00a0integrada de\u00a0escalamiento, este multiplicador hdmi\u00a01 en 2 le permite\u00a0salidas\u00a0simult\u00e1neas de\u00a0dos pantallas\u00a0de diferente resoluci\u00f3n.<\/p>\n","protected":false},"featured_media":153212,"comment_status":"open","ping_status":"open","template":"","meta":[],"product_cat":[1485,1506],"product_tag":[1590],"acf":[],"yoast_head":"<!-- This site is optimized with the Yoast SEO plugin v21.7 - https:\/\/yoast.com\/wordpress\/plugins\/seo\/ -->\n<title>[ Startech.com ] &#129351; St122hd20s Splitter Hdmi De 2 Puertos 1x2 De Audio Y Video Hdmi 2.0 4k 60hz Con Escalador Y Extractor De Audio 3.5mm\/spdif - 1 Entrada Y 2 Salidas - Copiado Edid - Tv\/proyector - Mod. St122hd20<\/title>\n<meta name=\"description\" content=\"Compra St122hd20s Splitter Hdmi De 2 Puertos 1x2 De Audio Y Video Hdmi 2.0 4k 60hz Con Escalador Y Extractor De Audio 3.5mm\/spdif - 1 Entrada Y 2 Salidas - Copiado Edid - Tv\/proyector - Mod. St122hd20 + Env\u00edo a domicilio + Pago seguro + Garant\u00eda\" \/>\n<meta name=\"robots\" content=\"index, follow, max-snippet:-1, max-image-preview:large, max-video-preview:-1\" \/>\n<link rel=\"canonical\" href=\"https:\/\/compuviper.mx\/tienda\/producto\/startech-com-st122hd20s-splitter-hdmi-de-2-puertos-1x2-de-audio-y-video-hdmi-2-0-4k-60hz-con-escalador-y-extractor-de-audio-3-5mm-spdif-1-entrada-y-2-salidas-copiado-edid-tv-proyector-mod-st\/\" \/>\n<meta property=\"og:locale\" content=\"es_MX\" \/>\n<meta property=\"og:type\" content=\"article\" \/>\n<meta property=\"og:title\" content=\"[ Startech.com ] &#129351; St122hd20s Splitter Hdmi De 2 Puertos 1x2 De Audio Y Video Hdmi 2.0 4k 60hz Con Escalador Y Extractor De Audio 3.5mm\/spdif - 1 Entrada Y 2 Salidas - Copiado Edid - Tv\/proyector - Mod. St122hd20\" \/>\n<meta property=\"og:description\" content=\"Compra St122hd20s Splitter Hdmi De 2 Puertos 1x2 De Audio Y Video Hdmi 2.0 4k 60hz Con Escalador Y Extractor De Audio 3.5mm\/spdif - 1 Entrada Y 2 Salidas - Copiado Edid - Tv\/proyector - Mod. St122hd20 + Env\u00edo a domicilio + Pago seguro + Garant\u00eda\" \/>\n<meta property=\"og:url\" content=\"https:\/\/compuviper.mx\/tienda\/producto\/startech-com-st122hd20s-splitter-hdmi-de-2-puertos-1x2-de-audio-y-video-hdmi-2-0-4k-60hz-con-escalador-y-extractor-de-audio-3-5mm-spdif-1-entrada-y-2-salidas-copiado-edid-tv-proyector-mod-st\/\" \/>\n<meta property=\"og:site_name\" content=\"Compuviper\" \/>\n<meta property=\"article:publisher\" content=\"https:\/\/www.facebook.com\/compuviper\" \/>\n<meta property=\"og:image\" content=\"https:\/\/compuviper.mx\/tienda\/wp-content\/uploads\/2022\/07\/Splitter-hdmi-de-2-puertos-1x2-de-audio-y-video-hdmi-2.0-4k-60hz-con-escalador-y-extractor-de-audio-3.5mmspdif-1-entrada-y-2-salidas-copiado-edid-tvproyector-startech.com-mod.-st122hd20.jpg\" \/>\n\t<meta property=\"og:image:width\" content=\"200\" \/>\n\t<meta property=\"og:image:height\" content=\"200\" \/>\n\t<meta property=\"og:image:type\" content=\"image\/jpeg\" \/>\n<meta name=\"twitter:card\" content=\"summary_large_image\" \/>\n<meta name=\"twitter:label1\" content=\"Precio\" \/>\n\t<meta name=\"twitter:data1\" content=\"&#36;1,809 con IVA\" \/>\n\t<meta name=\"twitter:label2\" content=\"Availability\" \/>\n\t<meta name=\"twitter:data2\" content=\"Out of stock\" \/>\n<script type=\"application\/ld+json\" class=\"yoast-schema-graph\">{\"@context\":\"https:\/\/schema.org\",\"@graph\":[{\"@type\":\"WebPage\",\"@id\":\"https:\/\/compuviper.mx\/tienda\/producto\/startech-com-st122hd20s-splitter-hdmi-de-2-puertos-1x2-de-audio-y-video-hdmi-2-0-4k-60hz-con-escalador-y-extractor-de-audio-3-5mm-spdif-1-entrada-y-2-salidas-copiado-edid-tv-proyector-mod-st\/\",\"url\":\"https:\/\/compuviper.mx\/tienda\/producto\/startech-com-st122hd20s-splitter-hdmi-de-2-puertos-1x2-de-audio-y-video-hdmi-2-0-4k-60hz-con-escalador-y-extractor-de-audio-3-5mm-spdif-1-entrada-y-2-salidas-copiado-edid-tv-proyector-mod-st\/\",\"name\":\"[ Startech.com ] &#129351; St122hd20s Splitter Hdmi De 2 Puertos 1x2 De Audio Y Video Hdmi 2.0 4k 60hz Con Escalador Y Extractor De Audio 3.5mm\/spdif - 1 Entrada Y 2 Salidas - Copiado Edid - Tv\/proyector - Mod. St122hd20\",\"isPartOf\":{\"@id\":\"https:\/\/compuviper.mx\/tienda\/#website\"},\"datePublished\":\"2026-04-02T05:08:21+00:00\",\"dateModified\":\"2026-04-02T05:08:21+00:00\",\"description\":\"Compra St122hd20s Splitter Hdmi De 2 Puertos 1x2 De Audio Y Video Hdmi 2.0 4k 60hz Con Escalador Y Extractor De Audio 3.5mm\/spdif - 1 Entrada Y 2 Salidas - Copiado Edid - Tv\/proyector - Mod. St122hd20 + Env\u00edo a domicilio + Pago seguro + Garant\u00eda\",\"breadcrumb\":{\"@id\":\"https:\/\/compuviper.mx\/tienda\/producto\/startech-com-st122hd20s-splitter-hdmi-de-2-puertos-1x2-de-audio-y-video-hdmi-2-0-4k-60hz-con-escalador-y-extractor-de-audio-3-5mm-spdif-1-entrada-y-2-salidas-copiado-edid-tv-proyector-mod-st\/#breadcrumb\"},\"inLanguage\":\"es-MX\",\"potentialAction\":[{\"@type\":\"ReadAction\",\"target\":[\"https:\/\/compuviper.mx\/tienda\/producto\/startech-com-st122hd20s-splitter-hdmi-de-2-puertos-1x2-de-audio-y-video-hdmi-2-0-4k-60hz-con-escalador-y-extractor-de-audio-3-5mm-spdif-1-entrada-y-2-salidas-copiado-edid-tv-proyector-mod-st\/\"]}]},{\"@type\":\"BreadcrumbList\",\"@id\":\"https:\/\/compuviper.mx\/tienda\/producto\/startech-com-st122hd20s-splitter-hdmi-de-2-puertos-1x2-de-audio-y-video-hdmi-2-0-4k-60hz-con-escalador-y-extractor-de-audio-3-5mm-spdif-1-entrada-y-2-salidas-copiado-edid-tv-proyector-mod-st\/#breadcrumb\",\"itemListElement\":[{\"@type\":\"ListItem\",\"position\":1,\"name\":\"Inicio\",\"item\":\"https:\/\/compuviper.mx\/tienda\/\"},{\"@type\":\"ListItem\",\"position\":2,\"name\":\"Productos\",\"item\":\"https:\/\/compuviper.mx\/tienda\/productos\/\"},{\"@type\":\"ListItem\",\"position\":3,\"name\":\"Accesorios\",\"item\":\"https:\/\/compuviper.mx\/tienda\/categoria-producto\/accesorios\/\"},{\"@type\":\"ListItem\",\"position\":4,\"name\":\"Conectividad\",\"item\":\"https:\/\/compuviper.mx\/tienda\/categoria-producto\/accesorios\/conectividad\/\"},{\"@type\":\"ListItem\",\"position\":5,\"name\":\"Startech.com St122hd20s Splitter Hdmi De 2 Puertos 1&#215;2 De Audio Y Video Hdmi 2.0 4k 60hz Con Escalador Y Extractor De Audio 3.5mm\/spdif &#8211; 1 Entrada Y 2 Salidas &#8211; Copiado Edid &#8211; Tv\/proyector &#8211; Mod. St122hd20\"}]},{\"@type\":\"WebSite\",\"@id\":\"https:\/\/compuviper.mx\/tienda\/#website\",\"url\":\"https:\/\/compuviper.mx\/tienda\/\",\"name\":\"Compuviper\",\"description\":\"Proveedor de Computadoras, Laptops, Servidores, Monitores, Puntos de Venta, Teclados,   Impresoras, T\u00f3ner, C\u00e1maras de Seguridad y m\u00e1s en tu tienda en l\u00ednea\",\"publisher\":{\"@id\":\"https:\/\/compuviper.mx\/tienda\/#organization\"},\"potentialAction\":[{\"@type\":\"SearchAction\",\"target\":{\"@type\":\"EntryPoint\",\"urlTemplate\":\"https:\/\/compuviper.mx\/tienda\/?s={search_term_string}\"},\"query-input\":\"required name=search_term_string\"}],\"inLanguage\":\"es-MX\"},{\"@type\":\"Organization\",\"@id\":\"https:\/\/compuviper.mx\/tienda\/#organization\",\"name\":\"Compuviper\",\"url\":\"https:\/\/compuviper.mx\/tienda\/\",\"logo\":{\"@type\":\"ImageObject\",\"inLanguage\":\"es-MX\",\"@id\":\"https:\/\/compuviper.mx\/tienda\/#\/schema\/logo\/image\/\",\"url\":\"https:\/\/compuviper.mx\/tienda\/wp-content\/uploads\/2021\/08\/Logo-Compuviper-10.png\",\"contentUrl\":\"https:\/\/compuviper.mx\/tienda\/wp-content\/uploads\/2021\/08\/Logo-Compuviper-10.png\",\"width\":1000,\"height\":500,\"caption\":\"Compuviper\"},\"image\":{\"@id\":\"https:\/\/compuviper.mx\/tienda\/#\/schema\/logo\/image\/\"},\"sameAs\":[\"https:\/\/www.facebook.com\/compuviper\",\"https:\/\/www.youtube.com\/channel\/UCf73dERp9Y3cfOq7q8BhLjA?view_as=subscriber\"]}]}<\/script>\n<meta property=\"product:brand\" content=\"STARTECH.COM\" \/>\n<meta property=\"product:price:amount\" content=\"1809\" \/>\n<meta property=\"product:price:currency\" content=\"MXN\" \/>\n<meta property=\"og:availability\" content=\"out of stock\" \/>\n<meta property=\"product:availability\" content=\"out of stock\" \/>\n<meta property=\"product:retailer_item_id\" content=\"ST122HD20S\" \/>\n<meta property=\"product:condition\" content=\"new\" \/>\n<!-- \/ Yoast SEO plugin. -->","yoast_head_json":{"title":"[ Startech.com ] &#129351; St122hd20s Splitter Hdmi De 2 Puertos 1x2 De Audio Y Video Hdmi 2.0 4k 60hz Con Escalador Y Extractor De Audio 3.5mm\/spdif - 1 Entrada Y 2 Salidas - Copiado Edid - Tv\/proyector - Mod. St122hd20","description":"Compra St122hd20s Splitter Hdmi De 2 Puertos 1x2 De Audio Y Video Hdmi 2.0 4k 60hz Con Escalador Y Extractor De Audio 3.5mm\/spdif - 1 Entrada Y 2 Salidas - Copiado Edid - Tv\/proyector - Mod. St122hd20 + Env\u00edo a domicilio + Pago seguro + Garant\u00eda","robots":{"index":"index","follow":"follow","max-snippet":"max-snippet:-1","max-image-preview":"max-image-preview:large","max-video-preview":"max-video-preview:-1"},"canonical":"https:\/\/compuviper.mx\/tienda\/producto\/startech-com-st122hd20s-splitter-hdmi-de-2-puertos-1x2-de-audio-y-video-hdmi-2-0-4k-60hz-con-escalador-y-extractor-de-audio-3-5mm-spdif-1-entrada-y-2-salidas-copiado-edid-tv-proyector-mod-st\/","og_locale":"es_MX","og_type":"article","og_title":"[ Startech.com ] &#129351; St122hd20s Splitter Hdmi De 2 Puertos 1x2 De Audio Y Video Hdmi 2.0 4k 60hz Con Escalador Y Extractor De Audio 3.5mm\/spdif - 1 Entrada Y 2 Salidas - Copiado Edid - Tv\/proyector - Mod. St122hd20","og_description":"Compra St122hd20s Splitter Hdmi De 2 Puertos 1x2 De Audio Y Video Hdmi 2.0 4k 60hz Con Escalador Y Extractor De Audio 3.5mm\/spdif - 1 Entrada Y 2 Salidas - Copiado Edid - Tv\/proyector - Mod. St122hd20 + Env\u00edo a domicilio + Pago seguro + Garant\u00eda","og_url":"https:\/\/compuviper.mx\/tienda\/producto\/startech-com-st122hd20s-splitter-hdmi-de-2-puertos-1x2-de-audio-y-video-hdmi-2-0-4k-60hz-con-escalador-y-extractor-de-audio-3-5mm-spdif-1-entrada-y-2-salidas-copiado-edid-tv-proyector-mod-st\/","og_site_name":"Compuviper","article_publisher":"https:\/\/www.facebook.com\/compuviper","og_image":[{"width":200,"height":200,"url":"https:\/\/compuviper.mx\/tienda\/wp-content\/uploads\/2022\/07\/Splitter-hdmi-de-2-puertos-1x2-de-audio-y-video-hdmi-2.0-4k-60hz-con-escalador-y-extractor-de-audio-3.5mmspdif-1-entrada-y-2-salidas-copiado-edid-tvproyector-startech.com-mod.-st122hd20.jpg","type":"image\/jpeg"}],"twitter_card":"summary_large_image","twitter_misc":{"Precio":"&#36;1,809 con IVA","Availability":"Out of stock"},"schema":{"@context":"https:\/\/schema.org","@graph":[{"@type":"WebPage","@id":"https:\/\/compuviper.mx\/tienda\/producto\/startech-com-st122hd20s-splitter-hdmi-de-2-puertos-1x2-de-audio-y-video-hdmi-2-0-4k-60hz-con-escalador-y-extractor-de-audio-3-5mm-spdif-1-entrada-y-2-salidas-copiado-edid-tv-proyector-mod-st\/","url":"https:\/\/compuviper.mx\/tienda\/producto\/startech-com-st122hd20s-splitter-hdmi-de-2-puertos-1x2-de-audio-y-video-hdmi-2-0-4k-60hz-con-escalador-y-extractor-de-audio-3-5mm-spdif-1-entrada-y-2-salidas-copiado-edid-tv-proyector-mod-st\/","name":"[ Startech.com ] &#129351; St122hd20s Splitter Hdmi De 2 Puertos 1x2 De Audio Y Video Hdmi 2.0 4k 60hz Con Escalador Y Extractor De Audio 3.5mm\/spdif - 1 Entrada Y 2 Salidas - Copiado Edid - Tv\/proyector - Mod. St122hd20","isPartOf":{"@id":"https:\/\/compuviper.mx\/tienda\/#website"},"datePublished":"2026-04-02T05:08:21+00:00","dateModified":"2026-04-02T05:08:21+00:00","description":"Compra St122hd20s Splitter Hdmi De 2 Puertos 1x2 De Audio Y Video Hdmi 2.0 4k 60hz Con Escalador Y Extractor De Audio 3.5mm\/spdif - 1 Entrada Y 2 Salidas - Copiado Edid - Tv\/proyector - Mod. St122hd20 + Env\u00edo a domicilio + Pago seguro + Garant\u00eda","breadcrumb":{"@id":"https:\/\/compuviper.mx\/tienda\/producto\/startech-com-st122hd20s-splitter-hdmi-de-2-puertos-1x2-de-audio-y-video-hdmi-2-0-4k-60hz-con-escalador-y-extractor-de-audio-3-5mm-spdif-1-entrada-y-2-salidas-copiado-edid-tv-proyector-mod-st\/#breadcrumb"},"inLanguage":"es-MX","potentialAction":[{"@type":"ReadAction","target":["https:\/\/compuviper.mx\/tienda\/producto\/startech-com-st122hd20s-splitter-hdmi-de-2-puertos-1x2-de-audio-y-video-hdmi-2-0-4k-60hz-con-escalador-y-extractor-de-audio-3-5mm-spdif-1-entrada-y-2-salidas-copiado-edid-tv-proyector-mod-st\/"]}]},{"@type":"BreadcrumbList","@id":"https:\/\/compuviper.mx\/tienda\/producto\/startech-com-st122hd20s-splitter-hdmi-de-2-puertos-1x2-de-audio-y-video-hdmi-2-0-4k-60hz-con-escalador-y-extractor-de-audio-3-5mm-spdif-1-entrada-y-2-salidas-copiado-edid-tv-proyector-mod-st\/#breadcrumb","itemListElement":[{"@type":"ListItem","position":1,"name":"Inicio","item":"https:\/\/compuviper.mx\/tienda\/"},{"@type":"ListItem","position":2,"name":"Productos","item":"https:\/\/compuviper.mx\/tienda\/productos\/"},{"@type":"ListItem","position":3,"name":"Accesorios","item":"https:\/\/compuviper.mx\/tienda\/categoria-producto\/accesorios\/"},{"@type":"ListItem","position":4,"name":"Conectividad","item":"https:\/\/compuviper.mx\/tienda\/categoria-producto\/accesorios\/conectividad\/"},{"@type":"ListItem","position":5,"name":"Startech.com St122hd20s Splitter Hdmi De 2 Puertos 1&#215;2 De Audio Y Video Hdmi 2.0 4k 60hz Con Escalador Y Extractor De Audio 3.5mm\/spdif &#8211; 1 Entrada Y 2 Salidas &#8211; Copiado Edid &#8211; Tv\/proyector &#8211; Mod. St122hd20"}]},{"@type":"WebSite","@id":"https:\/\/compuviper.mx\/tienda\/#website","url":"https:\/\/compuviper.mx\/tienda\/","name":"Compuviper","description":"Proveedor de Computadoras, Laptops, Servidores, Monitores, Puntos de Venta, Teclados,   Impresoras, T\u00f3ner, C\u00e1maras de Seguridad y m\u00e1s en tu tienda en l\u00ednea","publisher":{"@id":"https:\/\/compuviper.mx\/tienda\/#organization"},"potentialAction":[{"@type":"SearchAction","target":{"@type":"EntryPoint","urlTemplate":"https:\/\/compuviper.mx\/tienda\/?s={search_term_string}"},"query-input":"required name=search_term_string"}],"inLanguage":"es-MX"},{"@type":"Organization","@id":"https:\/\/compuviper.mx\/tienda\/#organization","name":"Compuviper","url":"https:\/\/compuviper.mx\/tienda\/","logo":{"@type":"ImageObject","inLanguage":"es-MX","@id":"https:\/\/compuviper.mx\/tienda\/#\/schema\/logo\/image\/","url":"https:\/\/compuviper.mx\/tienda\/wp-content\/uploads\/2021\/08\/Logo-Compuviper-10.png","contentUrl":"https:\/\/compuviper.mx\/tienda\/wp-content\/uploads\/2021\/08\/Logo-Compuviper-10.png","width":1000,"height":500,"caption":"Compuviper"},"image":{"@id":"https:\/\/compuviper.mx\/tienda\/#\/schema\/logo\/image\/"},"sameAs":["https:\/\/www.facebook.com\/compuviper","https:\/\/www.youtube.com\/channel\/UCf73dERp9Y3cfOq7q8BhLjA?view_as=subscriber"]}]},"product_brand":"STARTECH.COM","product_price_amount":"1809","product_price_currency":"MXN","og_availability":"out of stock","product_availability":"out of stock","product_retailer_item_id":"ST122HD20S","product_condition":"new"},"_links":{"self":[{"href":"https:\/\/compuviper.mx\/tienda\/wp-json\/wp\/v2\/product\/150769"}],"collection":[{"href":"https:\/\/compuviper.mx\/tienda\/wp-json\/wp\/v2\/product"}],"about":[{"href":"https:\/\/compuviper.mx\/tienda\/wp-json\/wp\/v2\/types\/product"}],"replies":[{"embeddable":true,"href":"https:\/\/compuviper.mx\/tienda\/wp-json\/wp\/v2\/comments?post=150769"}],"wp:featuredmedia":[{"embeddable":true,"href":"https:\/\/compuviper.mx\/tienda\/wp-json\/wp\/v2\/media\/153212"}],"wp:attachment":[{"href":"https:\/\/compuviper.mx\/tienda\/wp-json\/wp\/v2\/media?parent=150769"}],"wp:term":[{"taxonomy":"product_cat","embeddable":true,"href":"https:\/\/compuviper.mx\/tienda\/wp-json\/wp\/v2\/product_cat?post=150769"},{"taxonomy":"product_tag","embeddable":true,"href":"https:\/\/compuviper.mx\/tienda\/wp-json\/wp\/v2\/product_tag?post=150769"}],"curies":[{"name":"wp","href":"https:\/\/api.w.org\/{rel}","templated":true}]}}