{"id":137094,"date":"2021-09-06T13:00:27","date_gmt":"2021-09-06T18:00:27","guid":{"rendered":"https:\/\/compuviper.mx\/tienda\/?post_type=product&#038;p=137094"},"modified":"2023-12-11T13:03:15","modified_gmt":"2023-12-11T19:03:15","slug":"soporte-presencial-para-instalacion-configuracion-y-capacitacion-point-me-up-retail","status":"publish","type":"product","link":"https:\/\/compuviper.mx\/tienda\/producto\/soporte-presencial-para-instalacion-configuracion-y-capacitacion-point-me-up-retail\/","title":{"rendered":"Soporte Presencial Para Instalaci\u00f3n, Configuraci\u00f3n y Capacitaci\u00f3n Punto De Venta"},"content":{"rendered":"<p>El soporte de activaci\u00f3n, instalaci\u00f3n, configuraci\u00f3n y capacitaci\u00f3n se incluye para elementos de hardware y software especificados en la siguiente lista:<\/p>\n<ul>\n<li>1 Lector de c\u00f3digos (Cualquier modelo)<\/li>\n<li>1 Miniprinter t\u00e9rmica (Cualquier modelo)<\/li>\n<li>1 Caj\u00f3n de dinero (Cualquier modelo)<\/li>\n<li>1 Software Eleventa Monocaja<\/li>\n<\/ul>\n<p>\u00danicamente para 1 caja y 1 solo evento cuando se adquieren por primera vez en Compuviper, no se realizara ning\u00fan otro tipo de asistencia como lo son instalaci\u00f3n de paqueter\u00eda de office, antivirus u otros programas que no est\u00e9n previamente especificados. Tampoco para realizar inventario, cargar productos en el sistema, limpieza de virus, errores en el sistema operativo, formatear equipos, etc.<\/p>\n<p>Como recomendaci\u00f3n es tener un equipo de computo reci\u00e9n formateado con Windows 7, Windows 8 o Windows 10.<\/p>\n<p>El servicio se brindara de manera presencial con un agente profesional sobre la implementaci\u00f3n inicial, instalaci\u00f3n de software, configuraci\u00f3n de equipo de computo, configuraci\u00f3n de caja, empleados y usuarios, importaci\u00f3n de catalogo de productos, primera capacitaci\u00f3n de caja y capacitaci\u00f3n del portal web.<\/p>\n","protected":false},"excerpt":{"rendered":"<p>Con este soporte estar\u00e1s tranquilo al recibir tu Kit De Punto De Venta ya que contaras de manera presencial la instalaci\u00f3n, activaci\u00f3n, configuraci\u00f3n y capacitaci\u00f3n de tu kit de punto de venta.<\/p>\n","protected":false},"featured_media":135191,"comment_status":"open","ping_status":"closed","template":"","meta":[],"product_cat":[2084],"product_tag":[2085],"acf":[],"yoast_head":"<!-- This site is optimized with the Yoast SEO plugin v21.7 - https:\/\/yoast.com\/wordpress\/plugins\/seo\/ -->\n<title>Soporte Presencial Para Instalaci\u00f3n, Configuraci\u00f3n y Capacitaci\u00f3n Punto De Venta - Compuviper<\/title>\n<meta name=\"robots\" content=\"index, follow, max-snippet:-1, max-image-preview:large, max-video-preview:-1\" \/>\n<link rel=\"canonical\" href=\"https:\/\/compuviper.mx\/tienda\/producto\/soporte-presencial-para-instalacion-configuracion-y-capacitacion-point-me-up-retail\/\" \/>\n<meta property=\"og:locale\" content=\"es_MX\" \/>\n<meta property=\"og:type\" content=\"article\" \/>\n<meta property=\"og:title\" content=\"Soporte Presencial Para Instalaci\u00f3n, Configuraci\u00f3n y Capacitaci\u00f3n Punto De Venta - Compuviper\" \/>\n<meta property=\"og:description\" content=\"Con este soporte estar\u00e1s tranquilo al recibir tu Kit De Punto De Venta ya que contaras de manera presencial la instalaci\u00f3n, activaci\u00f3n, configuraci\u00f3n y capacitaci\u00f3n de tu kit de punto de venta.\" \/>\n<meta property=\"og:url\" content=\"https:\/\/compuviper.mx\/tienda\/producto\/soporte-presencial-para-instalacion-configuracion-y-capacitacion-point-me-up-retail\/\" \/>\n<meta property=\"og:site_name\" content=\"Compuviper\" \/>\n<meta property=\"article:publisher\" content=\"https:\/\/www.facebook.com\/compuviper\" \/>\n<meta property=\"article:modified_time\" content=\"2023-12-11T19:03:15+00:00\" \/>\n<meta property=\"og:image\" content=\"https:\/\/compuviper.mx\/tienda\/wp-content\/uploads\/2021\/08\/Logo-pequeno-300x300-1.jpg\" \/>\n\t<meta property=\"og:image:width\" content=\"300\" \/>\n\t<meta property=\"og:image:height\" content=\"300\" \/>\n\t<meta property=\"og:image:type\" content=\"image\/jpeg\" \/>\n<meta name=\"twitter:card\" content=\"summary_large_image\" \/>\n<meta name=\"twitter:label1\" content=\"Precio\" \/>\n\t<meta name=\"twitter:data1\" content=\"&#36;2,500 &#36;1,800 con IVA\" \/>\n\t<meta name=\"twitter:label2\" content=\"Availability\" \/>\n\t<meta name=\"twitter:data2\" content=\"In stock\" \/>\n<script type=\"application\/ld+json\" class=\"yoast-schema-graph\">{\"@context\":\"https:\/\/schema.org\",\"@graph\":[{\"@type\":\"WebPage\",\"@id\":\"https:\/\/compuviper.mx\/tienda\/producto\/soporte-presencial-para-instalacion-configuracion-y-capacitacion-point-me-up-retail\/\",\"url\":\"https:\/\/compuviper.mx\/tienda\/producto\/soporte-presencial-para-instalacion-configuracion-y-capacitacion-point-me-up-retail\/\",\"name\":\"Soporte Presencial Para Instalaci\u00f3n, Configuraci\u00f3n y Capacitaci\u00f3n Punto De Venta - Compuviper\",\"isPartOf\":{\"@id\":\"https:\/\/compuviper.mx\/tienda\/#website\"},\"datePublished\":\"2021-09-06T18:00:27+00:00\",\"dateModified\":\"2023-12-11T19:03:15+00:00\",\"breadcrumb\":{\"@id\":\"https:\/\/compuviper.mx\/tienda\/producto\/soporte-presencial-para-instalacion-configuracion-y-capacitacion-point-me-up-retail\/#breadcrumb\"},\"inLanguage\":\"es-MX\",\"potentialAction\":[{\"@type\":\"ReadAction\",\"target\":[\"https:\/\/compuviper.mx\/tienda\/producto\/soporte-presencial-para-instalacion-configuracion-y-capacitacion-point-me-up-retail\/\"]}]},{\"@type\":\"BreadcrumbList\",\"@id\":\"https:\/\/compuviper.mx\/tienda\/producto\/soporte-presencial-para-instalacion-configuracion-y-capacitacion-point-me-up-retail\/#breadcrumb\",\"itemListElement\":[{\"@type\":\"ListItem\",\"position\":1,\"name\":\"Inicio\",\"item\":\"https:\/\/compuviper.mx\/tienda\/\"},{\"@type\":\"ListItem\",\"position\":2,\"name\":\"Productos\",\"item\":\"https:\/\/compuviper.mx\/tienda\/productos\/\"},{\"@type\":\"ListItem\",\"position\":3,\"name\":\"Servicios\",\"item\":\"https:\/\/compuviper.mx\/tienda\/categoria-producto\/servicios\/\"},{\"@type\":\"ListItem\",\"position\":4,\"name\":\"Soporte Presencial Para Instalaci\u00f3n, Configuraci\u00f3n y Capacitaci\u00f3n Punto De Venta\"}]},{\"@type\":\"WebSite\",\"@id\":\"https:\/\/compuviper.mx\/tienda\/#website\",\"url\":\"https:\/\/compuviper.mx\/tienda\/\",\"name\":\"Compuviper\",\"description\":\"Proveedor de Computadoras, Laptops, Servidores, Monitores, Puntos de Venta, Teclados,   Impresoras, T\u00f3ner, C\u00e1maras de Seguridad y m\u00e1s en tu tienda en l\u00ednea\",\"publisher\":{\"@id\":\"https:\/\/compuviper.mx\/tienda\/#organization\"},\"potentialAction\":[{\"@type\":\"SearchAction\",\"target\":{\"@type\":\"EntryPoint\",\"urlTemplate\":\"https:\/\/compuviper.mx\/tienda\/?s={search_term_string}\"},\"query-input\":\"required name=search_term_string\"}],\"inLanguage\":\"es-MX\"},{\"@type\":\"Organization\",\"@id\":\"https:\/\/compuviper.mx\/tienda\/#organization\",\"name\":\"Compuviper\",\"url\":\"https:\/\/compuviper.mx\/tienda\/\",\"logo\":{\"@type\":\"ImageObject\",\"inLanguage\":\"es-MX\",\"@id\":\"https:\/\/compuviper.mx\/tienda\/#\/schema\/logo\/image\/\",\"url\":\"https:\/\/compuviper.mx\/tienda\/wp-content\/uploads\/2021\/08\/Logo-Compuviper-10.png\",\"contentUrl\":\"https:\/\/compuviper.mx\/tienda\/wp-content\/uploads\/2021\/08\/Logo-Compuviper-10.png\",\"width\":1000,\"height\":500,\"caption\":\"Compuviper\"},\"image\":{\"@id\":\"https:\/\/compuviper.mx\/tienda\/#\/schema\/logo\/image\/\"},\"sameAs\":[\"https:\/\/www.facebook.com\/compuviper\",\"https:\/\/www.youtube.com\/channel\/UCf73dERp9Y3cfOq7q8BhLjA?view_as=subscriber\"]}]}<\/script>\n<meta property=\"product:brand\" content=\"Compuviper\" \/>\n<meta property=\"product:price:amount\" content=\"1800\" \/>\n<meta property=\"product:price:currency\" content=\"MXN\" \/>\n<meta property=\"og:availability\" content=\"instock\" \/>\n<meta property=\"product:availability\" content=\"instock\" \/>\n<meta property=\"product:retailer_item_id\" content=\"SoporteP-B-1-1\" \/>\n<meta property=\"product:condition\" content=\"new\" \/>\n<!-- \/ Yoast SEO plugin. -->","yoast_head_json":{"title":"Soporte Presencial Para Instalaci\u00f3n, Configuraci\u00f3n y Capacitaci\u00f3n Punto De Venta - Compuviper","robots":{"index":"index","follow":"follow","max-snippet":"max-snippet:-1","max-image-preview":"max-image-preview:large","max-video-preview":"max-video-preview:-1"},"canonical":"https:\/\/compuviper.mx\/tienda\/producto\/soporte-presencial-para-instalacion-configuracion-y-capacitacion-point-me-up-retail\/","og_locale":"es_MX","og_type":"article","og_title":"Soporte Presencial Para Instalaci\u00f3n, Configuraci\u00f3n y Capacitaci\u00f3n Punto De Venta - Compuviper","og_description":"Con este soporte estar\u00e1s tranquilo al recibir tu Kit De Punto De Venta ya que contaras de manera presencial la instalaci\u00f3n, activaci\u00f3n, configuraci\u00f3n y capacitaci\u00f3n de tu kit de punto de venta.","og_url":"https:\/\/compuviper.mx\/tienda\/producto\/soporte-presencial-para-instalacion-configuracion-y-capacitacion-point-me-up-retail\/","og_site_name":"Compuviper","article_publisher":"https:\/\/www.facebook.com\/compuviper","article_modified_time":"2023-12-11T19:03:15+00:00","og_image":[{"width":300,"height":300,"url":"https:\/\/compuviper.mx\/tienda\/wp-content\/uploads\/2021\/08\/Logo-pequeno-300x300-1.jpg","type":"image\/jpeg"}],"twitter_card":"summary_large_image","twitter_misc":{"Precio":"&#36;2,500 &#36;1,800 con IVA","Availability":"In stock"},"schema":{"@context":"https:\/\/schema.org","@graph":[{"@type":"WebPage","@id":"https:\/\/compuviper.mx\/tienda\/producto\/soporte-presencial-para-instalacion-configuracion-y-capacitacion-point-me-up-retail\/","url":"https:\/\/compuviper.mx\/tienda\/producto\/soporte-presencial-para-instalacion-configuracion-y-capacitacion-point-me-up-retail\/","name":"Soporte Presencial Para Instalaci\u00f3n, Configuraci\u00f3n y Capacitaci\u00f3n Punto De Venta - Compuviper","isPartOf":{"@id":"https:\/\/compuviper.mx\/tienda\/#website"},"datePublished":"2021-09-06T18:00:27+00:00","dateModified":"2023-12-11T19:03:15+00:00","breadcrumb":{"@id":"https:\/\/compuviper.mx\/tienda\/producto\/soporte-presencial-para-instalacion-configuracion-y-capacitacion-point-me-up-retail\/#breadcrumb"},"inLanguage":"es-MX","potentialAction":[{"@type":"ReadAction","target":["https:\/\/compuviper.mx\/tienda\/producto\/soporte-presencial-para-instalacion-configuracion-y-capacitacion-point-me-up-retail\/"]}]},{"@type":"BreadcrumbList","@id":"https:\/\/compuviper.mx\/tienda\/producto\/soporte-presencial-para-instalacion-configuracion-y-capacitacion-point-me-up-retail\/#breadcrumb","itemListElement":[{"@type":"ListItem","position":1,"name":"Inicio","item":"https:\/\/compuviper.mx\/tienda\/"},{"@type":"ListItem","position":2,"name":"Productos","item":"https:\/\/compuviper.mx\/tienda\/productos\/"},{"@type":"ListItem","position":3,"name":"Servicios","item":"https:\/\/compuviper.mx\/tienda\/categoria-producto\/servicios\/"},{"@type":"ListItem","position":4,"name":"Soporte Presencial Para Instalaci\u00f3n, Configuraci\u00f3n y Capacitaci\u00f3n Punto De Venta"}]},{"@type":"WebSite","@id":"https:\/\/compuviper.mx\/tienda\/#website","url":"https:\/\/compuviper.mx\/tienda\/","name":"Compuviper","description":"Proveedor de Computadoras, Laptops, Servidores, Monitores, Puntos de Venta, Teclados,   Impresoras, T\u00f3ner, C\u00e1maras de Seguridad y m\u00e1s en tu tienda en l\u00ednea","publisher":{"@id":"https:\/\/compuviper.mx\/tienda\/#organization"},"potentialAction":[{"@type":"SearchAction","target":{"@type":"EntryPoint","urlTemplate":"https:\/\/compuviper.mx\/tienda\/?s={search_term_string}"},"query-input":"required name=search_term_string"}],"inLanguage":"es-MX"},{"@type":"Organization","@id":"https:\/\/compuviper.mx\/tienda\/#organization","name":"Compuviper","url":"https:\/\/compuviper.mx\/tienda\/","logo":{"@type":"ImageObject","inLanguage":"es-MX","@id":"https:\/\/compuviper.mx\/tienda\/#\/schema\/logo\/image\/","url":"https:\/\/compuviper.mx\/tienda\/wp-content\/uploads\/2021\/08\/Logo-Compuviper-10.png","contentUrl":"https:\/\/compuviper.mx\/tienda\/wp-content\/uploads\/2021\/08\/Logo-Compuviper-10.png","width":1000,"height":500,"caption":"Compuviper"},"image":{"@id":"https:\/\/compuviper.mx\/tienda\/#\/schema\/logo\/image\/"},"sameAs":["https:\/\/www.facebook.com\/compuviper","https:\/\/www.youtube.com\/channel\/UCf73dERp9Y3cfOq7q8BhLjA?view_as=subscriber"]}]},"product_brand":"Compuviper","product_price_amount":"1800","product_price_currency":"MXN","og_availability":"instock","product_availability":"instock","product_retailer_item_id":"SoporteP-B-1-1","product_condition":"new"},"_links":{"self":[{"href":"https:\/\/compuviper.mx\/tienda\/wp-json\/wp\/v2\/product\/137094"}],"collection":[{"href":"https:\/\/compuviper.mx\/tienda\/wp-json\/wp\/v2\/product"}],"about":[{"href":"https:\/\/compuviper.mx\/tienda\/wp-json\/wp\/v2\/types\/product"}],"replies":[{"embeddable":true,"href":"https:\/\/compuviper.mx\/tienda\/wp-json\/wp\/v2\/comments?post=137094"}],"wp:featuredmedia":[{"embeddable":true,"href":"https:\/\/compuviper.mx\/tienda\/wp-json\/wp\/v2\/media\/135191"}],"wp:attachment":[{"href":"https:\/\/compuviper.mx\/tienda\/wp-json\/wp\/v2\/media?parent=137094"}],"wp:term":[{"taxonomy":"product_cat","embeddable":true,"href":"https:\/\/compuviper.mx\/tienda\/wp-json\/wp\/v2\/product_cat?post=137094"},{"taxonomy":"product_tag","embeddable":true,"href":"https:\/\/compuviper.mx\/tienda\/wp-json\/wp\/v2\/product_tag?post=137094"}],"curies":[{"name":"wp","href":"https:\/\/api.w.org\/{rel}","templated":true}]}}