{"id":135897,"date":"2021-08-23T16:52:05","date_gmt":"2021-08-23T21:52:05","guid":{"rendered":"https:\/\/compuviper.mx\/tienda\/?post_type=product&#038;p=135897"},"modified":"2021-08-23T17:17:16","modified_gmt":"2021-08-23T22:17:16","slug":"software-punto-de-venta-eleventa-multicaja-demo","status":"publish","type":"product","link":"https:\/\/compuviper.mx\/tienda\/producto\/software-punto-de-venta-eleventa-multicaja-demo\/","title":{"rendered":"Software Punto de Venta Eleventa Multicaja Demo"},"content":{"rendered":"<ul>\n<li>Puedes manejar todos los productos de tu negocio para que no tengas que recordar ni un solo precio de nuevo<\/li>\n<li>Puedes usar el control de inventarios para llevar una mejor administraci\u00f3n de tus productos adem\u00e1s de mantener un registro de todos los movimientos<\/li>\n<li>Aplica promociones especiales o maneja un precio de mayoreo para tus clientes importantes<\/li>\n<li>Puedes otorgar cr\u00e9dito a tus clientes, manejar sus estados de cuenta, registrar abonos, etc<\/li>\n<li>Conoce mejor tu negocio a trav\u00e9s de los reportes de productos vendidos por semana o periodo, productos bajos en inventario, reporte de inventario en cantidad y monto (conoce cu\u00e1nto dinero tienes en mercanc\u00eda)<\/li>\n<li>Ahorra much\u00edsimo tiempo al dar de alta tus productos, ya que incluye una base de datos precargada de m\u00e1s de 7500 productos de abarrotes, papeler\u00edas y farmacias<\/li>\n<li>Puedes comenzar a utilizar el software de punto de venta a la brevedad ya que incluye un asistente de bienvenida que te ayuda a configurarlo para que comiences a trabajar en menos de 5 minutos<\/li>\n<li>Conoce c\u00f3mo cerr\u00f3 cada turno de tu negocio desde la comodidad de tu casa al recibir, autom\u00e1ticamente el corte del turno por correo electr\u00f3nico<\/li>\n<\/ul>\n<p><a href=\"http:\/\/descargas.eleventa.com\/manual-eleventa-punto-de-venta.pdf\"><i class=\"fas fa-file-alt\"><\/i> Descarga el manual de usuario del software punto de venta eleventa<\/a><br \/>\n<a href=\"https:\/\/ayuda.eleventa.com\"> Visualiza el manual de usuario del software de punto de venta eleventa en linea<\/a><\/p>\n","protected":false},"excerpt":{"rendered":"<p>El Software Punto de Venta Eleventa MultiCaja es ideal para negocio medianos y grandes, en el que se utilicen 2 o m\u00e1s computadoras para las distintas operaciones del negocio como: cobrar, administrar inventarios, administrar el cat\u00e1logo de productos, ver reportes, etc.<\/p>\n","protected":false},"featured_media":135904,"comment_status":"open","ping_status":"closed","template":"","meta":[],"product_cat":[1854],"product_tag":[2080],"acf":[],"yoast_head":"<!-- This site is optimized with the Yoast SEO plugin v21.7 - https:\/\/yoast.com\/wordpress\/plugins\/seo\/ -->\n<title>Software Punto de Venta Eleventa Multicaja Demo - Compuviper<\/title>\n<meta name=\"description\" content=\"El Software Punto de Venta Eleventa MultiCaja es ideal para 2 o m\u00e1s computadoras en la misma red. Para cobrar, administrar inventarios y mas\" \/>\n<meta name=\"robots\" content=\"index, follow, max-snippet:-1, max-image-preview:large, max-video-preview:-1\" \/>\n<link rel=\"canonical\" href=\"https:\/\/compuviper.mx\/tienda\/producto\/software-punto-de-venta-eleventa-multicaja-demo\/\" \/>\n<meta property=\"og:locale\" content=\"es_MX\" \/>\n<meta property=\"og:type\" content=\"article\" \/>\n<meta property=\"og:title\" content=\"Software Punto de Venta Eleventa Multicaja Demo - Compuviper\" \/>\n<meta property=\"og:description\" content=\"El Software Punto de Venta Eleventa MultiCaja es ideal para 2 o m\u00e1s computadoras en la misma red. Para cobrar, administrar inventarios y mas\" \/>\n<meta property=\"og:url\" content=\"https:\/\/compuviper.mx\/tienda\/producto\/software-punto-de-venta-eleventa-multicaja-demo\/\" \/>\n<meta property=\"og:site_name\" content=\"Compuviper\" \/>\n<meta property=\"article:publisher\" content=\"https:\/\/www.facebook.com\/compuviper\" \/>\n<meta property=\"article:modified_time\" content=\"2021-08-23T22:17:16+00:00\" \/>\n<meta property=\"og:image\" content=\"https:\/\/compuviper.mx\/tienda\/wp-content\/uploads\/2021\/08\/Imagenes-POS-Multicaja.jpg\" \/>\n\t<meta property=\"og:image:width\" content=\"600\" \/>\n\t<meta property=\"og:image:height\" content=\"600\" \/>\n\t<meta property=\"og:image:type\" content=\"image\/jpeg\" \/>\n<meta name=\"twitter:card\" content=\"summary_large_image\" \/>\n<meta name=\"twitter:label1\" content=\"Precio\" \/>\n\t<meta name=\"twitter:data1\" content=\"&#36;0 con IVA\" \/>\n\t<meta name=\"twitter:label2\" content=\"Availability\" \/>\n\t<meta name=\"twitter:data2\" content=\"In stock\" \/>\n<script type=\"application\/ld+json\" class=\"yoast-schema-graph\">{\"@context\":\"https:\/\/schema.org\",\"@graph\":[{\"@type\":\"WebPage\",\"@id\":\"https:\/\/compuviper.mx\/tienda\/producto\/software-punto-de-venta-eleventa-multicaja-demo\/\",\"url\":\"https:\/\/compuviper.mx\/tienda\/producto\/software-punto-de-venta-eleventa-multicaja-demo\/\",\"name\":\"Software Punto de Venta Eleventa Multicaja Demo - Compuviper\",\"isPartOf\":{\"@id\":\"https:\/\/compuviper.mx\/tienda\/#website\"},\"datePublished\":\"2021-08-23T21:52:05+00:00\",\"dateModified\":\"2021-08-23T22:17:16+00:00\",\"description\":\"El Software Punto de Venta Eleventa MultiCaja es ideal para 2 o m\u00e1s computadoras en la misma red. Para cobrar, administrar inventarios y mas\",\"breadcrumb\":{\"@id\":\"https:\/\/compuviper.mx\/tienda\/producto\/software-punto-de-venta-eleventa-multicaja-demo\/#breadcrumb\"},\"inLanguage\":\"es-MX\",\"potentialAction\":[{\"@type\":\"ReadAction\",\"target\":[\"https:\/\/compuviper.mx\/tienda\/producto\/software-punto-de-venta-eleventa-multicaja-demo\/\"]}]},{\"@type\":\"BreadcrumbList\",\"@id\":\"https:\/\/compuviper.mx\/tienda\/producto\/software-punto-de-venta-eleventa-multicaja-demo\/#breadcrumb\",\"itemListElement\":[{\"@type\":\"ListItem\",\"position\":1,\"name\":\"Inicio\",\"item\":\"https:\/\/compuviper.mx\/tienda\/\"},{\"@type\":\"ListItem\",\"position\":2,\"name\":\"Productos\",\"item\":\"https:\/\/compuviper.mx\/tienda\/productos\/\"},{\"@type\":\"ListItem\",\"position\":3,\"name\":\"Software\",\"item\":\"https:\/\/compuviper.mx\/tienda\/categoria-producto\/software\/\"},{\"@type\":\"ListItem\",\"position\":4,\"name\":\"Licenciamiento De Punto De Venta\",\"item\":\"https:\/\/compuviper.mx\/tienda\/categoria-producto\/software\/punto-de-venta-software\/\"},{\"@type\":\"ListItem\",\"position\":5,\"name\":\"Software Punto de Venta Eleventa Multicaja Demo\"}]},{\"@type\":\"WebSite\",\"@id\":\"https:\/\/compuviper.mx\/tienda\/#website\",\"url\":\"https:\/\/compuviper.mx\/tienda\/\",\"name\":\"Compuviper\",\"description\":\"Proveedor de Computadoras, Laptops, Servidores, Monitores, Puntos de Venta, Teclados,   Impresoras, T\u00f3ner, C\u00e1maras de Seguridad y m\u00e1s en tu tienda en l\u00ednea\",\"publisher\":{\"@id\":\"https:\/\/compuviper.mx\/tienda\/#organization\"},\"potentialAction\":[{\"@type\":\"SearchAction\",\"target\":{\"@type\":\"EntryPoint\",\"urlTemplate\":\"https:\/\/compuviper.mx\/tienda\/?s={search_term_string}\"},\"query-input\":\"required name=search_term_string\"}],\"inLanguage\":\"es-MX\"},{\"@type\":\"Organization\",\"@id\":\"https:\/\/compuviper.mx\/tienda\/#organization\",\"name\":\"Compuviper\",\"url\":\"https:\/\/compuviper.mx\/tienda\/\",\"logo\":{\"@type\":\"ImageObject\",\"inLanguage\":\"es-MX\",\"@id\":\"https:\/\/compuviper.mx\/tienda\/#\/schema\/logo\/image\/\",\"url\":\"https:\/\/compuviper.mx\/tienda\/wp-content\/uploads\/2021\/08\/Logo-Compuviper-10.png\",\"contentUrl\":\"https:\/\/compuviper.mx\/tienda\/wp-content\/uploads\/2021\/08\/Logo-Compuviper-10.png\",\"width\":1000,\"height\":500,\"caption\":\"Compuviper\"},\"image\":{\"@id\":\"https:\/\/compuviper.mx\/tienda\/#\/schema\/logo\/image\/\"},\"sameAs\":[\"https:\/\/www.facebook.com\/compuviper\",\"https:\/\/www.youtube.com\/channel\/UCf73dERp9Y3cfOq7q8BhLjA?view_as=subscriber\"]}]}<\/script>\n<meta property=\"product:brand\" content=\"ELEVENTA\" \/>\n<meta property=\"product:price:amount\" content=\"0\" \/>\n<meta property=\"product:price:currency\" content=\"MXN\" \/>\n<meta property=\"og:availability\" content=\"instock\" \/>\n<meta property=\"product:availability\" content=\"instock\" \/>\n<meta property=\"product:retailer_item_id\" content=\"MULTICAJA-D\" \/>\n<meta property=\"product:condition\" content=\"new\" \/>\n<!-- \/ Yoast SEO plugin. -->","yoast_head_json":{"title":"Software Punto de Venta Eleventa Multicaja Demo - Compuviper","description":"El Software Punto de Venta Eleventa MultiCaja es ideal para 2 o m\u00e1s computadoras en la misma red. Para cobrar, administrar inventarios y mas","robots":{"index":"index","follow":"follow","max-snippet":"max-snippet:-1","max-image-preview":"max-image-preview:large","max-video-preview":"max-video-preview:-1"},"canonical":"https:\/\/compuviper.mx\/tienda\/producto\/software-punto-de-venta-eleventa-multicaja-demo\/","og_locale":"es_MX","og_type":"article","og_title":"Software Punto de Venta Eleventa Multicaja Demo - Compuviper","og_description":"El Software Punto de Venta Eleventa MultiCaja es ideal para 2 o m\u00e1s computadoras en la misma red. Para cobrar, administrar inventarios y mas","og_url":"https:\/\/compuviper.mx\/tienda\/producto\/software-punto-de-venta-eleventa-multicaja-demo\/","og_site_name":"Compuviper","article_publisher":"https:\/\/www.facebook.com\/compuviper","article_modified_time":"2021-08-23T22:17:16+00:00","og_image":[{"width":600,"height":600,"url":"https:\/\/compuviper.mx\/tienda\/wp-content\/uploads\/2021\/08\/Imagenes-POS-Multicaja.jpg","type":"image\/jpeg"}],"twitter_card":"summary_large_image","twitter_misc":{"Precio":"&#36;0 con IVA","Availability":"In stock"},"schema":{"@context":"https:\/\/schema.org","@graph":[{"@type":"WebPage","@id":"https:\/\/compuviper.mx\/tienda\/producto\/software-punto-de-venta-eleventa-multicaja-demo\/","url":"https:\/\/compuviper.mx\/tienda\/producto\/software-punto-de-venta-eleventa-multicaja-demo\/","name":"Software Punto de Venta Eleventa Multicaja Demo - Compuviper","isPartOf":{"@id":"https:\/\/compuviper.mx\/tienda\/#website"},"datePublished":"2021-08-23T21:52:05+00:00","dateModified":"2021-08-23T22:17:16+00:00","description":"El Software Punto de Venta Eleventa MultiCaja es ideal para 2 o m\u00e1s computadoras en la misma red. Para cobrar, administrar inventarios y mas","breadcrumb":{"@id":"https:\/\/compuviper.mx\/tienda\/producto\/software-punto-de-venta-eleventa-multicaja-demo\/#breadcrumb"},"inLanguage":"es-MX","potentialAction":[{"@type":"ReadAction","target":["https:\/\/compuviper.mx\/tienda\/producto\/software-punto-de-venta-eleventa-multicaja-demo\/"]}]},{"@type":"BreadcrumbList","@id":"https:\/\/compuviper.mx\/tienda\/producto\/software-punto-de-venta-eleventa-multicaja-demo\/#breadcrumb","itemListElement":[{"@type":"ListItem","position":1,"name":"Inicio","item":"https:\/\/compuviper.mx\/tienda\/"},{"@type":"ListItem","position":2,"name":"Productos","item":"https:\/\/compuviper.mx\/tienda\/productos\/"},{"@type":"ListItem","position":3,"name":"Software","item":"https:\/\/compuviper.mx\/tienda\/categoria-producto\/software\/"},{"@type":"ListItem","position":4,"name":"Licenciamiento De Punto De Venta","item":"https:\/\/compuviper.mx\/tienda\/categoria-producto\/software\/punto-de-venta-software\/"},{"@type":"ListItem","position":5,"name":"Software Punto de Venta Eleventa Multicaja Demo"}]},{"@type":"WebSite","@id":"https:\/\/compuviper.mx\/tienda\/#website","url":"https:\/\/compuviper.mx\/tienda\/","name":"Compuviper","description":"Proveedor de Computadoras, Laptops, Servidores, Monitores, Puntos de Venta, Teclados,   Impresoras, T\u00f3ner, C\u00e1maras de Seguridad y m\u00e1s en tu tienda en l\u00ednea","publisher":{"@id":"https:\/\/compuviper.mx\/tienda\/#organization"},"potentialAction":[{"@type":"SearchAction","target":{"@type":"EntryPoint","urlTemplate":"https:\/\/compuviper.mx\/tienda\/?s={search_term_string}"},"query-input":"required name=search_term_string"}],"inLanguage":"es-MX"},{"@type":"Organization","@id":"https:\/\/compuviper.mx\/tienda\/#organization","name":"Compuviper","url":"https:\/\/compuviper.mx\/tienda\/","logo":{"@type":"ImageObject","inLanguage":"es-MX","@id":"https:\/\/compuviper.mx\/tienda\/#\/schema\/logo\/image\/","url":"https:\/\/compuviper.mx\/tienda\/wp-content\/uploads\/2021\/08\/Logo-Compuviper-10.png","contentUrl":"https:\/\/compuviper.mx\/tienda\/wp-content\/uploads\/2021\/08\/Logo-Compuviper-10.png","width":1000,"height":500,"caption":"Compuviper"},"image":{"@id":"https:\/\/compuviper.mx\/tienda\/#\/schema\/logo\/image\/"},"sameAs":["https:\/\/www.facebook.com\/compuviper","https:\/\/www.youtube.com\/channel\/UCf73dERp9Y3cfOq7q8BhLjA?view_as=subscriber"]}]},"product_brand":"ELEVENTA","product_price_currency":"MXN","og_availability":"instock","product_availability":"instock","product_retailer_item_id":"MULTICAJA-D","product_condition":"new"},"_links":{"self":[{"href":"https:\/\/compuviper.mx\/tienda\/wp-json\/wp\/v2\/product\/135897"}],"collection":[{"href":"https:\/\/compuviper.mx\/tienda\/wp-json\/wp\/v2\/product"}],"about":[{"href":"https:\/\/compuviper.mx\/tienda\/wp-json\/wp\/v2\/types\/product"}],"replies":[{"embeddable":true,"href":"https:\/\/compuviper.mx\/tienda\/wp-json\/wp\/v2\/comments?post=135897"}],"wp:featuredmedia":[{"embeddable":true,"href":"https:\/\/compuviper.mx\/tienda\/wp-json\/wp\/v2\/media\/135904"}],"wp:attachment":[{"href":"https:\/\/compuviper.mx\/tienda\/wp-json\/wp\/v2\/media?parent=135897"}],"wp:term":[{"taxonomy":"product_cat","embeddable":true,"href":"https:\/\/compuviper.mx\/tienda\/wp-json\/wp\/v2\/product_cat?post=135897"},{"taxonomy":"product_tag","embeddable":true,"href":"https:\/\/compuviper.mx\/tienda\/wp-json\/wp\/v2\/product_tag?post=135897"}],"curies":[{"name":"wp","href":"https:\/\/api.w.org\/{rel}","templated":true}]}}