{"id":118863,"date":"2020-10-19T22:04:30","date_gmt":"2020-10-20T03:04:30","guid":{"rendered":"https:\/\/compuviper.mx\/tienda\/?post_type=product&#038;p=118863"},"modified":"2020-10-19T22:07:15","modified_gmt":"2020-10-20T03:07:15","slug":"software-de-inventarios-microsip","status":"publish","type":"product","link":"https:\/\/compuviper.mx\/tienda\/producto\/software-de-inventarios-microsip\/","title":{"rendered":"Software de Inventarios Microsip"},"content":{"rendered":"<p>Con este software de punto de venta podr\u00e1s:<\/p>\n<ul>\n<li><strong>Lleva un buen control de inventarios:<\/strong>\u00a0Conoce los productos con mayor demanda y realiza tus compras de manera inteligente. Calcula de manera autom\u00e1tica los valores de los niveles de inventario de los art\u00edculos, al basarse en la historia de las ventas. Lleva un estricto control de tus existencias, productos a consignaci\u00f3n, traspasos entre almacenes y un manejo preciso del costo. Siempre ten en existencia los art\u00edculos m\u00e1s vendidos.<\/li>\n<li><strong>Unidad de medida:<\/strong>\u00a0Utiliza diferentes unidades de medida (cajas, piezas) en entradas y salidas.<\/li>\n<li><strong>Claridad en el inventario:<\/strong>\u00a0Controla garant\u00edas, n\u00fameros de serie, lotes, caducidades y pedimentos de importaci\u00f3n con un alto grado de confiabilidad.<\/li>\n<li><strong>Flexible y personalizable:<\/strong>\u00a0Maneja con facilidad kits de art\u00edculos y determina pol\u00edticas para aplicar promociones en forma autom\u00e1tica.<\/li>\n<li><strong>Reportes predise\u00f1ados:<\/strong>\u00a0Recibe reportes de la rotaci\u00f3n del inventario, kardex de los art\u00edculos y de la situaci\u00f3n del inventario.<\/li>\n<li><strong>Prevenci\u00f3n de robo:<\/strong>\u00a0Evita o prev\u00e9 el robo hormiga dentro de tus almacenes.<\/li>\n<\/ul>\n<div class=\"wpb_column vc_column_container vc_col-sm-6\">\n<div class=\"vc_column-inner \">\n<div class=\"wpb_wrapper\">\n<div class=\"wpb_text_column wpb_content_element default-bullets white-bullets\">\n<div class=\"wpb_wrapper\">\n<p><a href=\"https:\/\/www.microsip.com\/folletos\/folleto-inventarios.pdf\">Descarga la ficha t\u00e9cnica del software de inventarios de microsip<\/a><\/p>\n<\/div>\n<\/div>\n<\/div>\n<\/div>\n<\/div>\n","protected":false},"excerpt":{"rendered":"<p>Con este poderoso software de inventarios, controlaras los niveles de inventario de uno o varios almacenes en forma individual y consolidada.<\/p>\n<p>El precio es de renta mensual e incluye siempre la versi\u00f3n vigente de los sistemas. Para 1 usuario. El n\u00famero de empresas es ilimitado.<\/p>\n","protected":false},"featured_media":69440,"comment_status":"open","ping_status":"closed","template":"","meta":[],"product_cat":[1854,2021],"product_tag":[],"acf":[],"yoast_head":"<!-- This site is optimized with the Yoast SEO plugin v21.7 - https:\/\/yoast.com\/wordpress\/plugins\/seo\/ -->\n<title>Software de Inventarios Microsip - Compuviper<\/title>\n<meta name=\"description\" content=\"Software de Inventarios para controlar los niveles de inventario de uno o variosalmacenes en forma individual y consolidada.\" \/>\n<meta name=\"robots\" content=\"index, follow, max-snippet:-1, max-image-preview:large, max-video-preview:-1\" \/>\n<link rel=\"canonical\" href=\"https:\/\/compuviper.mx\/tienda\/producto\/software-de-inventarios-microsip\/\" \/>\n<meta property=\"og:locale\" content=\"es_MX\" \/>\n<meta property=\"og:type\" content=\"article\" \/>\n<meta property=\"og:title\" content=\"Software de Inventarios Microsip - Compuviper\" \/>\n<meta property=\"og:description\" content=\"Software de Inventarios para controlar los niveles de inventario de uno o variosalmacenes en forma individual y consolidada.\" \/>\n<meta property=\"og:url\" content=\"https:\/\/compuviper.mx\/tienda\/producto\/software-de-inventarios-microsip\/\" \/>\n<meta property=\"og:site_name\" content=\"Compuviper\" \/>\n<meta property=\"article:publisher\" content=\"https:\/\/www.facebook.com\/compuviper\" \/>\n<meta property=\"article:modified_time\" content=\"2020-10-20T03:07:15+00:00\" \/>\n<meta property=\"og:image\" content=\"https:\/\/compuviper.mx\/tienda\/wp-content\/uploads\/2020\/09\/Caja-microsip-inventarios.jpg\" \/>\n\t<meta property=\"og:image:width\" content=\"600\" \/>\n\t<meta property=\"og:image:height\" content=\"600\" \/>\n\t<meta property=\"og:image:type\" content=\"image\/jpeg\" \/>\n<meta name=\"twitter:card\" content=\"summary_large_image\" \/>\n<meta name=\"twitter:label1\" content=\"Precio\" \/>\n\t<meta name=\"twitter:data1\" content=\"&#36;250 con IVA\" \/>\n\t<meta name=\"twitter:label2\" content=\"Availability\" \/>\n\t<meta name=\"twitter:data2\" content=\"On backorder\" \/>\n<script type=\"application\/ld+json\" class=\"yoast-schema-graph\">{\"@context\":\"https:\/\/schema.org\",\"@graph\":[{\"@type\":\"WebPage\",\"@id\":\"https:\/\/compuviper.mx\/tienda\/producto\/software-de-inventarios-microsip\/\",\"url\":\"https:\/\/compuviper.mx\/tienda\/producto\/software-de-inventarios-microsip\/\",\"name\":\"Software de Inventarios Microsip - Compuviper\",\"isPartOf\":{\"@id\":\"https:\/\/compuviper.mx\/tienda\/#website\"},\"datePublished\":\"2020-10-20T03:04:30+00:00\",\"dateModified\":\"2020-10-20T03:07:15+00:00\",\"description\":\"Software de Inventarios para controlar los niveles de inventario de uno o variosalmacenes en forma individual y consolidada.\",\"breadcrumb\":{\"@id\":\"https:\/\/compuviper.mx\/tienda\/producto\/software-de-inventarios-microsip\/#breadcrumb\"},\"inLanguage\":\"es-MX\",\"potentialAction\":[{\"@type\":\"ReadAction\",\"target\":[\"https:\/\/compuviper.mx\/tienda\/producto\/software-de-inventarios-microsip\/\"]}]},{\"@type\":\"BreadcrumbList\",\"@id\":\"https:\/\/compuviper.mx\/tienda\/producto\/software-de-inventarios-microsip\/#breadcrumb\",\"itemListElement\":[{\"@type\":\"ListItem\",\"position\":1,\"name\":\"Inicio\",\"item\":\"https:\/\/compuviper.mx\/tienda\/\"},{\"@type\":\"ListItem\",\"position\":2,\"name\":\"Productos\",\"item\":\"https:\/\/compuviper.mx\/tienda\/productos\/\"},{\"@type\":\"ListItem\",\"position\":3,\"name\":\"Software\",\"item\":\"https:\/\/compuviper.mx\/tienda\/categoria-producto\/software\/\"},{\"@type\":\"ListItem\",\"position\":4,\"name\":\"Licenciamiento De Punto De Venta\",\"item\":\"https:\/\/compuviper.mx\/tienda\/categoria-producto\/software\/punto-de-venta-software\/\"},{\"@type\":\"ListItem\",\"position\":5,\"name\":\"Software de Inventarios Microsip\"}]},{\"@type\":\"WebSite\",\"@id\":\"https:\/\/compuviper.mx\/tienda\/#website\",\"url\":\"https:\/\/compuviper.mx\/tienda\/\",\"name\":\"Compuviper\",\"description\":\"Proveedor de Computadoras, Laptops, Servidores, Monitores, Puntos de Venta, Teclados,   Impresoras, T\u00f3ner, C\u00e1maras de Seguridad y m\u00e1s en tu tienda en l\u00ednea\",\"publisher\":{\"@id\":\"https:\/\/compuviper.mx\/tienda\/#organization\"},\"potentialAction\":[{\"@type\":\"SearchAction\",\"target\":{\"@type\":\"EntryPoint\",\"urlTemplate\":\"https:\/\/compuviper.mx\/tienda\/?s={search_term_string}\"},\"query-input\":\"required name=search_term_string\"}],\"inLanguage\":\"es-MX\"},{\"@type\":\"Organization\",\"@id\":\"https:\/\/compuviper.mx\/tienda\/#organization\",\"name\":\"Compuviper\",\"url\":\"https:\/\/compuviper.mx\/tienda\/\",\"logo\":{\"@type\":\"ImageObject\",\"inLanguage\":\"es-MX\",\"@id\":\"https:\/\/compuviper.mx\/tienda\/#\/schema\/logo\/image\/\",\"url\":\"https:\/\/compuviper.mx\/tienda\/wp-content\/uploads\/2021\/08\/Logo-Compuviper-10.png\",\"contentUrl\":\"https:\/\/compuviper.mx\/tienda\/wp-content\/uploads\/2021\/08\/Logo-Compuviper-10.png\",\"width\":1000,\"height\":500,\"caption\":\"Compuviper\"},\"image\":{\"@id\":\"https:\/\/compuviper.mx\/tienda\/#\/schema\/logo\/image\/\"},\"sameAs\":[\"https:\/\/www.facebook.com\/compuviper\",\"https:\/\/www.youtube.com\/channel\/UCf73dERp9Y3cfOq7q8BhLjA?view_as=subscriber\"]}]}<\/script>\n<meta property=\"product:price:amount\" content=\"250\" \/>\n<meta property=\"product:price:currency\" content=\"MXN\" \/>\n<meta property=\"og:availability\" content=\"backorder\" \/>\n<meta property=\"product:availability\" content=\"available for order\" \/>\n<meta property=\"product:retailer_item_id\" content=\"MicrosipPV-1\" \/>\n<meta property=\"product:condition\" content=\"new\" \/>\n<!-- \/ Yoast SEO plugin. -->","yoast_head_json":{"title":"Software de Inventarios Microsip - Compuviper","description":"Software de Inventarios para controlar los niveles de inventario de uno o variosalmacenes en forma individual y consolidada.","robots":{"index":"index","follow":"follow","max-snippet":"max-snippet:-1","max-image-preview":"max-image-preview:large","max-video-preview":"max-video-preview:-1"},"canonical":"https:\/\/compuviper.mx\/tienda\/producto\/software-de-inventarios-microsip\/","og_locale":"es_MX","og_type":"article","og_title":"Software de Inventarios Microsip - Compuviper","og_description":"Software de Inventarios para controlar los niveles de inventario de uno o variosalmacenes en forma individual y consolidada.","og_url":"https:\/\/compuviper.mx\/tienda\/producto\/software-de-inventarios-microsip\/","og_site_name":"Compuviper","article_publisher":"https:\/\/www.facebook.com\/compuviper","article_modified_time":"2020-10-20T03:07:15+00:00","og_image":[{"width":600,"height":600,"url":"https:\/\/compuviper.mx\/tienda\/wp-content\/uploads\/2020\/09\/Caja-microsip-inventarios.jpg","type":"image\/jpeg"}],"twitter_card":"summary_large_image","twitter_misc":{"Precio":"&#36;250 con IVA","Availability":"On backorder"},"schema":{"@context":"https:\/\/schema.org","@graph":[{"@type":"WebPage","@id":"https:\/\/compuviper.mx\/tienda\/producto\/software-de-inventarios-microsip\/","url":"https:\/\/compuviper.mx\/tienda\/producto\/software-de-inventarios-microsip\/","name":"Software de Inventarios Microsip - Compuviper","isPartOf":{"@id":"https:\/\/compuviper.mx\/tienda\/#website"},"datePublished":"2020-10-20T03:04:30+00:00","dateModified":"2020-10-20T03:07:15+00:00","description":"Software de Inventarios para controlar los niveles de inventario de uno o variosalmacenes en forma individual y consolidada.","breadcrumb":{"@id":"https:\/\/compuviper.mx\/tienda\/producto\/software-de-inventarios-microsip\/#breadcrumb"},"inLanguage":"es-MX","potentialAction":[{"@type":"ReadAction","target":["https:\/\/compuviper.mx\/tienda\/producto\/software-de-inventarios-microsip\/"]}]},{"@type":"BreadcrumbList","@id":"https:\/\/compuviper.mx\/tienda\/producto\/software-de-inventarios-microsip\/#breadcrumb","itemListElement":[{"@type":"ListItem","position":1,"name":"Inicio","item":"https:\/\/compuviper.mx\/tienda\/"},{"@type":"ListItem","position":2,"name":"Productos","item":"https:\/\/compuviper.mx\/tienda\/productos\/"},{"@type":"ListItem","position":3,"name":"Software","item":"https:\/\/compuviper.mx\/tienda\/categoria-producto\/software\/"},{"@type":"ListItem","position":4,"name":"Licenciamiento De Punto De Venta","item":"https:\/\/compuviper.mx\/tienda\/categoria-producto\/software\/punto-de-venta-software\/"},{"@type":"ListItem","position":5,"name":"Software de Inventarios Microsip"}]},{"@type":"WebSite","@id":"https:\/\/compuviper.mx\/tienda\/#website","url":"https:\/\/compuviper.mx\/tienda\/","name":"Compuviper","description":"Proveedor de Computadoras, Laptops, Servidores, Monitores, Puntos de Venta, Teclados,   Impresoras, T\u00f3ner, C\u00e1maras de Seguridad y m\u00e1s en tu tienda en l\u00ednea","publisher":{"@id":"https:\/\/compuviper.mx\/tienda\/#organization"},"potentialAction":[{"@type":"SearchAction","target":{"@type":"EntryPoint","urlTemplate":"https:\/\/compuviper.mx\/tienda\/?s={search_term_string}"},"query-input":"required name=search_term_string"}],"inLanguage":"es-MX"},{"@type":"Organization","@id":"https:\/\/compuviper.mx\/tienda\/#organization","name":"Compuviper","url":"https:\/\/compuviper.mx\/tienda\/","logo":{"@type":"ImageObject","inLanguage":"es-MX","@id":"https:\/\/compuviper.mx\/tienda\/#\/schema\/logo\/image\/","url":"https:\/\/compuviper.mx\/tienda\/wp-content\/uploads\/2021\/08\/Logo-Compuviper-10.png","contentUrl":"https:\/\/compuviper.mx\/tienda\/wp-content\/uploads\/2021\/08\/Logo-Compuviper-10.png","width":1000,"height":500,"caption":"Compuviper"},"image":{"@id":"https:\/\/compuviper.mx\/tienda\/#\/schema\/logo\/image\/"},"sameAs":["https:\/\/www.facebook.com\/compuviper","https:\/\/www.youtube.com\/channel\/UCf73dERp9Y3cfOq7q8BhLjA?view_as=subscriber"]}]},"product_price_amount":"250","product_price_currency":"MXN","og_availability":"backorder","product_availability":"available for order","product_retailer_item_id":"MicrosipPV-1","product_condition":"new"},"_links":{"self":[{"href":"https:\/\/compuviper.mx\/tienda\/wp-json\/wp\/v2\/product\/118863"}],"collection":[{"href":"https:\/\/compuviper.mx\/tienda\/wp-json\/wp\/v2\/product"}],"about":[{"href":"https:\/\/compuviper.mx\/tienda\/wp-json\/wp\/v2\/types\/product"}],"replies":[{"embeddable":true,"href":"https:\/\/compuviper.mx\/tienda\/wp-json\/wp\/v2\/comments?post=118863"}],"wp:featuredmedia":[{"embeddable":true,"href":"https:\/\/compuviper.mx\/tienda\/wp-json\/wp\/v2\/media\/69440"}],"wp:attachment":[{"href":"https:\/\/compuviper.mx\/tienda\/wp-json\/wp\/v2\/media?parent=118863"}],"wp:term":[{"taxonomy":"product_cat","embeddable":true,"href":"https:\/\/compuviper.mx\/tienda\/wp-json\/wp\/v2\/product_cat?post=118863"},{"taxonomy":"product_tag","embeddable":true,"href":"https:\/\/compuviper.mx\/tienda\/wp-json\/wp\/v2\/product_tag?post=118863"}],"curies":[{"name":"wp","href":"https:\/\/api.w.org\/{rel}","templated":true}]}}