{"id":118556,"date":"2020-10-15T00:11:17","date_gmt":"2020-10-15T05:11:17","guid":{"rendered":"https:\/\/compuviper.mx\/tienda\/?post_type=product&#038;p=118556"},"modified":"2020-10-19T22:15:39","modified_gmt":"2020-10-20T03:15:39","slug":"software-de-cuentas-por-pagar-microsip","status":"publish","type":"product","link":"https:\/\/compuviper.mx\/tienda\/producto\/software-de-cuentas-por-pagar-microsip\/","title":{"rendered":"Software de Cuentas por Pagar  Microsip"},"content":{"rendered":"<p>Con este software de Cuentas por Pagar podr\u00e1s:<\/p>\n<div class=\"wpb_column vc_column_container vc_col-sm-6\">\n<div class=\"vc_column-inner \">\n<div class=\"wpb_wrapper\">\n<div class=\"wpb_text_column wpb_content_element default-bullets white-bullets\">\n<div class=\"wpb_wrapper\">\n<ul>\n<li><strong>Registrar<\/strong><strong>: <\/strong>Registra cualquier concepto de cargo o cr\u00e9dito particular de tu empresa, adem\u00e1s de los tradicionales.<\/li>\n<li><strong>Definici\u00f3n de condiciones: <\/strong>Define las condiciones de pago que te otorgan tus proveedores con la opci\u00f3n de pagar en varios plazos.<\/li>\n<li><strong>Facilidad de captura: <\/strong>Comprueba la \u00e1gil captura de cargos y cr\u00e9ditos.<\/li>\n<li><strong>Pago a proveedores: <\/strong>Integra los pagos a proveedores directamente al sistema de Bancos.<\/li>\n<li><strong>Validaci\u00f3n: <\/strong>Valida ante el SAT y almacena los CFDI emitidos por tus proveedores.<\/li>\n<\/ul>\n<\/div>\n<\/div>\n<\/div>\n<\/div>\n<\/div>\n<p>&nbsp;<\/p>\n<div class=\"wpb_column vc_column_container vc_col-sm-6\">\n<div class=\"vc_column-inner \">\n<div class=\"wpb_wrapper\">\n<div class=\"wpb_text_column wpb_content_element default-bullets white-bullets\">\n<div class=\"wpb_wrapper\">\n<p><a href=\"https:\/\/www.microsip.com\/folletos\/folleto-cuentas-por-pagar.pdf\">Descarga la ficha t\u00e9cnica del software de cuentas por pagar de microsip<\/a><\/p>\n<\/div>\n<\/div>\n<\/div>\n<\/div>\n<\/div>\n","protected":false},"excerpt":{"rendered":"<p>Con este poderoso Software de Cuentas por Pagar de Microsip podr\u00e1s programar oportunamente tus pagos aprovechando descuentos y eliminando cargos ocasionados por atrasos.<br \/>\nEl precio es de renta mensual e incluye siempre la versi\u00f3n vigente de los sistemas. Para 1 usuario. El n\u00famero de empresas es ilimitado.<\/p>\n","protected":false},"featured_media":118549,"comment_status":"open","ping_status":"closed","template":"","meta":[],"product_cat":[2021],"product_tag":[],"acf":[],"yoast_head":"<!-- This site is optimized with the Yoast SEO plugin v21.7 - https:\/\/yoast.com\/wordpress\/plugins\/seo\/ -->\n<title>El Mejor Software de Cuentas por Pagar Microsip - Compuviper<\/title>\n<meta name=\"description\" content=\"Con este poderoso software de cuentas por pagar podras programar oportunamente tus pagos aprovechando descuentos y eliminar cargos por atrasos.\" \/>\n<meta name=\"robots\" content=\"index, follow, max-snippet:-1, max-image-preview:large, max-video-preview:-1\" \/>\n<link rel=\"canonical\" href=\"https:\/\/compuviper.mx\/tienda\/producto\/software-de-cuentas-por-pagar-microsip\/\" \/>\n<meta property=\"og:locale\" content=\"es_MX\" \/>\n<meta property=\"og:type\" content=\"article\" \/>\n<meta property=\"og:title\" content=\"El Mejor Software de Cuentas por Pagar Microsip - Compuviper\" \/>\n<meta property=\"og:description\" content=\"Con este poderoso software de cuentas por pagar podras programar oportunamente tus pagos aprovechando descuentos y eliminar cargos por atrasos.\" \/>\n<meta property=\"og:url\" content=\"https:\/\/compuviper.mx\/tienda\/producto\/software-de-cuentas-por-pagar-microsip\/\" \/>\n<meta property=\"og:site_name\" content=\"Compuviper\" \/>\n<meta property=\"article:publisher\" content=\"https:\/\/www.facebook.com\/compuviper\" \/>\n<meta property=\"article:modified_time\" content=\"2020-10-20T03:15:39+00:00\" \/>\n<meta property=\"og:image\" content=\"https:\/\/compuviper.mx\/tienda\/wp-content\/uploads\/2020\/10\/Software-Microsip-Cuentas-por-pagar.jpg\" \/>\n\t<meta property=\"og:image:width\" content=\"600\" \/>\n\t<meta property=\"og:image:height\" content=\"600\" \/>\n\t<meta property=\"og:image:type\" content=\"image\/jpeg\" \/>\n<meta name=\"twitter:card\" content=\"summary_large_image\" \/>\n<meta name=\"twitter:label1\" content=\"Precio\" \/>\n\t<meta name=\"twitter:data1\" content=\"&#36;160 con IVA\" \/>\n\t<meta name=\"twitter:label2\" content=\"Availability\" \/>\n\t<meta name=\"twitter:data2\" content=\"On backorder\" \/>\n<script type=\"application\/ld+json\" class=\"yoast-schema-graph\">{\"@context\":\"https:\/\/schema.org\",\"@graph\":[{\"@type\":\"WebPage\",\"@id\":\"https:\/\/compuviper.mx\/tienda\/producto\/software-de-cuentas-por-pagar-microsip\/\",\"url\":\"https:\/\/compuviper.mx\/tienda\/producto\/software-de-cuentas-por-pagar-microsip\/\",\"name\":\"El Mejor Software de Cuentas por Pagar Microsip - Compuviper\",\"isPartOf\":{\"@id\":\"https:\/\/compuviper.mx\/tienda\/#website\"},\"datePublished\":\"2020-10-15T05:11:17+00:00\",\"dateModified\":\"2020-10-20T03:15:39+00:00\",\"description\":\"Con este poderoso software de cuentas por pagar podras programar oportunamente tus pagos aprovechando descuentos y eliminar cargos por atrasos.\",\"breadcrumb\":{\"@id\":\"https:\/\/compuviper.mx\/tienda\/producto\/software-de-cuentas-por-pagar-microsip\/#breadcrumb\"},\"inLanguage\":\"es-MX\",\"potentialAction\":[{\"@type\":\"ReadAction\",\"target\":[\"https:\/\/compuviper.mx\/tienda\/producto\/software-de-cuentas-por-pagar-microsip\/\"]}]},{\"@type\":\"BreadcrumbList\",\"@id\":\"https:\/\/compuviper.mx\/tienda\/producto\/software-de-cuentas-por-pagar-microsip\/#breadcrumb\",\"itemListElement\":[{\"@type\":\"ListItem\",\"position\":1,\"name\":\"Inicio\",\"item\":\"https:\/\/compuviper.mx\/tienda\/\"},{\"@type\":\"ListItem\",\"position\":2,\"name\":\"Productos\",\"item\":\"https:\/\/compuviper.mx\/tienda\/productos\/\"},{\"@type\":\"ListItem\",\"position\":3,\"name\":\"Software\",\"item\":\"https:\/\/compuviper.mx\/tienda\/categoria-producto\/software\/\"},{\"@type\":\"ListItem\",\"position\":4,\"name\":\"Software ERP\",\"item\":\"https:\/\/compuviper.mx\/tienda\/categoria-producto\/software\/software-erp\/\"},{\"@type\":\"ListItem\",\"position\":5,\"name\":\"Software de Cuentas por Pagar Microsip\"}]},{\"@type\":\"WebSite\",\"@id\":\"https:\/\/compuviper.mx\/tienda\/#website\",\"url\":\"https:\/\/compuviper.mx\/tienda\/\",\"name\":\"Compuviper\",\"description\":\"Proveedor de Computadoras, Laptops, Servidores, Monitores, Puntos de Venta, Teclados,   Impresoras, T\u00f3ner, C\u00e1maras de Seguridad y m\u00e1s en tu tienda en l\u00ednea\",\"publisher\":{\"@id\":\"https:\/\/compuviper.mx\/tienda\/#organization\"},\"potentialAction\":[{\"@type\":\"SearchAction\",\"target\":{\"@type\":\"EntryPoint\",\"urlTemplate\":\"https:\/\/compuviper.mx\/tienda\/?s={search_term_string}\"},\"query-input\":\"required name=search_term_string\"}],\"inLanguage\":\"es-MX\"},{\"@type\":\"Organization\",\"@id\":\"https:\/\/compuviper.mx\/tienda\/#organization\",\"name\":\"Compuviper\",\"url\":\"https:\/\/compuviper.mx\/tienda\/\",\"logo\":{\"@type\":\"ImageObject\",\"inLanguage\":\"es-MX\",\"@id\":\"https:\/\/compuviper.mx\/tienda\/#\/schema\/logo\/image\/\",\"url\":\"https:\/\/compuviper.mx\/tienda\/wp-content\/uploads\/2021\/08\/Logo-Compuviper-10.png\",\"contentUrl\":\"https:\/\/compuviper.mx\/tienda\/wp-content\/uploads\/2021\/08\/Logo-Compuviper-10.png\",\"width\":1000,\"height\":500,\"caption\":\"Compuviper\"},\"image\":{\"@id\":\"https:\/\/compuviper.mx\/tienda\/#\/schema\/logo\/image\/\"},\"sameAs\":[\"https:\/\/www.facebook.com\/compuviper\",\"https:\/\/www.youtube.com\/channel\/UCf73dERp9Y3cfOq7q8BhLjA?view_as=subscriber\"]}]}<\/script>\n<meta property=\"product:price:amount\" content=\"160\" \/>\n<meta property=\"product:price:currency\" content=\"MXN\" \/>\n<meta property=\"og:availability\" content=\"backorder\" \/>\n<meta property=\"product:availability\" content=\"available for order\" \/>\n<meta property=\"product:retailer_item_id\" content=\"MicrosipCxP\" \/>\n<meta property=\"product:condition\" content=\"new\" \/>\n<!-- \/ Yoast SEO plugin. -->","yoast_head_json":{"title":"El Mejor Software de Cuentas por Pagar Microsip - Compuviper","description":"Con este poderoso software de cuentas por pagar podras programar oportunamente tus pagos aprovechando descuentos y eliminar cargos por atrasos.","robots":{"index":"index","follow":"follow","max-snippet":"max-snippet:-1","max-image-preview":"max-image-preview:large","max-video-preview":"max-video-preview:-1"},"canonical":"https:\/\/compuviper.mx\/tienda\/producto\/software-de-cuentas-por-pagar-microsip\/","og_locale":"es_MX","og_type":"article","og_title":"El Mejor Software de Cuentas por Pagar Microsip - Compuviper","og_description":"Con este poderoso software de cuentas por pagar podras programar oportunamente tus pagos aprovechando descuentos y eliminar cargos por atrasos.","og_url":"https:\/\/compuviper.mx\/tienda\/producto\/software-de-cuentas-por-pagar-microsip\/","og_site_name":"Compuviper","article_publisher":"https:\/\/www.facebook.com\/compuviper","article_modified_time":"2020-10-20T03:15:39+00:00","og_image":[{"width":600,"height":600,"url":"https:\/\/compuviper.mx\/tienda\/wp-content\/uploads\/2020\/10\/Software-Microsip-Cuentas-por-pagar.jpg","type":"image\/jpeg"}],"twitter_card":"summary_large_image","twitter_misc":{"Precio":"&#36;160 con IVA","Availability":"On backorder"},"schema":{"@context":"https:\/\/schema.org","@graph":[{"@type":"WebPage","@id":"https:\/\/compuviper.mx\/tienda\/producto\/software-de-cuentas-por-pagar-microsip\/","url":"https:\/\/compuviper.mx\/tienda\/producto\/software-de-cuentas-por-pagar-microsip\/","name":"El Mejor Software de Cuentas por Pagar Microsip - Compuviper","isPartOf":{"@id":"https:\/\/compuviper.mx\/tienda\/#website"},"datePublished":"2020-10-15T05:11:17+00:00","dateModified":"2020-10-20T03:15:39+00:00","description":"Con este poderoso software de cuentas por pagar podras programar oportunamente tus pagos aprovechando descuentos y eliminar cargos por atrasos.","breadcrumb":{"@id":"https:\/\/compuviper.mx\/tienda\/producto\/software-de-cuentas-por-pagar-microsip\/#breadcrumb"},"inLanguage":"es-MX","potentialAction":[{"@type":"ReadAction","target":["https:\/\/compuviper.mx\/tienda\/producto\/software-de-cuentas-por-pagar-microsip\/"]}]},{"@type":"BreadcrumbList","@id":"https:\/\/compuviper.mx\/tienda\/producto\/software-de-cuentas-por-pagar-microsip\/#breadcrumb","itemListElement":[{"@type":"ListItem","position":1,"name":"Inicio","item":"https:\/\/compuviper.mx\/tienda\/"},{"@type":"ListItem","position":2,"name":"Productos","item":"https:\/\/compuviper.mx\/tienda\/productos\/"},{"@type":"ListItem","position":3,"name":"Software","item":"https:\/\/compuviper.mx\/tienda\/categoria-producto\/software\/"},{"@type":"ListItem","position":4,"name":"Software ERP","item":"https:\/\/compuviper.mx\/tienda\/categoria-producto\/software\/software-erp\/"},{"@type":"ListItem","position":5,"name":"Software de Cuentas por Pagar Microsip"}]},{"@type":"WebSite","@id":"https:\/\/compuviper.mx\/tienda\/#website","url":"https:\/\/compuviper.mx\/tienda\/","name":"Compuviper","description":"Proveedor de Computadoras, Laptops, Servidores, Monitores, Puntos de Venta, Teclados,   Impresoras, T\u00f3ner, C\u00e1maras de Seguridad y m\u00e1s en tu tienda en l\u00ednea","publisher":{"@id":"https:\/\/compuviper.mx\/tienda\/#organization"},"potentialAction":[{"@type":"SearchAction","target":{"@type":"EntryPoint","urlTemplate":"https:\/\/compuviper.mx\/tienda\/?s={search_term_string}"},"query-input":"required name=search_term_string"}],"inLanguage":"es-MX"},{"@type":"Organization","@id":"https:\/\/compuviper.mx\/tienda\/#organization","name":"Compuviper","url":"https:\/\/compuviper.mx\/tienda\/","logo":{"@type":"ImageObject","inLanguage":"es-MX","@id":"https:\/\/compuviper.mx\/tienda\/#\/schema\/logo\/image\/","url":"https:\/\/compuviper.mx\/tienda\/wp-content\/uploads\/2021\/08\/Logo-Compuviper-10.png","contentUrl":"https:\/\/compuviper.mx\/tienda\/wp-content\/uploads\/2021\/08\/Logo-Compuviper-10.png","width":1000,"height":500,"caption":"Compuviper"},"image":{"@id":"https:\/\/compuviper.mx\/tienda\/#\/schema\/logo\/image\/"},"sameAs":["https:\/\/www.facebook.com\/compuviper","https:\/\/www.youtube.com\/channel\/UCf73dERp9Y3cfOq7q8BhLjA?view_as=subscriber"]}]},"product_price_amount":"160","product_price_currency":"MXN","og_availability":"backorder","product_availability":"available for order","product_retailer_item_id":"MicrosipCxP","product_condition":"new"},"_links":{"self":[{"href":"https:\/\/compuviper.mx\/tienda\/wp-json\/wp\/v2\/product\/118556"}],"collection":[{"href":"https:\/\/compuviper.mx\/tienda\/wp-json\/wp\/v2\/product"}],"about":[{"href":"https:\/\/compuviper.mx\/tienda\/wp-json\/wp\/v2\/types\/product"}],"replies":[{"embeddable":true,"href":"https:\/\/compuviper.mx\/tienda\/wp-json\/wp\/v2\/comments?post=118556"}],"wp:featuredmedia":[{"embeddable":true,"href":"https:\/\/compuviper.mx\/tienda\/wp-json\/wp\/v2\/media\/118549"}],"wp:attachment":[{"href":"https:\/\/compuviper.mx\/tienda\/wp-json\/wp\/v2\/media?parent=118556"}],"wp:term":[{"taxonomy":"product_cat","embeddable":true,"href":"https:\/\/compuviper.mx\/tienda\/wp-json\/wp\/v2\/product_cat?post=118556"},{"taxonomy":"product_tag","embeddable":true,"href":"https:\/\/compuviper.mx\/tienda\/wp-json\/wp\/v2\/product_tag?post=118556"}],"curies":[{"name":"wp","href":"https:\/\/api.w.org\/{rel}","templated":true}]}}