{"id":69897,"date":"2020-09-26T19:29:29","date_gmt":"2020-09-27T00:29:29","guid":{"rendered":"https:\/\/compuviper.mx\/tienda\/?page_id=69897"},"modified":"2021-04-16T16:03:13","modified_gmt":"2021-04-16T21:03:13","slug":"politica-de-envio","status":"publish","type":"page","link":"https:\/\/compuviper.mx\/tienda\/politica-de-envio\/","title":{"rendered":"Pol\u00edtica De Envi\u00f3"},"content":{"rendered":"\n<h3 class=\"wp-block-heading\">\u00bfEn d\u00f3nde puedo recibir mi orden?<\/h3>\n\n\n\n<p>Puedes recibir tu pedido en cualquier direcci\u00f3n dentro de la Rep\u00fablica Mexicana. S\u00ed es una direcci\u00f3n residencial, por favor de especificarlo al hacer tu pedido.<\/p>\n\n\n\n<h3 class=\"wp-block-heading\">\u00bfCu\u00e1nto debo pagar por el env\u00edo?<\/h3>\n\n\n\n<p>Env\u00edo gratis en compras con existencia o que se encuentren en CEDI a partir de $5000 MXN o env\u00edos menores de $5000 MXN con un costo de $172.41 + IVA dentro de la Ciudad de M\u00e9xico. Env\u00edos for\u00e1neos, traspasos de otras sucursales o productos bajo pedido se cotizar\u00e1 el envi\u00f3.<\/p>\n\n\n\n<h3 class=\"wp-block-heading\">\u00bfEn cu\u00e1nto tiempo recibir\u00e9 mi pedido?<\/h3>\n\n\n\n<p>D\u00edas de entrega de 1 a 7 d\u00edas h\u00e1biles para productos con existencia, en CEDI o que se encuentren en otras sucursales. Para productos bajo pedido puede variar de acuerdo al fabricante puede demorar de 3 d\u00edas hasta 8 semanas ya que dependemos del fabricante si tiene existencia en su CEDI, puede consultarnos antes de realizar su compra para verificar la informaci\u00f3n.<\/p>\n\n\n\n<p>*Debido a la situaci\u00f3n actual nuestras paqueter\u00edas est\u00e1n sufriendo contratiempos por lo qu\u00e9 el tiempo de entrega podr\u00eda verse afectado.<br>*Los d\u00edas para entrega son calculados por d\u00edas Laborables\/H\u00e1biles NO aplican en d\u00edas naturales, o de descanso oficial.<br>*El periodo de entrega al interior de la rep\u00fablica puede variar dependiendo el estado y disponibilidad de cobertura.<br>*El periodo de entrega esta sujeto al horario que se realiza el pedido.<br>*Aplican T\u00e9rminos y condiciones.<\/p>\n\n\n\n<h3 class=\"wp-block-heading\">\u00bfQu\u00e9 sucede despu\u00e9s de que haga mi pedido?<\/h3>\n\n\n\n<p>Despu\u00e9s de haber completado el proceso de compra, nuestro centro de distribuci\u00f3n comenzar\u00e1 a suministrar tu pedido dentro de 24 horas h\u00e1biles. Una vez que tu orden este completa, recibir\u00e1s un correo electr\u00f3nico de confirmaci\u00f3n. Ten en cuenta que el horario comercial es de lunes a viernes de 9 am a 5 pm. El env\u00edo no est\u00e1 disponible los fines de semana ni los d\u00edas festivos nacionales.<\/p>\n\n\n\n<h3 class=\"wp-block-heading\">\u00bfCu\u00e1l es el proceso para recibir mi pedido?<\/h3>\n\n\n\n<p>Una vez que tu pedido es enviado, recibir\u00e1s un correo de confirmaci\u00f3n de env\u00edo. Compuviper no se hace responsable de los paquetes perdidos o robados si se confirma como entregado por parte de la compa\u00f1\u00eda de paqueter\u00eda. El cliente asume toda la responsabilidad por cualquier p\u00e9rdida o da\u00f1o de estos art\u00edculos.<\/p>\n\n\n\n<h3 class=\"wp-block-heading\">Si yo no estoy \u00bfQui\u00e9n puede recibir mi pedido?<\/h3>\n\n\n\n<p>Las entregas son exactas a los domicilios proporcionados por el cliente, por lo que cualquier persona en el domicilio puede recibir el paquete y por lo que Compuviper toma entrega la recepci\u00f3n en el domicilio. En caso de que nadie reciba el pedido en el domicilio, el o los art\u00edculos se devolver\u00e1n a Compuviper con domicilio en Tuxpan 18 Piso 2 en la Colonia Roma Sur CP. 06760 CDMX M\u00e9xico y contara con 30 d\u00edas para recogerlo la persona registrada en el pedido (solo podr\u00e1 recoger con una identificaci\u00f3n oficial) o bien podr\u00e1 cotizar los gastos de reenvi\u00f3 a su domicilio.<\/p>\n\n\n\n<p><\/p>\n","protected":false},"excerpt":{"rendered":"<p>\u00bfEn d\u00f3nde puedo recibir mi orden? Puedes recibir tu pedido en cualquier direcci\u00f3n dentro de la Rep\u00fablica Mexicana. S\u00ed es una direcci\u00f3n residencial, por favor de especificarlo al hacer tu pedido. \u00bfCu\u00e1nto debo pagar por el env\u00edo? Env\u00edo gratis en compras con existencia o que se encuentren en CEDI a partir de $5000 MXN o [&hellip;]<\/p>\n","protected":false},"author":1,"featured_media":0,"parent":0,"menu_order":0,"comment_status":"closed","ping_status":"closed","template":"","meta":{"footnotes":""},"acf":[],"yoast_head":"<!-- This site is optimized with the Yoast SEO plugin v21.7 - https:\/\/yoast.com\/wordpress\/plugins\/seo\/ -->\n<title>Pol\u00edtica De Envi\u00f3 - Compuviper<\/title>\n<meta name=\"robots\" content=\"index, follow, max-snippet:-1, max-image-preview:large, max-video-preview:-1\" \/>\n<link rel=\"canonical\" href=\"https:\/\/compuviper.mx\/tienda\/politica-de-envio\/\" \/>\n<meta property=\"og:locale\" content=\"es_MX\" \/>\n<meta property=\"og:type\" content=\"article\" \/>\n<meta property=\"og:title\" content=\"Pol\u00edtica De Envi\u00f3 - Compuviper\" \/>\n<meta property=\"og:description\" content=\"\u00bfEn d\u00f3nde puedo recibir mi orden? Puedes recibir tu pedido en cualquier direcci\u00f3n dentro de la Rep\u00fablica Mexicana. S\u00ed es una direcci\u00f3n residencial, por favor de especificarlo al hacer tu pedido. \u00bfCu\u00e1nto debo pagar por el env\u00edo? Env\u00edo gratis en compras con existencia o que se encuentren en CEDI a partir de $5000 MXN o [&hellip;]\" \/>\n<meta property=\"og:url\" content=\"https:\/\/compuviper.mx\/tienda\/politica-de-envio\/\" \/>\n<meta property=\"og:site_name\" content=\"Compuviper\" \/>\n<meta property=\"article:publisher\" content=\"https:\/\/www.facebook.com\/compuviper\" \/>\n<meta property=\"article:modified_time\" content=\"2021-04-16T21:03:13+00:00\" \/>\n<meta name=\"twitter:card\" content=\"summary_large_image\" \/>\n<meta name=\"twitter:label1\" content=\"Tiempo de lectura\" \/>\n\t<meta name=\"twitter:data1\" content=\"3 minutos\" \/>\n<script type=\"application\/ld+json\" class=\"yoast-schema-graph\">{\"@context\":\"https:\/\/schema.org\",\"@graph\":[{\"@type\":\"WebPage\",\"@id\":\"https:\/\/compuviper.mx\/tienda\/politica-de-envio\/\",\"url\":\"https:\/\/compuviper.mx\/tienda\/politica-de-envio\/\",\"name\":\"Pol\u00edtica De Envi\u00f3 - Compuviper\",\"isPartOf\":{\"@id\":\"https:\/\/compuviper.mx\/tienda\/#website\"},\"datePublished\":\"2020-09-27T00:29:29+00:00\",\"dateModified\":\"2021-04-16T21:03:13+00:00\",\"breadcrumb\":{\"@id\":\"https:\/\/compuviper.mx\/tienda\/politica-de-envio\/#breadcrumb\"},\"inLanguage\":\"es-MX\",\"potentialAction\":[{\"@type\":\"ReadAction\",\"target\":[\"https:\/\/compuviper.mx\/tienda\/politica-de-envio\/\"]}]},{\"@type\":\"BreadcrumbList\",\"@id\":\"https:\/\/compuviper.mx\/tienda\/politica-de-envio\/#breadcrumb\",\"itemListElement\":[{\"@type\":\"ListItem\",\"position\":1,\"name\":\"Inicio\",\"item\":\"https:\/\/compuviper.mx\/tienda\/\"},{\"@type\":\"ListItem\",\"position\":2,\"name\":\"Pol\u00edtica De Envi\u00f3\"}]},{\"@type\":\"WebSite\",\"@id\":\"https:\/\/compuviper.mx\/tienda\/#website\",\"url\":\"https:\/\/compuviper.mx\/tienda\/\",\"name\":\"Compuviper\",\"description\":\"Proveedor de Computadoras, Laptops, Servidores, Monitores, Puntos de Venta, Teclados,   Impresoras, T\u00f3ner, C\u00e1maras de Seguridad y m\u00e1s en tu tienda en l\u00ednea\",\"publisher\":{\"@id\":\"https:\/\/compuviper.mx\/tienda\/#organization\"},\"potentialAction\":[{\"@type\":\"SearchAction\",\"target\":{\"@type\":\"EntryPoint\",\"urlTemplate\":\"https:\/\/compuviper.mx\/tienda\/?s={search_term_string}\"},\"query-input\":\"required name=search_term_string\"}],\"inLanguage\":\"es-MX\"},{\"@type\":\"Organization\",\"@id\":\"https:\/\/compuviper.mx\/tienda\/#organization\",\"name\":\"Compuviper\",\"url\":\"https:\/\/compuviper.mx\/tienda\/\",\"logo\":{\"@type\":\"ImageObject\",\"inLanguage\":\"es-MX\",\"@id\":\"https:\/\/compuviper.mx\/tienda\/#\/schema\/logo\/image\/\",\"url\":\"https:\/\/compuviper.mx\/tienda\/wp-content\/uploads\/2021\/08\/Logo-Compuviper-10.png\",\"contentUrl\":\"https:\/\/compuviper.mx\/tienda\/wp-content\/uploads\/2021\/08\/Logo-Compuviper-10.png\",\"width\":1000,\"height\":500,\"caption\":\"Compuviper\"},\"image\":{\"@id\":\"https:\/\/compuviper.mx\/tienda\/#\/schema\/logo\/image\/\"},\"sameAs\":[\"https:\/\/www.facebook.com\/compuviper\",\"https:\/\/www.youtube.com\/channel\/UCf73dERp9Y3cfOq7q8BhLjA?view_as=subscriber\"]}]}<\/script>\n<!-- \/ Yoast SEO plugin. -->","yoast_head_json":{"title":"Pol\u00edtica De Envi\u00f3 - Compuviper","robots":{"index":"index","follow":"follow","max-snippet":"max-snippet:-1","max-image-preview":"max-image-preview:large","max-video-preview":"max-video-preview:-1"},"canonical":"https:\/\/compuviper.mx\/tienda\/politica-de-envio\/","og_locale":"es_MX","og_type":"article","og_title":"Pol\u00edtica De Envi\u00f3 - Compuviper","og_description":"\u00bfEn d\u00f3nde puedo recibir mi orden? Puedes recibir tu pedido en cualquier direcci\u00f3n dentro de la Rep\u00fablica Mexicana. S\u00ed es una direcci\u00f3n residencial, por favor de especificarlo al hacer tu pedido. \u00bfCu\u00e1nto debo pagar por el env\u00edo? Env\u00edo gratis en compras con existencia o que se encuentren en CEDI a partir de $5000 MXN o [&hellip;]","og_url":"https:\/\/compuviper.mx\/tienda\/politica-de-envio\/","og_site_name":"Compuviper","article_publisher":"https:\/\/www.facebook.com\/compuviper","article_modified_time":"2021-04-16T21:03:13+00:00","twitter_card":"summary_large_image","twitter_misc":{"Tiempo de lectura":"3 minutos"},"schema":{"@context":"https:\/\/schema.org","@graph":[{"@type":"WebPage","@id":"https:\/\/compuviper.mx\/tienda\/politica-de-envio\/","url":"https:\/\/compuviper.mx\/tienda\/politica-de-envio\/","name":"Pol\u00edtica De Envi\u00f3 - Compuviper","isPartOf":{"@id":"https:\/\/compuviper.mx\/tienda\/#website"},"datePublished":"2020-09-27T00:29:29+00:00","dateModified":"2021-04-16T21:03:13+00:00","breadcrumb":{"@id":"https:\/\/compuviper.mx\/tienda\/politica-de-envio\/#breadcrumb"},"inLanguage":"es-MX","potentialAction":[{"@type":"ReadAction","target":["https:\/\/compuviper.mx\/tienda\/politica-de-envio\/"]}]},{"@type":"BreadcrumbList","@id":"https:\/\/compuviper.mx\/tienda\/politica-de-envio\/#breadcrumb","itemListElement":[{"@type":"ListItem","position":1,"name":"Inicio","item":"https:\/\/compuviper.mx\/tienda\/"},{"@type":"ListItem","position":2,"name":"Pol\u00edtica De Envi\u00f3"}]},{"@type":"WebSite","@id":"https:\/\/compuviper.mx\/tienda\/#website","url":"https:\/\/compuviper.mx\/tienda\/","name":"Compuviper","description":"Proveedor de Computadoras, Laptops, Servidores, Monitores, Puntos de Venta, Teclados,   Impresoras, T\u00f3ner, C\u00e1maras de Seguridad y m\u00e1s en tu tienda en l\u00ednea","publisher":{"@id":"https:\/\/compuviper.mx\/tienda\/#organization"},"potentialAction":[{"@type":"SearchAction","target":{"@type":"EntryPoint","urlTemplate":"https:\/\/compuviper.mx\/tienda\/?s={search_term_string}"},"query-input":"required name=search_term_string"}],"inLanguage":"es-MX"},{"@type":"Organization","@id":"https:\/\/compuviper.mx\/tienda\/#organization","name":"Compuviper","url":"https:\/\/compuviper.mx\/tienda\/","logo":{"@type":"ImageObject","inLanguage":"es-MX","@id":"https:\/\/compuviper.mx\/tienda\/#\/schema\/logo\/image\/","url":"https:\/\/compuviper.mx\/tienda\/wp-content\/uploads\/2021\/08\/Logo-Compuviper-10.png","contentUrl":"https:\/\/compuviper.mx\/tienda\/wp-content\/uploads\/2021\/08\/Logo-Compuviper-10.png","width":1000,"height":500,"caption":"Compuviper"},"image":{"@id":"https:\/\/compuviper.mx\/tienda\/#\/schema\/logo\/image\/"},"sameAs":["https:\/\/www.facebook.com\/compuviper","https:\/\/www.youtube.com\/channel\/UCf73dERp9Y3cfOq7q8BhLjA?view_as=subscriber"]}]}},"_links":{"self":[{"href":"https:\/\/compuviper.mx\/tienda\/wp-json\/wp\/v2\/pages\/69897"}],"collection":[{"href":"https:\/\/compuviper.mx\/tienda\/wp-json\/wp\/v2\/pages"}],"about":[{"href":"https:\/\/compuviper.mx\/tienda\/wp-json\/wp\/v2\/types\/page"}],"author":[{"embeddable":true,"href":"https:\/\/compuviper.mx\/tienda\/wp-json\/wp\/v2\/users\/1"}],"replies":[{"embeddable":true,"href":"https:\/\/compuviper.mx\/tienda\/wp-json\/wp\/v2\/comments?post=69897"}],"version-history":[{"count":0,"href":"https:\/\/compuviper.mx\/tienda\/wp-json\/wp\/v2\/pages\/69897\/revisions"}],"wp:attachment":[{"href":"https:\/\/compuviper.mx\/tienda\/wp-json\/wp\/v2\/media?parent=69897"}],"curies":[{"name":"wp","href":"https:\/\/api.w.org\/{rel}","templated":true}]}}