{"id":69882,"date":"2020-09-26T18:36:41","date_gmt":"2020-09-26T23:36:41","guid":{"rendered":"https:\/\/compuviper.mx\/tienda\/?page_id=69882"},"modified":"2020-09-27T15:12:11","modified_gmt":"2020-09-27T20:12:11","slug":"politica-de-devolucion","status":"publish","type":"page","link":"https:\/\/compuviper.mx\/tienda\/politica-de-devolucion\/","title":{"rendered":"Pol\u00edtica De Devoluci\u00f3n"},"content":{"rendered":"\n<p>Los t\u00e9rminos y condiciones son aplicados para todos los env\u00edos realizados dentro de la Rep\u00fablica Mexicana. Al comprar en Compuviper usted acepta que esta pol\u00edtica podr\u00e1 cambiar sin necesidad de previo aviso.<\/p>\n\n\n\n<p>\u00a0Es importante que si usted no conoce el producto o tiene alguna duda de lo que va a comprar haga las preguntas antes de solicitar el producto.<\/p>\n\n\n\n<p>Usted podr\u00e1 solicitar la devoluci\u00f3n de un producto adquirido en Compuviper siempre y cuando:<\/p>\n\n\n\n<ol type=\"A\"><li>El empaque original se encuentre y est\u00e9 cerrado.<\/li><li>El contenido del art\u00edculo est\u00e9 completo y en perfecto estado para su reventa.<\/li><li>Se encuentren los empaques, envolturas, drivers, software, manuales, accesorios, etiquetas originales y todo lo realacionado al contenido del producto.<\/li><li>Contenga los sellos y bolsas originales sin rayar o sin violar.<\/li><li>Se devuelvan todos los componentes del paquete y regalos incluidos.<\/li><li>No haya sido usado.<\/li><li>La caja no se encuentra deteriorada, rayada, con golpes, sucia, mojada o con otra forma de maltrato.<\/li><\/ol>\n\n\n\n<p>Para que pueda realizar la devoluci\u00f3n, el plazo m\u00e1ximo a devolver el articulo a compuviper es de 3 d\u00edas naturales a partir de la fecha de recepci\u00f3n del pedido. Recuerde que los gastos de env\u00edo no son reembolsables y correr\u00e1 por parte del cliente los gastos de envi\u00f3 para la devoluci\u00f3n. Por otra parte, al comprar en compuviper acepta de que est\u00e1 sujeta a un cargo por devoluci\u00f3n del 30% del valor del producto debido a la transacci\u00f3n, gastos de log\u00edstica y gastos administrativos.<\/p>\n\n\n\n<p>La devoluci\u00f3n no aplicara en los siguientes criterios:<\/p>\n\n\n\n<ul><li>La descripci\u00f3n del producto incluya la leyenda &#8220;Sin Devoluci\u00f3n y\/o Cancelaci\u00f3n&#8221;.<\/li><li>El producto sea servicio, software, consumibles, productos de limpieza, procesadores, memoria RAM y discos duros.<\/li><li>Si es un art\u00edculo de la marca Apple.<\/li><li>El producto haya sido solicitado sobre pedido.<\/li><li>\u00a0No se aceptan devoluciones de producto que est\u00e1n obsoletos<\/li><\/ul>\n\n\n\n<h3 class=\"wp-block-heading\">Solicitud de la devoluci\u00f3n:<\/h3>\n\n\n\n<p>Para solicitar una devoluci\u00f3n es importante enviarnos un correo a <a href=\"mailto:contacto@compuviper.mx\">contacto@compuviper.mx<\/a> donde se adjuntar\u00e1n los siguientes datos:<\/p>\n\n\n\n<ul type=\"1\"><li>Fecha de compra<\/li><li>N\u00famero de pedido o factura.<\/li><li>Nombre completo<\/li><li>Correo electr\u00f3nico (utilizado en su compra)<\/li><li>Forma de pago (si fue transferencia bancaria indicar su clave interbancaria).<\/li><li>Modelo del producto.<\/li><li>Descripci\u00f3n del art\u00edculo.<\/li><li>Cantidad (en caso de ser varias piezas del mismo modelo).<\/li><li>N\u00famero\/s de serie.<\/li><li>Motivo de la devoluci\u00f3n<\/li><\/ul>\n\n\n\n<h3 class=\"wp-block-heading\">Evaluaci\u00f3n del producto:<\/h3>\n\n\n\n<p>Se le enviar\u00e1n por correo electr\u00f3nico las instrucciones que debe seguir para devolver el producto para la evaluaci\u00f3n del mismo donde se revisara los puntos 1,2,3,4,5,6,7.<\/p>\n\n\n\n<p>Su solicitud ser\u00e1 atendida y evaluada dentro del horario de lunes a viernes de 9 AM a 5 PM hora del centro de M\u00e9xico.<\/p>\n\n\n\n<h3 class=\"wp-block-heading\">Si la devoluci\u00f3n aplica:<\/h3>\n\n\n\n<p>Se expedir\u00e1 una nota de cr\u00e9dito por el importe pagado del producto devuelto menos el cargo por devoluci\u00f3n. Usted puede utilizar la Nota de cr\u00e9dito para realizar otra compra en compuviper u obtener un reembolso de su pago.<\/p>\n\n\n\n<p>Si desea utilizar la nota de cr\u00e9dito en otra compra deber\u00e1 solicitarlo al correo electr\u00f3nico de <a href=\"mailto:contacto@compuviper.mx\">contacto@compuviper.mx<\/a> o con el Ejecutivo de ventas que lo atiende.<\/p>\n\n\n\n<p>O si desea emplear la Nota de cr\u00e9dito para el reembolso de su pago deber\u00e1 solicitarlo al correo electr\u00f3nico <a href=\"mailto:contacto@compuviper.mx\">contacto@compuviper.mx<\/a> quienes le enviar\u00e1n por correo electr\u00f3nico las instrucciones correspondientes, solicitando la informaci\u00f3n de su cuenta bancaria en caso de que su pago se hubiese realizado con dep\u00f3sito o transferencia bancaria.<\/p>\n\n\n\n<p>En caso de que su pago fue por tarjeta de cr\u00e9dito o d\u00e9bito, el reembolso o cancelaci\u00f3n del cargo se har\u00e1 a la misma tarjeta de cr\u00e9dito o d\u00e9bito con que realiz\u00f3 el pago.<\/p>\n\n\n\n<p>El tiempo de la devoluci\u00f3n puede tardar hasta 30 d\u00edas h\u00e1biles.<\/p>\n\n\n\n<h3 class=\"wp-block-heading\">Si la devoluci\u00f3n no aplica:<\/h3>\n\n\n\n<p>Se le notificar\u00e1 por correo electr\u00f3nico y usted deber\u00e1 de pagar el costo del flete de retorno.<\/p>\n\n\n\n<h3 class=\"wp-block-heading\">Importante:<\/h3>\n\n\n\n<ul><li>Es probable que durante el proceso de devoluci\u00f3n se le solicite informaci\u00f3n adicional como fotograf\u00edas del producto.<\/li><li>Usted deber\u00e1 enviar el producto correctamente empacado y protegido adecuadamente contra golpes, humedad, est\u00e1tica, polvo, calor excesivo, etc., con flete pagado a la direcci\u00f3n que le indique el \u00e1rea de soluciones.<\/li><li>El seguro durante el traslado, impuestos, problemas legales, ecol\u00f3gicos, accidentes, seguridad, robo, extrav\u00edo o cualquier otro aspecto o tr\u00e1mite para la devoluci\u00f3n corren a cargo y son responsabilidad de usted.<\/li><li>Despu\u00e9s de 7 d\u00edas naturales no se aceptan devoluciones de ning\u00fan tipo.<\/li><\/ul>\n\n\n\n<div style=\"height:100px\" aria-hidden=\"true\" class=\"wp-block-spacer\"><\/div>\n\n\n\n<h2 class=\"wp-block-heading\">Devoluci\u00f3n por error en el producto enviado<\/h2>\n\n\n\n<p>Si se le env\u00edo otro producto por equivocaci\u00f3n, Compuviper har\u00e1 la recolecci\u00f3n del producto incorrecto y le enviar\u00e1 el que usted solicit\u00f3 sin cargo alguno siempre y cuando est\u00e9 en existencia y cumpla con los incisos 1,2,3,4,5,6,7. En caso contrario se expedir\u00e1 una Nota de cr\u00e9dito por el importe pagado del producto y los gastos de env\u00edo vigentes al momento de realizar su pedido. Usted podr\u00e1 utilizar la Nota de cr\u00e9dito en otra compra o para recibir el reembolso de su pago. El tiempo del reembolso puede tardar hasta 30 d\u00edas h\u00e1biles.<\/p>\n\n\n\n<h3 class=\"wp-block-heading\">Nota de cr\u00e9dito para otra compra<\/h3>\n\n\n\n<p>Si desea utilizar la nota de cr\u00e9dito en otra compra deber\u00e1 solicitarlo al correo electr\u00f3nico de <a href=\"mailto:contacto@compuviper.mx\">contacto@compuviper.mx<\/a> o con el Ejecutivo de ventas que lo atiende quienes le enviar\u00e1n por correo electr\u00f3nico las instrucciones correspondientes.<\/p>\n\n\n\n<h3 class=\"wp-block-heading\">Reembolso<\/h3>\n\n\n\n<p>Si desea un reembolso solicitarlo al correo electr\u00f3nico de <a href=\"mailto:contacto@compuviper.mx\">contacto@compuviper.mx<\/a> o con el Ejecutivo de ventas que lo atiende, solicitando la informaci\u00f3n de su cuenta bancaria en caso de que su pago se hubiese realizado con dep\u00f3sito o transferencia bancaria. En caso de que su pago fue por tarjeta de cr\u00e9dito o d\u00e9bito, el reembolso o cancelaci\u00f3n del cargo se har\u00e1 a la misma tarjeta de cr\u00e9dito o d\u00e9bito con que realiz\u00f3 el pago.<\/p>\n\n\n\n<h3 class=\"wp-block-heading\">Solicitud de la nota de cr\u00e9dito<\/h3>\n\n\n\n<p>Al enviar el correo electr\u00f3nico a <a href=\"mailto:contacto@compuviper.mx\">contacto@compuviper.mx<\/a> debar\u00e1 adjuntar los siguientes datos para agilizar el proceso:<\/p>\n\n\n\n<ul type=\"1\"><li>Fecha de compra<\/li><li>N\u00famero de pedido o factura.<\/li><li>Nombre completo<\/li><li>Correo electr\u00f3nico (utilizado en su compra)<\/li><li>Forma de pago (si fue transferencia bancaria indicar su clave interbancaria).<\/li><li>Modelo del producto (comprado y recibido por error).<\/li><li>Descripci\u00f3n del art\u00edculo(comprado y recibido por error).<\/li><li>Cantidad(comprado y recibido por error).<\/li><li>Indicar que es una devoluci\u00f3n de error en el producto enviado<\/li><li>En caso de que quiera el producto que compr\u00f3 o el reembolso o la nota de cr\u00e9dito para comprar otro producto indicarlo tambi\u00e9n<\/li><\/ul>\n\n\n\n<p>Su solicitud ser\u00e1 atendida y evaluada dentro del horario de lunes a viernes de 9 AM a 5 PM hora del centro de M\u00e9xico.<\/p>\n\n\n\n<h3 class=\"wp-block-heading\">Recolecci\u00f3n y envi\u00f3<\/h3>\n\n\n\n<p>Solicitaremos la recolecci\u00f3n en su domicilio.<\/p>\n\n\n\n<ul><li>Le solicitaremos nos indique en que d\u00edas y horario podemos pasar a recolectar el producto enviado por error.<\/li><li>Confirmaremos con usted la direcci\u00f3n donde se har\u00e1 la recolecci\u00f3n.<\/li><li>Le haremos llegar la gu\u00eda de recolecci\u00f3n a su correo electr\u00f3nico.<\/li><li>Le pediremos que la imprima y pegue en el empaque del producto.<\/li><li>Enviaremos a un mensajero de paqueter\u00eda a recolectar.<\/li><\/ul>\n\n\n\n<p>En caso de que haya solicitado el producto que compr\u00f3 o la nota de cr\u00e9dito para comprar otro producto, se estar\u00e1 llevando acabo el proceso para enviar el nuevo producto.<\/p>\n\n\n\n<h3 class=\"wp-block-heading\">Importante:<\/h3>\n\n\n\n<ul><li>Es probable que durante el proceso de devoluci\u00f3n se le solicite informaci\u00f3n adicional como fotograf\u00edas del producto.<\/li><li>Usted deber\u00e1 enviar el producto correctamente empacado y protegido adecuadamente contra golpes, humedad, est\u00e1tica, polvo, calor excesivo, etc., <\/li><li>Despu\u00e9s de 7 d\u00edas naturales no se aceptan devoluciones de ning\u00fan tipo.<\/li><\/ul>\n\n\n\n<p>Puedes revisar nuestro <a href=\"https:\/\/compuviper.mx\/tienda\/politica-privacidad\/\">aviso de privacidad aqu\u00ed<\/a>.<\/p>\n","protected":false},"excerpt":{"rendered":"<p>Los t\u00e9rminos y condiciones son aplicados para todos los env\u00edos realizados dentro de la Rep\u00fablica Mexicana. Al comprar en Compuviper usted acepta que esta pol\u00edtica podr\u00e1 cambiar sin necesidad de previo aviso. \u00a0Es importante que si usted no conoce el producto o tiene alguna duda de lo que va a comprar haga las preguntas antes [&hellip;]<\/p>\n","protected":false},"author":1,"featured_media":0,"parent":0,"menu_order":0,"comment_status":"closed","ping_status":"closed","template":"","meta":{"footnotes":""},"acf":[],"yoast_head":"<!-- This site is optimized with the Yoast SEO plugin v21.7 - https:\/\/yoast.com\/wordpress\/plugins\/seo\/ -->\n<title>Pol\u00edtica De Devoluci\u00f3n - Compuviper<\/title>\n<meta name=\"robots\" content=\"index, follow, max-snippet:-1, max-image-preview:large, max-video-preview:-1\" \/>\n<link rel=\"canonical\" href=\"https:\/\/compuviper.mx\/tienda\/politica-de-devolucion\/\" \/>\n<meta property=\"og:locale\" content=\"es_MX\" \/>\n<meta property=\"og:type\" content=\"article\" \/>\n<meta property=\"og:title\" content=\"Pol\u00edtica De Devoluci\u00f3n - Compuviper\" \/>\n<meta property=\"og:description\" content=\"Los t\u00e9rminos y condiciones son aplicados para todos los env\u00edos realizados dentro de la Rep\u00fablica Mexicana. Al comprar en Compuviper usted acepta que esta pol\u00edtica podr\u00e1 cambiar sin necesidad de previo aviso. \u00a0Es importante que si usted no conoce el producto o tiene alguna duda de lo que va a comprar haga las preguntas antes [&hellip;]\" \/>\n<meta property=\"og:url\" content=\"https:\/\/compuviper.mx\/tienda\/politica-de-devolucion\/\" \/>\n<meta property=\"og:site_name\" content=\"Compuviper\" \/>\n<meta property=\"article:publisher\" content=\"https:\/\/www.facebook.com\/compuviper\" \/>\n<meta property=\"article:modified_time\" content=\"2020-09-27T20:12:11+00:00\" \/>\n<meta name=\"twitter:card\" content=\"summary_large_image\" \/>\n<meta name=\"twitter:label1\" content=\"Tiempo de lectura\" \/>\n\t<meta name=\"twitter:data1\" content=\"7 minutos\" \/>\n<script type=\"application\/ld+json\" class=\"yoast-schema-graph\">{\"@context\":\"https:\/\/schema.org\",\"@graph\":[{\"@type\":\"WebPage\",\"@id\":\"https:\/\/compuviper.mx\/tienda\/politica-de-devolucion\/\",\"url\":\"https:\/\/compuviper.mx\/tienda\/politica-de-devolucion\/\",\"name\":\"Pol\u00edtica De Devoluci\u00f3n - Compuviper\",\"isPartOf\":{\"@id\":\"https:\/\/compuviper.mx\/tienda\/#website\"},\"datePublished\":\"2020-09-26T23:36:41+00:00\",\"dateModified\":\"2020-09-27T20:12:11+00:00\",\"breadcrumb\":{\"@id\":\"https:\/\/compuviper.mx\/tienda\/politica-de-devolucion\/#breadcrumb\"},\"inLanguage\":\"es-MX\",\"potentialAction\":[{\"@type\":\"ReadAction\",\"target\":[\"https:\/\/compuviper.mx\/tienda\/politica-de-devolucion\/\"]}]},{\"@type\":\"BreadcrumbList\",\"@id\":\"https:\/\/compuviper.mx\/tienda\/politica-de-devolucion\/#breadcrumb\",\"itemListElement\":[{\"@type\":\"ListItem\",\"position\":1,\"name\":\"Inicio\",\"item\":\"https:\/\/compuviper.mx\/tienda\/\"},{\"@type\":\"ListItem\",\"position\":2,\"name\":\"Pol\u00edtica De Devoluci\u00f3n\"}]},{\"@type\":\"WebSite\",\"@id\":\"https:\/\/compuviper.mx\/tienda\/#website\",\"url\":\"https:\/\/compuviper.mx\/tienda\/\",\"name\":\"Compuviper\",\"description\":\"Proveedor de Computadoras, Laptops, Servidores, Monitores, Puntos de Venta, Teclados,   Impresoras, T\u00f3ner, C\u00e1maras de Seguridad y m\u00e1s en tu tienda en l\u00ednea\",\"publisher\":{\"@id\":\"https:\/\/compuviper.mx\/tienda\/#organization\"},\"potentialAction\":[{\"@type\":\"SearchAction\",\"target\":{\"@type\":\"EntryPoint\",\"urlTemplate\":\"https:\/\/compuviper.mx\/tienda\/?s={search_term_string}\"},\"query-input\":\"required name=search_term_string\"}],\"inLanguage\":\"es-MX\"},{\"@type\":\"Organization\",\"@id\":\"https:\/\/compuviper.mx\/tienda\/#organization\",\"name\":\"Compuviper\",\"url\":\"https:\/\/compuviper.mx\/tienda\/\",\"logo\":{\"@type\":\"ImageObject\",\"inLanguage\":\"es-MX\",\"@id\":\"https:\/\/compuviper.mx\/tienda\/#\/schema\/logo\/image\/\",\"url\":\"https:\/\/compuviper.mx\/tienda\/wp-content\/uploads\/2021\/08\/Logo-Compuviper-10.png\",\"contentUrl\":\"https:\/\/compuviper.mx\/tienda\/wp-content\/uploads\/2021\/08\/Logo-Compuviper-10.png\",\"width\":1000,\"height\":500,\"caption\":\"Compuviper\"},\"image\":{\"@id\":\"https:\/\/compuviper.mx\/tienda\/#\/schema\/logo\/image\/\"},\"sameAs\":[\"https:\/\/www.facebook.com\/compuviper\",\"https:\/\/www.youtube.com\/channel\/UCf73dERp9Y3cfOq7q8BhLjA?view_as=subscriber\"]}]}<\/script>\n<!-- \/ Yoast SEO plugin. -->","yoast_head_json":{"title":"Pol\u00edtica De Devoluci\u00f3n - Compuviper","robots":{"index":"index","follow":"follow","max-snippet":"max-snippet:-1","max-image-preview":"max-image-preview:large","max-video-preview":"max-video-preview:-1"},"canonical":"https:\/\/compuviper.mx\/tienda\/politica-de-devolucion\/","og_locale":"es_MX","og_type":"article","og_title":"Pol\u00edtica De Devoluci\u00f3n - Compuviper","og_description":"Los t\u00e9rminos y condiciones son aplicados para todos los env\u00edos realizados dentro de la Rep\u00fablica Mexicana. Al comprar en Compuviper usted acepta que esta pol\u00edtica podr\u00e1 cambiar sin necesidad de previo aviso. \u00a0Es importante que si usted no conoce el producto o tiene alguna duda de lo que va a comprar haga las preguntas antes [&hellip;]","og_url":"https:\/\/compuviper.mx\/tienda\/politica-de-devolucion\/","og_site_name":"Compuviper","article_publisher":"https:\/\/www.facebook.com\/compuviper","article_modified_time":"2020-09-27T20:12:11+00:00","twitter_card":"summary_large_image","twitter_misc":{"Tiempo de lectura":"7 minutos"},"schema":{"@context":"https:\/\/schema.org","@graph":[{"@type":"WebPage","@id":"https:\/\/compuviper.mx\/tienda\/politica-de-devolucion\/","url":"https:\/\/compuviper.mx\/tienda\/politica-de-devolucion\/","name":"Pol\u00edtica De Devoluci\u00f3n - Compuviper","isPartOf":{"@id":"https:\/\/compuviper.mx\/tienda\/#website"},"datePublished":"2020-09-26T23:36:41+00:00","dateModified":"2020-09-27T20:12:11+00:00","breadcrumb":{"@id":"https:\/\/compuviper.mx\/tienda\/politica-de-devolucion\/#breadcrumb"},"inLanguage":"es-MX","potentialAction":[{"@type":"ReadAction","target":["https:\/\/compuviper.mx\/tienda\/politica-de-devolucion\/"]}]},{"@type":"BreadcrumbList","@id":"https:\/\/compuviper.mx\/tienda\/politica-de-devolucion\/#breadcrumb","itemListElement":[{"@type":"ListItem","position":1,"name":"Inicio","item":"https:\/\/compuviper.mx\/tienda\/"},{"@type":"ListItem","position":2,"name":"Pol\u00edtica De Devoluci\u00f3n"}]},{"@type":"WebSite","@id":"https:\/\/compuviper.mx\/tienda\/#website","url":"https:\/\/compuviper.mx\/tienda\/","name":"Compuviper","description":"Proveedor de Computadoras, Laptops, Servidores, Monitores, Puntos de Venta, Teclados,   Impresoras, T\u00f3ner, C\u00e1maras de Seguridad y m\u00e1s en tu tienda en l\u00ednea","publisher":{"@id":"https:\/\/compuviper.mx\/tienda\/#organization"},"potentialAction":[{"@type":"SearchAction","target":{"@type":"EntryPoint","urlTemplate":"https:\/\/compuviper.mx\/tienda\/?s={search_term_string}"},"query-input":"required name=search_term_string"}],"inLanguage":"es-MX"},{"@type":"Organization","@id":"https:\/\/compuviper.mx\/tienda\/#organization","name":"Compuviper","url":"https:\/\/compuviper.mx\/tienda\/","logo":{"@type":"ImageObject","inLanguage":"es-MX","@id":"https:\/\/compuviper.mx\/tienda\/#\/schema\/logo\/image\/","url":"https:\/\/compuviper.mx\/tienda\/wp-content\/uploads\/2021\/08\/Logo-Compuviper-10.png","contentUrl":"https:\/\/compuviper.mx\/tienda\/wp-content\/uploads\/2021\/08\/Logo-Compuviper-10.png","width":1000,"height":500,"caption":"Compuviper"},"image":{"@id":"https:\/\/compuviper.mx\/tienda\/#\/schema\/logo\/image\/"},"sameAs":["https:\/\/www.facebook.com\/compuviper","https:\/\/www.youtube.com\/channel\/UCf73dERp9Y3cfOq7q8BhLjA?view_as=subscriber"]}]}},"_links":{"self":[{"href":"https:\/\/compuviper.mx\/tienda\/wp-json\/wp\/v2\/pages\/69882"}],"collection":[{"href":"https:\/\/compuviper.mx\/tienda\/wp-json\/wp\/v2\/pages"}],"about":[{"href":"https:\/\/compuviper.mx\/tienda\/wp-json\/wp\/v2\/types\/page"}],"author":[{"embeddable":true,"href":"https:\/\/compuviper.mx\/tienda\/wp-json\/wp\/v2\/users\/1"}],"replies":[{"embeddable":true,"href":"https:\/\/compuviper.mx\/tienda\/wp-json\/wp\/v2\/comments?post=69882"}],"version-history":[{"count":1,"href":"https:\/\/compuviper.mx\/tienda\/wp-json\/wp\/v2\/pages\/69882\/revisions"}],"predecessor-version":[{"id":159883,"href":"https:\/\/compuviper.mx\/tienda\/wp-json\/wp\/v2\/pages\/69882\/revisions\/159883"}],"wp:attachment":[{"href":"https:\/\/compuviper.mx\/tienda\/wp-json\/wp\/v2\/media?parent=69882"}],"curies":[{"name":"wp","href":"https:\/\/api.w.org\/{rel}","templated":true}]}}