{"id":132305,"date":"2021-06-22T18:05:07","date_gmt":"2021-06-22T23:05:07","guid":{"rendered":"https:\/\/compuviper.mx\/tienda\/?page_id=132305"},"modified":"2022-04-27T10:42:23","modified_gmt":"2022-04-27T15:42:23","slug":"acerca-de","status":"publish","type":"page","link":"https:\/\/compuviper.mx\/tienda\/acerca-de\/","title":{"rendered":"Acerca de"},"content":{"rendered":"\n<div class=\"nosotros\"><h2>Un poco acerca de nosotros<\/h2><p>Somos una empresa tecnol\u00f3gica apasionada en las Tecnolog\u00edas de la Informaci\u00f3n, quienes innovamos, ayudamos y asesoramos en el \u00e1rea de la computaci\u00f3n e inform\u00e1tica a personas y empresas. Contamos con un control estricto del seguimiento y planes de trabajo a la medida, coloc\u00e1ndonos siempre en los zapatos de nuestros clientes para que reciban un servicio personalizado de calidad.<\/p><\/div>\n\n\n\n<div style=\"height:120px\" aria-hidden=\"true\" class=\"wp-block-spacer\"><\/div>\n\n\n\n<h2 class=\"wp-block-heading\">Nuestros servicios<\/h2>\n\n\n\n<section>\n    <div class=\"services-grid\">\n        <!-- <div class=\"service service\">\n            <h4>Sistemas ERP y de punto de venta<\/h4>\n            <p>Somos consultores certificados. Microsip es un software hecho por mexicanos para empresas mexicanas con\n                34 a\u00f1os en el mercado y m\u00e1s de 55,000 empresas satisfechas. Es un sistema f\u00e1cil y robusto de implementar\n                en su empresa para tener el control total. Conoce el software con la funcionalidad que buscan las\n                grandes empresas, al precio que pagan las peque\u00f1as. En modalidades de Compra o Renta, con garant\u00eda de\n                satisfacci\u00f3n del 100%. Solicita una demostraci\u00f3n sin costo.<\/p>\n            <img loading=\"lazy\" decoding=\"async\" class=\"imgservices\" src=\"https:\/\/compuviper.mx\/tienda\/wp-content\/uploads\/2021\/06\/Punto-De-Venta.jpg\"\n                width=\"300\" height=\"200\">\n        <\/div> -->\n\n        <div class=\"service service\">\n            <h4>Venta y distribuci\u00f3n de equipo de computo<\/h4>\n            <p>Nos enfocamos a la comercializaci\u00f3n y distribuci\u00f3n de m\u00e1s de 8000 mil productos de tecnolog\u00eda, con\n                sucursales estrat\u00e9gicamente ubicadas en M\u00e9xico para tener la mayor cobertura y mejor tiempo de respuesta\n                a nuestros clientes. Contamos con el respaldo de m\u00e1s de 110 marcas dispuestas a brindarte asesor\u00eda para\n                cumplir tus proyectos desde muy sencillos y peque\u00f1os hasta proyectos grandes y desafiantes.<\/p>\n            <img loading=\"lazy\" decoding=\"async\" class=\"imgservices\"\n                src=\"https:\/\/compuviper.mx\/tienda\/wp-content\/uploads\/2021\/06\/Productos-de-tecnologia.jpg\" width=\"300\"\n                height=\"200\">\n        <\/div>\n    <\/div>\n\n    <!-- <div class=\"services-grid\">\n        <div class=\"service service\">\n            <h4>Instalaci\u00f3n de c\u00e1maras de seguridad<\/h4>\n            <p>Te ofrecemos asesor\u00eda, venta, mantenimiento e instalaci\u00f3n de sistemas de c\u00e1maras de seguridad CCTV que\n                pueden ser monitoreadas desde cualquier celular, televisi\u00f3n o computadora, solo contamos con las mejores\n                marcas, no las m\u00e1s caras. Tenemos desde c\u00e1maras para casa o negocio.<\/p>\n            <img loading=\"lazy\" decoding=\"async\" class=\"imgservices\"\n                src=\"https:\/\/compuviper.mx\/tienda\/wp-content\/uploads\/2021\/06\/Camaras-de-Seguridad.jpg\" width=\"300\"\n                height=\"200\">\n        <\/div>\n\n        <div class=\"service service\">\n            <h4>Desarrollo de Tiendas en L\u00ednea y P\u00e1ginas Web<\/h4>\n            <p>Te ayudamos con el desarrollo y dise\u00f1o de p\u00e1ginas web. Nuestro gremio profesional esta para ayudarte a\n                cumplir tu objetivo ya sea desde crear una Tienda en L\u00ednea para tus productos hasta el Dise\u00f1o de una\n                Aplicaci\u00f3n en la Web adaptable a cualquier dispositivo m\u00f3vil. Cualquiera que sea tu idea, nosotros te\n                explicamos paso a paso para que tengas \u00e9xito.<\/p>\n            <img loading=\"lazy\" decoding=\"async\" class=\"imgservices\" src=\"https:\/\/compuviper.mx\/tienda\/wp-content\/uploads\/2021\/06\/Programador.jpg\"\n                width=\"300\" height=\"200\">\n        <\/div>\n\n        <div class=\"service service\">\n\n            <h4>Soporte t\u00e9cnico de equipos de computo y servidores<\/h4>\n            <p>Contamos con un equipo profesional para brindar Soporte T\u00e9cnico a Computadoras ya sea en la reparaci\u00f3n,\n                asistencia t\u00e9cnica remota, asesor\u00eda en la adquisici\u00f3n de alg\u00fan sistema tecnol\u00f3gico, redes, servidores y\n                todo lo relacionado al soporte t\u00e9cnico a equipos de c\u00f3mputo.<\/p>\n            <img loading=\"lazy\" decoding=\"async\" class=\"imgservices\" src=\"https:\/\/compuviper.mx\/tienda\/wp-content\/uploads\/2021\/06\/Soporte-tecnico.jpg\"\n                width=\"300\" height=\"200\">\n        <\/div>\n    <\/div>\n\n    <div class=\"services-grid\">\n\n        <div class=\"service service\">\n            <h4>Campa\u00f1as de marketing digital<\/h4>\n            <p>Te ayudamos a crear una campa\u00f1a de publicidad en internet y redes sociales efectiva para alcanzar tus\n                metas. Ya sea incrementar tus ventas o difundir tu marca. En la actualidad el comercio electr\u00f3nico ha\n                alcanzado hechos hist\u00f3ricos en M\u00e9xico, te explicamos paso a paso para que cumplas tu objetivo\n                publicitario en Facebook e Instagram o Google.<\/p>\n            <img loading=\"lazy\" decoding=\"async\" class=\"imgservices\" src=\"https:\/\/compuviper.mx\/tienda\/wp-content\/uploads\/2021\/06\/Marketing-digital.jpg\"\n                width=\"300\" height=\"200\">\n        <\/div>\n\n        <div class=\"service service\">\n\n            <h4>Desarrollo de aplicaciones y consultor\u00eda<\/h4>\n            <p>Desarrollamos tus apps, ya sea para realizar m\u00e1s eficientemente tus procesos en tu empresa, plasmar tu\n                idea de negocio o cualquier otro objetivo que tengas en mente. Nuestra forma de trabajo nos permite\n                desarrollar aplicaciones de escritorio, web y para dispositivos m\u00f3viles para lograr un producto valioso\n                y alcanzable.<\/p>\n            <img loading=\"lazy\" decoding=\"async\" class=\"imgservices\" src=\"https:\/\/compuviper.mx\/tienda\/wp-content\/uploads\/2021\/06\/Programador.jpg\"\n                width=\"300\" height=\"200\">\n        <\/div>\n\n    <\/div> -->\n<\/section>\n\n\n\n<div style=\"height:120px\" aria-hidden=\"true\" class=\"wp-block-spacer\"><\/div>\n\n\n\n<h2 class=\"wp-block-heading\">\u00bfD\u00f3nde encuentras nuestras oficinas?<\/h2>\n\n\n\n<iframe src=\"https:\/\/www.google.com\/maps\/embed?pb=!1m18!1m12!1m3!1d3763.1382542052784!2d-99.16993638509072!3d19.40643154654569!2m3!1f0!2f0!3f0!3m2!1i1024!2i768!4f13.1!3m3!1m2!1s0x85d1ffcaea5439e9%3A0x8dc52c14f8e4f72c!2sCompuviper%20-%20Consultor%C3%ADa%20de%20TI%20en%20CDMX!5e0!3m2!1ses!2smx!4v1624405440675!5m2!1ses!2smx\" width=\"600\" height=\"450\" style=\"border:0;\" allowfullscreen=\"\" loading=\"lazy\"><\/iframe>\n\n\n\n<div style=\"height:120px\" aria-hidden=\"true\" class=\"wp-block-spacer\"><\/div>\n\n\n\n<div id=\"sucursales\"><h2 class=\"wp-block-heading\">Nuestros centros de distribuci\u00f3n para entrega de mercanc\u00eda<\/h2><\/div>\n\n\n\n<div class=\"wp-block-image\"><figure class=\"aligncenter size-large is-resized\"><a href=\"https:\/\/compuviper.mx\/tienda\/wp-content\/uploads\/2021\/06\/Mapa-de-distribucion-1.jpg\"><img loading=\"lazy\" decoding=\"async\" src=\"https:\/\/compuviper.mx\/tienda\/wp-content\/uploads\/2021\/06\/Mapa-de-distribucion-1.jpg\" alt=\"\" class=\"wp-image-132338\" width=\"473\" height=\"356\" srcset=\"https:\/\/compuviper.mx\/tienda\/wp-content\/uploads\/2021\/06\/Mapa-de-distribucion-1.jpg 630w, https:\/\/compuviper.mx\/tienda\/wp-content\/uploads\/2021\/06\/Mapa-de-distribucion-1-300x226.jpg 300w, https:\/\/compuviper.mx\/tienda\/wp-content\/uploads\/2021\/06\/Mapa-de-distribucion-1-416x314.jpg 416w\" sizes=\"(max-width: 473px) 100vw, 473px\" \/><\/a><\/figure><\/div>\n\n\n\n<ul class=\"sucursales\"><li>Acapulco<\/li><li>Aguascalientes<\/li><li>Campeche<\/li><li>Canc\u00fan<\/li><li>Chihuahua<\/li><li>Colima<\/li><li>Cuernavaca<\/li><li>Culiac\u00e1n<\/li><li>Durango<\/li><li>Guadalajara<\/li><li>Hermosillo<\/li><li>Le\u00f3n<\/li><li>M\u00e9rida<\/li><li>Monterrey<\/li><li>Morelia<\/li><li>Oaxaca<\/li><li>Pachuca<\/li><li>Puebla<\/li><li>Quer\u00e9taro<\/li><li>San Luis Potos\u00ed<\/li><li>Tampico<\/li><li>Tepic<\/li><li>Toluca<\/li><li>Torre\u00f3n<\/li><li>Tuxtla<\/li><li>Veracruz<\/li><li>Villahermosa<\/li><li>Zacatecas<\/li><\/ul>\n\n\n\n<div style=\"height:120px\" aria-hidden=\"true\" class=\"wp-block-spacer\"><\/div>\n\n\n\n<h2 class=\"wp-block-heading\">\u00bfTienes alguna duda? Escr\u00edbenos<\/h2>\n\n\n<form class=\"formulario\" method=\"post\" action=\"https:\/\/compuviper.mx\/tienda\/acerca-de\/\">\n    <div>\n        <label for=\"cf_name\">Nombre:<\/label>\n        <input type=\"text\" name=\"your_name\" id=\"cf_name\" size=\"50\" maxlength=\"50\" value=\"\" \/>\n    <\/div>\n    <div>\n        <label for=\"cf_email\">Correo electr\u00f3nico:<\/label>\n        <input type=\"text\" name=\"email\" id=\"cf_email\" size=\"50\" maxlength=\"50\" value=\"\" \/>\n    <\/div>\n    <div>\n        <label for=\"cf_subject\">Empresa:<\/label>\n        <input type=\"text\" name=\"subject\" id=\"cf_subject\" size=\"50\" maxlength=\"50\" value=\"\" \/>\n    <\/div>\n    <div>\n        <label for=\"cf_message\">Mensaje:<\/label>\n        <textarea rows=\"1\" name=\"message\" id=\"cf_message\" cols=\"50\" rows=\"15\"><\/textarea>\n\t<\/div>\n    <div>\n        <label class=\"checkbox\" for=\"newsletter\"><input type=\"checkbox\" id=\"newsletter\" name=\"newsletter\" value=\"true\" checked\/>Deseo recibir promociones, descuentos y m\u00e1s<\/label>\n    <\/div>\n    <div>\n\t\t<div class=\"g-recaptcha\" data-sitekey=\"6LeNfIMUAAAAAEMXh6iNtVDW5NSd-VMSoJhkB-jB\"><\/div>\n\t<\/div>\n    <div>\n        <input type=\"submit\" value=\"Enviar\" name=\"send\" id=\"cf_send\" \/>\n    <\/div>\n<\/form>\n","protected":false},"excerpt":{"rendered":"<p>Un poco acerca de nosotros Somos una empresa tecnol\u00f3gica apasionada en las Tecnolog\u00edas de la Informaci\u00f3n, quienes innovamos, ayudamos y asesoramos en el \u00e1rea de la computaci\u00f3n e inform\u00e1tica a personas y empresas. Contamos con un control estricto del seguimiento y planes de trabajo a la medida, coloc\u00e1ndonos siempre en los zapatos de nuestros clientes [&hellip;]<\/p>\n","protected":false},"author":1,"featured_media":0,"parent":0,"menu_order":0,"comment_status":"closed","ping_status":"closed","template":"","meta":{"footnotes":""},"acf":[],"yoast_head":"<!-- This site is optimized with the Yoast SEO plugin v21.7 - https:\/\/yoast.com\/wordpress\/plugins\/seo\/ -->\n<title>Acerca de - Compuviper<\/title>\n<meta name=\"robots\" content=\"index, follow, max-snippet:-1, max-image-preview:large, max-video-preview:-1\" \/>\n<link rel=\"canonical\" href=\"https:\/\/compuviper.mx\/tienda\/acerca-de\/\" \/>\n<meta property=\"og:locale\" content=\"es_MX\" \/>\n<meta property=\"og:type\" content=\"article\" \/>\n<meta property=\"og:title\" content=\"Acerca de - Compuviper\" \/>\n<meta property=\"og:description\" content=\"Un poco acerca de nosotros Somos una empresa tecnol\u00f3gica apasionada en las Tecnolog\u00edas de la Informaci\u00f3n, quienes innovamos, ayudamos y asesoramos en el \u00e1rea de la computaci\u00f3n e inform\u00e1tica a personas y empresas. Contamos con un control estricto del seguimiento y planes de trabajo a la medida, coloc\u00e1ndonos siempre en los zapatos de nuestros clientes [&hellip;]\" \/>\n<meta property=\"og:url\" content=\"https:\/\/compuviper.mx\/tienda\/acerca-de\/\" \/>\n<meta property=\"og:site_name\" content=\"Compuviper\" \/>\n<meta property=\"article:publisher\" content=\"https:\/\/www.facebook.com\/compuviper\" \/>\n<meta property=\"article:modified_time\" content=\"2022-04-27T15:42:23+00:00\" \/>\n<meta property=\"og:image\" content=\"https:\/\/compuviper.mx\/tienda\/wp-content\/uploads\/2021\/06\/Punto-De-Venta.jpg\" \/>\n<meta name=\"twitter:card\" content=\"summary_large_image\" \/>\n<meta name=\"twitter:label1\" content=\"Tiempo de lectura\" \/>\n\t<meta name=\"twitter:data1\" content=\"5 minutos\" \/>\n<script type=\"application\/ld+json\" class=\"yoast-schema-graph\">{\"@context\":\"https:\/\/schema.org\",\"@graph\":[{\"@type\":\"WebPage\",\"@id\":\"https:\/\/compuviper.mx\/tienda\/acerca-de\/\",\"url\":\"https:\/\/compuviper.mx\/tienda\/acerca-de\/\",\"name\":\"Acerca de - Compuviper\",\"isPartOf\":{\"@id\":\"https:\/\/compuviper.mx\/tienda\/#website\"},\"datePublished\":\"2021-06-22T23:05:07+00:00\",\"dateModified\":\"2022-04-27T15:42:23+00:00\",\"breadcrumb\":{\"@id\":\"https:\/\/compuviper.mx\/tienda\/acerca-de\/#breadcrumb\"},\"inLanguage\":\"es-MX\",\"potentialAction\":[{\"@type\":\"ReadAction\",\"target\":[\"https:\/\/compuviper.mx\/tienda\/acerca-de\/\"]}]},{\"@type\":\"BreadcrumbList\",\"@id\":\"https:\/\/compuviper.mx\/tienda\/acerca-de\/#breadcrumb\",\"itemListElement\":[{\"@type\":\"ListItem\",\"position\":1,\"name\":\"Inicio\",\"item\":\"https:\/\/compuviper.mx\/tienda\/\"},{\"@type\":\"ListItem\",\"position\":2,\"name\":\"Acerca de\"}]},{\"@type\":\"WebSite\",\"@id\":\"https:\/\/compuviper.mx\/tienda\/#website\",\"url\":\"https:\/\/compuviper.mx\/tienda\/\",\"name\":\"Compuviper\",\"description\":\"Proveedor de Computadoras, Laptops, Servidores, Monitores, Puntos de Venta, Teclados,   Impresoras, T\u00f3ner, C\u00e1maras de Seguridad y m\u00e1s en tu tienda en l\u00ednea\",\"publisher\":{\"@id\":\"https:\/\/compuviper.mx\/tienda\/#organization\"},\"potentialAction\":[{\"@type\":\"SearchAction\",\"target\":{\"@type\":\"EntryPoint\",\"urlTemplate\":\"https:\/\/compuviper.mx\/tienda\/?s={search_term_string}\"},\"query-input\":\"required name=search_term_string\"}],\"inLanguage\":\"es-MX\"},{\"@type\":\"Organization\",\"@id\":\"https:\/\/compuviper.mx\/tienda\/#organization\",\"name\":\"Compuviper\",\"url\":\"https:\/\/compuviper.mx\/tienda\/\",\"logo\":{\"@type\":\"ImageObject\",\"inLanguage\":\"es-MX\",\"@id\":\"https:\/\/compuviper.mx\/tienda\/#\/schema\/logo\/image\/\",\"url\":\"https:\/\/compuviper.mx\/tienda\/wp-content\/uploads\/2021\/08\/Logo-Compuviper-10.png\",\"contentUrl\":\"https:\/\/compuviper.mx\/tienda\/wp-content\/uploads\/2021\/08\/Logo-Compuviper-10.png\",\"width\":1000,\"height\":500,\"caption\":\"Compuviper\"},\"image\":{\"@id\":\"https:\/\/compuviper.mx\/tienda\/#\/schema\/logo\/image\/\"},\"sameAs\":[\"https:\/\/www.facebook.com\/compuviper\",\"https:\/\/www.youtube.com\/channel\/UCf73dERp9Y3cfOq7q8BhLjA?view_as=subscriber\"]}]}<\/script>\n<!-- \/ Yoast SEO plugin. -->","yoast_head_json":{"title":"Acerca de - Compuviper","robots":{"index":"index","follow":"follow","max-snippet":"max-snippet:-1","max-image-preview":"max-image-preview:large","max-video-preview":"max-video-preview:-1"},"canonical":"https:\/\/compuviper.mx\/tienda\/acerca-de\/","og_locale":"es_MX","og_type":"article","og_title":"Acerca de - Compuviper","og_description":"Un poco acerca de nosotros Somos una empresa tecnol\u00f3gica apasionada en las Tecnolog\u00edas de la Informaci\u00f3n, quienes innovamos, ayudamos y asesoramos en el \u00e1rea de la computaci\u00f3n e inform\u00e1tica a personas y empresas. Contamos con un control estricto del seguimiento y planes de trabajo a la medida, coloc\u00e1ndonos siempre en los zapatos de nuestros clientes [&hellip;]","og_url":"https:\/\/compuviper.mx\/tienda\/acerca-de\/","og_site_name":"Compuviper","article_publisher":"https:\/\/www.facebook.com\/compuviper","article_modified_time":"2022-04-27T15:42:23+00:00","og_image":[{"url":"https:\/\/compuviper.mx\/tienda\/wp-content\/uploads\/2021\/06\/Punto-De-Venta.jpg"}],"twitter_card":"summary_large_image","twitter_misc":{"Tiempo de lectura":"5 minutos"},"schema":{"@context":"https:\/\/schema.org","@graph":[{"@type":"WebPage","@id":"https:\/\/compuviper.mx\/tienda\/acerca-de\/","url":"https:\/\/compuviper.mx\/tienda\/acerca-de\/","name":"Acerca de - Compuviper","isPartOf":{"@id":"https:\/\/compuviper.mx\/tienda\/#website"},"datePublished":"2021-06-22T23:05:07+00:00","dateModified":"2022-04-27T15:42:23+00:00","breadcrumb":{"@id":"https:\/\/compuviper.mx\/tienda\/acerca-de\/#breadcrumb"},"inLanguage":"es-MX","potentialAction":[{"@type":"ReadAction","target":["https:\/\/compuviper.mx\/tienda\/acerca-de\/"]}]},{"@type":"BreadcrumbList","@id":"https:\/\/compuviper.mx\/tienda\/acerca-de\/#breadcrumb","itemListElement":[{"@type":"ListItem","position":1,"name":"Inicio","item":"https:\/\/compuviper.mx\/tienda\/"},{"@type":"ListItem","position":2,"name":"Acerca de"}]},{"@type":"WebSite","@id":"https:\/\/compuviper.mx\/tienda\/#website","url":"https:\/\/compuviper.mx\/tienda\/","name":"Compuviper","description":"Proveedor de Computadoras, Laptops, Servidores, Monitores, Puntos de Venta, Teclados,   Impresoras, T\u00f3ner, C\u00e1maras de Seguridad y m\u00e1s en tu tienda en l\u00ednea","publisher":{"@id":"https:\/\/compuviper.mx\/tienda\/#organization"},"potentialAction":[{"@type":"SearchAction","target":{"@type":"EntryPoint","urlTemplate":"https:\/\/compuviper.mx\/tienda\/?s={search_term_string}"},"query-input":"required name=search_term_string"}],"inLanguage":"es-MX"},{"@type":"Organization","@id":"https:\/\/compuviper.mx\/tienda\/#organization","name":"Compuviper","url":"https:\/\/compuviper.mx\/tienda\/","logo":{"@type":"ImageObject","inLanguage":"es-MX","@id":"https:\/\/compuviper.mx\/tienda\/#\/schema\/logo\/image\/","url":"https:\/\/compuviper.mx\/tienda\/wp-content\/uploads\/2021\/08\/Logo-Compuviper-10.png","contentUrl":"https:\/\/compuviper.mx\/tienda\/wp-content\/uploads\/2021\/08\/Logo-Compuviper-10.png","width":1000,"height":500,"caption":"Compuviper"},"image":{"@id":"https:\/\/compuviper.mx\/tienda\/#\/schema\/logo\/image\/"},"sameAs":["https:\/\/www.facebook.com\/compuviper","https:\/\/www.youtube.com\/channel\/UCf73dERp9Y3cfOq7q8BhLjA?view_as=subscriber"]}]}},"_links":{"self":[{"href":"https:\/\/compuviper.mx\/tienda\/wp-json\/wp\/v2\/pages\/132305"}],"collection":[{"href":"https:\/\/compuviper.mx\/tienda\/wp-json\/wp\/v2\/pages"}],"about":[{"href":"https:\/\/compuviper.mx\/tienda\/wp-json\/wp\/v2\/types\/page"}],"author":[{"embeddable":true,"href":"https:\/\/compuviper.mx\/tienda\/wp-json\/wp\/v2\/users\/1"}],"replies":[{"embeddable":true,"href":"https:\/\/compuviper.mx\/tienda\/wp-json\/wp\/v2\/comments?post=132305"}],"version-history":[{"count":0,"href":"https:\/\/compuviper.mx\/tienda\/wp-json\/wp\/v2\/pages\/132305\/revisions"}],"wp:attachment":[{"href":"https:\/\/compuviper.mx\/tienda\/wp-json\/wp\/v2\/media?parent=132305"}],"curies":[{"name":"wp","href":"https:\/\/api.w.org\/{rel}","templated":true}]}}